{"id":4707,"date":"2024-01-29T13:08:15","date_gmt":"2024-01-29T12:08:15","guid":{"rendered":"http:\/\/driftbastards.com\/?page_id=4707"},"modified":"2024-02-09T08:14:41","modified_gmt":"2024-02-09T07:14:41","slug":"impressum","status":"publish","type":"page","link":"https:\/\/driftbastards.com\/en\/impressum\/","title":{"rendered":"Imprint"},"content":{"rendered":"<h3 class=\"wp-block-heading\">Angaben gem\u00e4\u00df den gesetzlichen Anforderungen:<\/h3>\n\n\n\n<p><strong>Name des Vereines:<\/strong><br>DriftBastards.ch<br><br><strong>Anschrift:<br><\/strong>Musterplatzstrasse 10<br>9442 Berneck<br>Schweiz<\/p>\n\n\n\n<p>Kontakt:<br>E-Mail: info@driftbastards.com<\/p>\n\n\n\n<p>Vertretungsberechtigte Person:<br>Janick Sieber<\/p>\n\n\n\n<p>Verantwortlich f\u00fcr den Inhalt (gem. \u00a7 55 Abs. 2 RStV):<br>Team DriftBastards<\/p>\n\n\n\n<p>Haftungshinweis:<br>Trotz sorgf\u00e4ltiger inhaltlicher Kontrolle \u00fcbernehmen wir keine Haftung f\u00fcr die Inhalte externer Links. F\u00fcr den Inhalt der verlinkten Seiten sind ausschlie\u00dflich deren Betreiber verantwortlich.<\/p>\n\n\n\n<p>Urheberrechte:<br>Die durch die Seitenbetreiber erstellten Inhalte und Werke auf diesen Seiten unterliegen dem schweizerischen Urheberrecht. Die Vervielf\u00e4ltigung, Bearbeitung, Verbreitung und jede Art der Verwertung au\u00dferhalb der Grenzen des Urheberrechtes bed\u00fcrfen der schriftlichen Zustimmung des jeweiligen Autors bzw. Erstellers.<\/p>\n\n\n\n<p>Datenschutz:<br>F\u00fcr Details zum Datenschutz verweisen wir auf unsere <a href=\"http:\/\/driftbastards.com\/en\/datenschutzerklaerung\/\" data-type=\"page\" data-id=\"3\">Privacy Policy<\/a>.<\/p>\n\n\n\n<p><\/p>","protected":false},"excerpt":{"rendered":"<p>Angaben gem\u00e4\u00df den gesetzlichen Anforderungen: Name des Vereines:DriftBastards.ch Anschrift:Musterplatzstrasse 109442<\/p>","protected":false},"author":2,"featured_media":0,"parent":0,"menu_order":0,"comment_status":"closed","ping_status":"open","template":"","meta":{"_acf_changed":false,"site-sidebar-layout":"default","site-content-layout":"","ast-site-content-layout":"","site-content-style":"default","site-sidebar-style":"default","ast-global-header-display":"","ast-banner-title-visibility":"","ast-main-header-display":"","ast-hfb-above-header-display":"","ast-hfb-below-header-display":"","ast-hfb-mobile-header-display":"","site-post-title":"","ast-breadcrumbs-content":"","ast-featured-img":"","footer-sml-layout":"","theme-transparent-header-meta":"","adv-header-id-meta":"","stick-header-meta":"","header-above-stick-meta":"","header-main-stick-meta":"","header-below-stick-meta":"","astra-migrate-meta-layouts":"default","ast-page-background-enabled":"default","ast-page-background-meta":{"desktop":{"background-color":"var(--ast-global-color-4)","background-image":"","background-repeat":"repeat","background-position":"center center","background-size":"auto","background-attachment":"scroll","background-type":"","background-media":"","overlay-type":"","overlay-color":"","overlay-opacity":"","overlay-gradient":""},"tablet":{"background-color":"","background-image":"","background-repeat":"repeat","background-position":"center center","background-size":"auto","background-attachment":"scroll","background-type":"","background-media":"","overlay-type":"","overlay-color":"","overlay-opacity":"","overlay-gradient":""},"mobile":{"background-color":"","background-image":"","background-repeat":"repeat","background-position":"center center","background-size":"auto","background-attachment":"scroll","background-type":"","background-media":"","overlay-type":"","overlay-color":"","overlay-opacity":"","overlay-gradient":""}},"ast-content-background-meta":{"desktop":{"background-color":"var(--ast-global-color-5)","background-image":"","background-repeat":"repeat","background-position":"center center","background-size":"auto","background-attachment":"scroll","background-type":"","background-media":"","overlay-type":"","overlay-color":"","overlay-opacity":"","overlay-gradient":""},"tablet":{"background-color":"var(--ast-global-color-5)","background-image":"","background-repeat":"repeat","background-position":"center center","background-size":"auto","background-attachment":"scroll","background-type":"","background-media":"","overlay-type":"","overlay-color":"","overlay-opacity":"","overlay-gradient":""},"mobile":{"background-color":"var(--ast-global-color-5)","background-image":"","background-repeat":"repeat","background-position":"center center","background-size":"auto","background-attachment":"scroll","background-type":"","background-media":"","overlay-type":"","overlay-color":"","overlay-opacity":"","overlay-gradient":""}},"footnotes":""},"folder":[],"class_list":["post-4707","page","type-page","status-publish","hentry"],"acf":[],"yoast_head":"<!-- This site is optimized with the Yoast SEO plugin v26.8 - https:\/\/yoast.com\/product\/yoast-seo-wordpress\/ -->\n<title>Impressum - DriftBastards<\/title>\n<meta name=\"robots\" content=\"index, follow, max-snippet:-1, max-image-preview:large, max-video-preview:-1\" \/>\n<link rel=\"canonical\" href=\"https:\/\/driftbastards.com\/en\/impressum\/\" \/>\n<meta property=\"og:locale\" content=\"en_US\" \/>\n<meta property=\"og:type\" content=\"article\" \/>\n<meta property=\"og:title\" content=\"Impressum - DriftBastards\" \/>\n<meta property=\"og:description\" content=\"Angaben gem\u00e4\u00df den gesetzlichen Anforderungen: Name des Vereines:DriftBastards.ch Anschrift:Musterplatzstrasse 109442\" \/>\n<meta property=\"og:url\" content=\"https:\/\/driftbastards.com\/en\/impressum\/\" \/>\n<meta property=\"og:site_name\" content=\"DriftBastards\" \/>\n<meta property=\"article:publisher\" content=\"https:\/\/www.facebook.com\/driftbastards\/\" \/>\n<meta property=\"article:modified_time\" content=\"2024-02-09T07:14:41+00:00\" \/>\n<meta name=\"twitter:card\" content=\"summary_large_image\" \/>\n<meta name=\"twitter:label1\" content=\"Est. reading time\" \/>\n\t<meta name=\"twitter:data1\" content=\"1 minute\" \/>\n<script type=\"application\/ld+json\" class=\"yoast-schema-graph\">{\"@context\":\"https:\/\/schema.org\",\"@graph\":[{\"@type\":\"WebPage\",\"@id\":\"https:\/\/driftbastards.com\/impressum\/\",\"url\":\"https:\/\/driftbastards.com\/impressum\/\",\"name\":\"Impressum - DriftBastards\",\"isPartOf\":{\"@id\":\"https:\/\/driftbastards.com\/#website\"},\"datePublished\":\"2024-01-29T12:08:15+00:00\",\"dateModified\":\"2024-02-09T07:14:41+00:00\",\"breadcrumb\":{\"@id\":\"https:\/\/driftbastards.com\/impressum\/#breadcrumb\"},\"inLanguage\":\"en-US\",\"potentialAction\":[{\"@type\":\"ReadAction\",\"target\":[\"https:\/\/driftbastards.com\/impressum\/\"]}]},{\"@type\":\"BreadcrumbList\",\"@id\":\"https:\/\/driftbastards.com\/impressum\/#breadcrumb\",\"itemListElement\":[{\"@type\":\"ListItem\",\"position\":1,\"name\":\"Startseite\",\"item\":\"https:\/\/driftbastards.com\/\"},{\"@type\":\"ListItem\",\"position\":2,\"name\":\"Impressum\"}]},{\"@type\":\"WebSite\",\"@id\":\"https:\/\/driftbastards.com\/#website\",\"url\":\"https:\/\/driftbastards.com\/\",\"name\":\"DriftBastards\",\"description\":\"Das verr\u00fcckteste DriftTeam der Schweiz\",\"publisher\":{\"@id\":\"https:\/\/driftbastards.com\/#organization\"},\"potentialAction\":[{\"@type\":\"SearchAction\",\"target\":{\"@type\":\"EntryPoint\",\"urlTemplate\":\"https:\/\/driftbastards.com\/?s={search_term_string}\"},\"query-input\":{\"@type\":\"PropertyValueSpecification\",\"valueRequired\":true,\"valueName\":\"search_term_string\"}}],\"inLanguage\":\"en-US\"},{\"@type\":\"Organization\",\"@id\":\"https:\/\/driftbastards.com\/#organization\",\"name\":\"DriftBastards\",\"url\":\"https:\/\/driftbastards.com\/\",\"logo\":{\"@type\":\"ImageObject\",\"inLanguage\":\"en-US\",\"@id\":\"https:\/\/driftbastards.com\/#\/schema\/logo\/image\/\",\"url\":\"https:\/\/driftbastards.com\/wp-content\/uploads\/2023\/12\/cropped-driftbastardslogo-red.webp\",\"contentUrl\":\"https:\/\/driftbastards.com\/wp-content\/uploads\/2023\/12\/cropped-driftbastardslogo-red.webp\",\"width\":217,\"height\":100,\"caption\":\"DriftBastards\"},\"image\":{\"@id\":\"https:\/\/driftbastards.com\/#\/schema\/logo\/image\/\"},\"sameAs\":[\"https:\/\/www.facebook.com\/driftbastards\/\",\"https:\/\/www.instagram.com\/driftbastards.ch\/\",\"https:\/\/www.youtube.com\/@DomenikZiiba\"]}]}<\/script>\n<!-- \/ Yoast SEO plugin. -->","yoast_head_json":{"title":"Impressum - DriftBastards","robots":{"index":"index","follow":"follow","max-snippet":"max-snippet:-1","max-image-preview":"max-image-preview:large","max-video-preview":"max-video-preview:-1"},"canonical":"https:\/\/driftbastards.com\/en\/impressum\/","og_locale":"en_US","og_type":"article","og_title":"Impressum - DriftBastards","og_description":"Angaben gem\u00e4\u00df den gesetzlichen Anforderungen: Name des Vereines:DriftBastards.ch Anschrift:Musterplatzstrasse 109442","og_url":"https:\/\/driftbastards.com\/en\/impressum\/","og_site_name":"DriftBastards","article_publisher":"https:\/\/www.facebook.com\/driftbastards\/","article_modified_time":"2024-02-09T07:14:41+00:00","twitter_card":"summary_large_image","twitter_misc":{"Est. reading time":"1 minute"},"schema":{"@context":"https:\/\/schema.org","@graph":[{"@type":"WebPage","@id":"https:\/\/driftbastards.com\/impressum\/","url":"https:\/\/driftbastards.com\/impressum\/","name":"Impressum - DriftBastards","isPartOf":{"@id":"https:\/\/driftbastards.com\/#website"},"datePublished":"2024-01-29T12:08:15+00:00","dateModified":"2024-02-09T07:14:41+00:00","breadcrumb":{"@id":"https:\/\/driftbastards.com\/impressum\/#breadcrumb"},"inLanguage":"en-US","potentialAction":[{"@type":"ReadAction","target":["https:\/\/driftbastards.com\/impressum\/"]}]},{"@type":"BreadcrumbList","@id":"https:\/\/driftbastards.com\/impressum\/#breadcrumb","itemListElement":[{"@type":"ListItem","position":1,"name":"Startseite","item":"https:\/\/driftbastards.com\/"},{"@type":"ListItem","position":2,"name":"Impressum"}]},{"@type":"WebSite","@id":"https:\/\/driftbastards.com\/#website","url":"https:\/\/driftbastards.com\/","name":"DriftBastards","description":"Das verr\u00fcckteste DriftTeam der Schweiz","publisher":{"@id":"https:\/\/driftbastards.com\/#organization"},"potentialAction":[{"@type":"SearchAction","target":{"@type":"EntryPoint","urlTemplate":"https:\/\/driftbastards.com\/?s={search_term_string}"},"query-input":{"@type":"PropertyValueSpecification","valueRequired":true,"valueName":"search_term_string"}}],"inLanguage":"en-US"},{"@type":"Organization","@id":"https:\/\/driftbastards.com\/#organization","name":"DriftBastards","url":"https:\/\/driftbastards.com\/","logo":{"@type":"ImageObject","inLanguage":"en-US","@id":"https:\/\/driftbastards.com\/#\/schema\/logo\/image\/","url":"https:\/\/driftbastards.com\/wp-content\/uploads\/2023\/12\/cropped-driftbastardslogo-red.webp","contentUrl":"https:\/\/driftbastards.com\/wp-content\/uploads\/2023\/12\/cropped-driftbastardslogo-red.webp","width":217,"height":100,"caption":"DriftBastards"},"image":{"@id":"https:\/\/driftbastards.com\/#\/schema\/logo\/image\/"},"sameAs":["https:\/\/www.facebook.com\/driftbastards\/","https:\/\/www.instagram.com\/driftbastards.ch\/","https:\/\/www.youtube.com\/@DomenikZiiba"]}]}},"jetpack_sharing_enabled":true,"jetpack-related-posts":[{"id":10,"url":"https:\/\/driftbastards.com\/en\/rueckerstattung_rueckgaben\/","url_meta":{"origin":4707,"position":0},"title":"Richtlinie f\u00fcr R\u00fcckerstattungen und R\u00fcckgaben","author":"driftbastards.com","date":"29. December 2023","format":false,"excerpt":"This is a sample page. Overview Our refund and returns policy lasts 30 days. If 30 days have passed since your purchase, we can\u2019t offer you a full refund or exchange. To be eligible for a return, your item must be unused and in the same condition that you received\u2026","rel":"","context":"Similar post","block_context":{"text":"Similar post","link":""},"img":{"alt_text":"","src":"","width":0,"height":0},"classes":[]}],"_links":{"self":[{"href":"https:\/\/driftbastards.com\/en\/wp-json\/wp\/v2\/pages\/4707","targetHints":{"allow":["GET"]}}],"collection":[{"href":"https:\/\/driftbastards.com\/en\/wp-json\/wp\/v2\/pages"}],"about":[{"href":"https:\/\/driftbastards.com\/en\/wp-json\/wp\/v2\/types\/page"}],"author":[{"embeddable":true,"href":"https:\/\/driftbastards.com\/en\/wp-json\/wp\/v2\/users\/2"}],"replies":[{"embeddable":true,"href":"https:\/\/driftbastards.com\/en\/wp-json\/wp\/v2\/comments?post=4707"}],"version-history":[{"count":3,"href":"https:\/\/driftbastards.com\/en\/wp-json\/wp\/v2\/pages\/4707\/revisions"}],"predecessor-version":[{"id":4826,"href":"https:\/\/driftbastards.com\/en\/wp-json\/wp\/v2\/pages\/4707\/revisions\/4826"}],"wp:attachment":[{"href":"https:\/\/driftbastards.com\/en\/wp-json\/wp\/v2\/media?parent=4707"}],"wp:term":[{"taxonomy":"folder","embeddable":true,"href":"https:\/\/driftbastards.com\/en\/wp-json\/wp\/v2\/folder?post=4707"}],"curies":[{"name":"wp","href":"https:\/\/api.w.org\/{rel}","templated":true}]}}