{"id":6994,"date":"2024-09-25T08:37:49","date_gmt":"2024-09-25T06:37:49","guid":{"rendered":"https:\/\/driftbastards.com\/?page_id=6994"},"modified":"2024-09-25T08:38:32","modified_gmt":"2024-09-25T06:38:32","slug":"rueckerstattungsrichtlinie","status":"publish","type":"page","link":"https:\/\/driftbastards.com\/en\/rueckerstattungsrichtlinie\/","title":{"rendered":"Refund Policy"},"content":{"rendered":"<div data-elementor-type=\"wp-page\" data-elementor-id=\"6994\" class=\"elementor elementor-6994\" data-elementor-post-type=\"page\">\n\t\t\t\t<div class=\"elementor-element elementor-element-b3ee824 e-flex e-con-boxed wpr-particle-no wpr-jarallax-no wpr-parallax-no wpr-sticky-section-no wpr-equal-height-no e-con e-parent\" data-id=\"b3ee824\" data-element_type=\"container\" data-e-type=\"container\">\n\t\t\t\t\t<div class=\"e-con-inner\">\n\t\t\t\t<div class=\"elementor-element elementor-element-2e0ed61 elementor-widget elementor-widget-text-editor\" data-id=\"2e0ed61\" data-element_type=\"widget\" data-e-type=\"widget\" data-widget_type=\"text-editor.default\">\n\t\t\t\t<div class=\"elementor-widget-container\">\n\t\t\t\t\t\t\t\t\t<h3><strong>Refund Policy<\/strong><\/h3><p>We value our customers' satisfaction and offer the following refund policy if a product does not meet your expectations:<\/p><ol><li><p><strong>Refund Requests<\/strong><br \/>To request a refund, you must contact us within 14 days of receiving the product. Please include your order number and the reason for the return in your request.<\/p><\/li><li><p><strong>Conditions for Refunds<\/strong><br \/>Refunds will be granted under the following conditions:<\/p><ul><li>The product is in unused and undamaged condition.<\/li><li>The product is returned in its original packaging.<\/li><li>You provide the purchase receipt or order confirmation.<\/li><\/ul><\/li><li><p><strong>Exclusions<\/strong><br \/>Refunds cannot be granted for the following products and services:<\/p><ul><li>Personalized or custom-made products.<\/li><li>Digital products that have already been downloaded or used.<\/li><li>Services that have been fully provided.<\/li><\/ul><\/li><li><p><strong>Return Shipping<\/strong><br \/>The customer is responsible for the cost of return shipping unless the product is faulty or damaged. We recommend using a trackable shipping service or purchasing shipping insurance.<\/p><\/li><li><p><strong>Processing of Refunds<\/strong><br \/>After receiving and inspecting the returned product, we will notify you of the approval or rejection of your refund. If approved, the refund will be processed to the original payment method within 14 days.<\/p><\/li><li><p><strong>Contact<\/strong><br \/>For further information regarding refunds, please contact us:<br \/>Email <a rel=\"noopener\">driftbastards@gmail.com<\/a><br \/>Address: Musterplatzstrasse 10, 9442 Berneck, Switzerland.<\/p><\/li><\/ol>\t\t\t\t\t\t\t\t<\/div>\n\t\t\t\t<\/div>\n\t\t\t\t\t<\/div>\n\t\t\t\t<\/div>\n\t\t\t\t<\/div>","protected":false},"excerpt":{"rendered":"<p>R\u00fcckerstattungsrichtlinie Wir legen gro\u00dfen Wert auf die Zufriedenheit unserer Kunden.<\/p>","protected":false},"author":1,"featured_media":0,"parent":0,"menu_order":0,"comment_status":"closed","ping_status":"closed","template":"","meta":{"_acf_changed":false,"site-sidebar-layout":"no-sidebar","site-content-layout":"","ast-site-content-layout":"full-width-container","site-content-style":"default","site-sidebar-style":"default","ast-global-header-display":"","ast-banner-title-visibility":"","ast-main-header-display":"","ast-hfb-above-header-display":"","ast-hfb-below-header-display":"","ast-hfb-mobile-header-display":"","site-post-title":"disabled","ast-breadcrumbs-content":"","ast-featured-img":"disabled","footer-sml-layout":"","theme-transparent-header-meta":"","adv-header-id-meta":"","stick-header-meta":"","header-above-stick-meta":"","header-main-stick-meta":"","header-below-stick-meta":"","astra-migrate-meta-layouts":"default","ast-page-background-enabled":"default","ast-page-background-meta":{"desktop":{"background-color":"var(--ast-global-color-4)","background-image":"","background-repeat":"repeat","background-position":"center center","background-size":"auto","background-attachment":"scroll","background-type":"","background-media":"","overlay-type":"","overlay-color":"","overlay-opacity":"","overlay-gradient":""},"tablet":{"background-color":"","background-image":"","background-repeat":"repeat","background-position":"center center","background-size":"auto","background-attachment":"scroll","background-type":"","background-media":"","overlay-type":"","overlay-color":"","overlay-opacity":"","overlay-gradient":""},"mobile":{"background-color":"","background-image":"","background-repeat":"repeat","background-position":"center center","background-size":"auto","background-attachment":"scroll","background-type":"","background-media":"","overlay-type":"","overlay-color":"","overlay-opacity":"","overlay-gradient":""}},"ast-content-background-meta":{"desktop":{"background-color":"var(--ast-global-color-5)","background-image":"","background-repeat":"repeat","background-position":"center center","background-size":"auto","background-attachment":"scroll","background-type":"","background-media":"","overlay-type":"","overlay-color":"","overlay-opacity":"","overlay-gradient":""},"tablet":{"background-color":"var(--ast-global-color-5)","background-image":"","background-repeat":"repeat","background-position":"center center","background-size":"auto","background-attachment":"scroll","background-type":"","background-media":"","overlay-type":"","overlay-color":"","overlay-opacity":"","overlay-gradient":""},"mobile":{"background-color":"var(--ast-global-color-5)","background-image":"","background-repeat":"repeat","background-position":"center center","background-size":"auto","background-attachment":"scroll","background-type":"","background-media":"","overlay-type":"","overlay-color":"","overlay-opacity":"","overlay-gradient":""}},"footnotes":""},"folder":[],"class_list":["post-6994","page","type-page","status-publish","hentry"],"acf":[],"yoast_head":"<!-- This site is optimized with the Yoast SEO plugin v27.4 - https:\/\/yoast.com\/product\/yoast-seo-wordpress\/ -->\n<title>R\u00fcckerstattungsrichtlinie - DriftBastards<\/title>\n<meta name=\"robots\" content=\"index, follow, max-snippet:-1, max-image-preview:large, max-video-preview:-1\" \/>\n<link rel=\"canonical\" href=\"https:\/\/driftbastards.com\/en\/rueckerstattungsrichtlinie\/\" \/>\n<meta property=\"og:locale\" content=\"en_US\" \/>\n<meta property=\"og:type\" content=\"article\" \/>\n<meta property=\"og:title\" content=\"R\u00fcckerstattungsrichtlinie - DriftBastards\" \/>\n<meta property=\"og:description\" content=\"R\u00fcckerstattungsrichtlinie Wir legen gro\u00dfen Wert auf die Zufriedenheit unserer Kunden.\" \/>\n<meta property=\"og:url\" content=\"https:\/\/driftbastards.com\/en\/rueckerstattungsrichtlinie\/\" \/>\n<meta property=\"og:site_name\" content=\"DriftBastards\" \/>\n<meta property=\"article:publisher\" content=\"https:\/\/www.facebook.com\/driftbastards\/\" \/>\n<meta property=\"article:modified_time\" content=\"2024-09-25T06:38:32+00:00\" \/>\n<meta name=\"twitter:card\" content=\"summary_large_image\" \/>\n<meta name=\"twitter:label1\" content=\"Est. reading time\" \/>\n\t<meta name=\"twitter:data1\" content=\"2 minutes\" \/>\n<script type=\"application\/ld+json\" class=\"yoast-schema-graph\">{\"@context\":\"https:\\\/\\\/schema.org\",\"@graph\":[{\"@type\":\"WebPage\",\"@id\":\"https:\\\/\\\/driftbastards.com\\\/rueckerstattungsrichtlinie\\\/\",\"url\":\"https:\\\/\\\/driftbastards.com\\\/rueckerstattungsrichtlinie\\\/\",\"name\":\"R\u00fcckerstattungsrichtlinie - DriftBastards\",\"isPartOf\":{\"@id\":\"https:\\\/\\\/driftbastards.com\\\/#website\"},\"datePublished\":\"2024-09-25T06:37:49+00:00\",\"dateModified\":\"2024-09-25T06:38:32+00:00\",\"breadcrumb\":{\"@id\":\"https:\\\/\\\/driftbastards.com\\\/rueckerstattungsrichtlinie\\\/#breadcrumb\"},\"inLanguage\":\"en-US\",\"potentialAction\":[{\"@type\":\"ReadAction\",\"target\":[\"https:\\\/\\\/driftbastards.com\\\/rueckerstattungsrichtlinie\\\/\"]}]},{\"@type\":\"BreadcrumbList\",\"@id\":\"https:\\\/\\\/driftbastards.com\\\/rueckerstattungsrichtlinie\\\/#breadcrumb\",\"itemListElement\":[{\"@type\":\"ListItem\",\"position\":1,\"name\":\"Startseite\",\"item\":\"https:\\\/\\\/driftbastards.com\\\/\"},{\"@type\":\"ListItem\",\"position\":2,\"name\":\"R\u00fcckerstattungsrichtlinie\"}]},{\"@type\":\"WebSite\",\"@id\":\"https:\\\/\\\/driftbastards.com\\\/#website\",\"url\":\"https:\\\/\\\/driftbastards.com\\\/\",\"name\":\"DriftBastards\",\"description\":\"Das verr\u00fcckteste DriftTeam der Schweiz\",\"publisher\":{\"@id\":\"https:\\\/\\\/driftbastards.com\\\/#organization\"},\"potentialAction\":[{\"@type\":\"SearchAction\",\"target\":{\"@type\":\"EntryPoint\",\"urlTemplate\":\"https:\\\/\\\/driftbastards.com\\\/?s={search_term_string}\"},\"query-input\":{\"@type\":\"PropertyValueSpecification\",\"valueRequired\":true,\"valueName\":\"search_term_string\"}}],\"inLanguage\":\"en-US\"},{\"@type\":\"Organization\",\"@id\":\"https:\\\/\\\/driftbastards.com\\\/#organization\",\"name\":\"DriftBastards\",\"url\":\"https:\\\/\\\/driftbastards.com\\\/\",\"logo\":{\"@type\":\"ImageObject\",\"inLanguage\":\"en-US\",\"@id\":\"https:\\\/\\\/driftbastards.com\\\/#\\\/schema\\\/logo\\\/image\\\/\",\"url\":\"https:\\\/\\\/driftbastards.com\\\/wp-content\\\/uploads\\\/2023\\\/12\\\/cropped-driftbastardslogo-red.webp\",\"contentUrl\":\"https:\\\/\\\/driftbastards.com\\\/wp-content\\\/uploads\\\/2023\\\/12\\\/cropped-driftbastardslogo-red.webp\",\"width\":217,\"height\":100,\"caption\":\"DriftBastards\"},\"image\":{\"@id\":\"https:\\\/\\\/driftbastards.com\\\/#\\\/schema\\\/logo\\\/image\\\/\"},\"sameAs\":[\"https:\\\/\\\/www.facebook.com\\\/driftbastards\\\/\",\"https:\\\/\\\/www.instagram.com\\\/driftbastards.ch\\\/\",\"https:\\\/\\\/www.youtube.com\\\/@DomenikZiiba\"]}]}<\/script>\n<!-- \/ Yoast SEO plugin. -->","yoast_head_json":{"title":"R\u00fcckerstattungsrichtlinie - DriftBastards","robots":{"index":"index","follow":"follow","max-snippet":"max-snippet:-1","max-image-preview":"max-image-preview:large","max-video-preview":"max-video-preview:-1"},"canonical":"https:\/\/driftbastards.com\/en\/rueckerstattungsrichtlinie\/","og_locale":"en_US","og_type":"article","og_title":"R\u00fcckerstattungsrichtlinie - DriftBastards","og_description":"R\u00fcckerstattungsrichtlinie Wir legen gro\u00dfen Wert auf die Zufriedenheit unserer Kunden.","og_url":"https:\/\/driftbastards.com\/en\/rueckerstattungsrichtlinie\/","og_site_name":"DriftBastards","article_publisher":"https:\/\/www.facebook.com\/driftbastards\/","article_modified_time":"2024-09-25T06:38:32+00:00","twitter_card":"summary_large_image","twitter_misc":{"Est. reading time":"2 minutes"},"schema":{"@context":"https:\/\/schema.org","@graph":[{"@type":"WebPage","@id":"https:\/\/driftbastards.com\/rueckerstattungsrichtlinie\/","url":"https:\/\/driftbastards.com\/rueckerstattungsrichtlinie\/","name":"R\u00fcckerstattungsrichtlinie - DriftBastards","isPartOf":{"@id":"https:\/\/driftbastards.com\/#website"},"datePublished":"2024-09-25T06:37:49+00:00","dateModified":"2024-09-25T06:38:32+00:00","breadcrumb":{"@id":"https:\/\/driftbastards.com\/rueckerstattungsrichtlinie\/#breadcrumb"},"inLanguage":"en-US","potentialAction":[{"@type":"ReadAction","target":["https:\/\/driftbastards.com\/rueckerstattungsrichtlinie\/"]}]},{"@type":"BreadcrumbList","@id":"https:\/\/driftbastards.com\/rueckerstattungsrichtlinie\/#breadcrumb","itemListElement":[{"@type":"ListItem","position":1,"name":"Startseite","item":"https:\/\/driftbastards.com\/"},{"@type":"ListItem","position":2,"name":"R\u00fcckerstattungsrichtlinie"}]},{"@type":"WebSite","@id":"https:\/\/driftbastards.com\/#website","url":"https:\/\/driftbastards.com\/","name":"DriftBastards","description":"Das verr\u00fcckteste DriftTeam der Schweiz","publisher":{"@id":"https:\/\/driftbastards.com\/#organization"},"potentialAction":[{"@type":"SearchAction","target":{"@type":"EntryPoint","urlTemplate":"https:\/\/driftbastards.com\/?s={search_term_string}"},"query-input":{"@type":"PropertyValueSpecification","valueRequired":true,"valueName":"search_term_string"}}],"inLanguage":"en-US"},{"@type":"Organization","@id":"https:\/\/driftbastards.com\/#organization","name":"DriftBastards","url":"https:\/\/driftbastards.com\/","logo":{"@type":"ImageObject","inLanguage":"en-US","@id":"https:\/\/driftbastards.com\/#\/schema\/logo\/image\/","url":"https:\/\/driftbastards.com\/wp-content\/uploads\/2023\/12\/cropped-driftbastardslogo-red.webp","contentUrl":"https:\/\/driftbastards.com\/wp-content\/uploads\/2023\/12\/cropped-driftbastardslogo-red.webp","width":217,"height":100,"caption":"DriftBastards"},"image":{"@id":"https:\/\/driftbastards.com\/#\/schema\/logo\/image\/"},"sameAs":["https:\/\/www.facebook.com\/driftbastards\/","https:\/\/www.instagram.com\/driftbastards.ch\/","https:\/\/www.youtube.com\/@DomenikZiiba"]}]}},"jetpack_sharing_enabled":true,"jetpack-related-posts":[{"id":58,"url":"https:\/\/driftbastards.com\/en\/","url_meta":{"origin":6994,"position":0},"title":"Home","author":"DriftBastards","date":"6. November 2023","format":false,"excerpt":"Das verr\u00fcckteste Drift-Team der Schweiz Sponsor werden Jetzt Einkaufen Introvideo Abspielen Wir sind DriftBastards Das wohl verr\u00fcckteste Drift Team der Schweiz! ( GANZ SICHER! ) Wir Driften seit Jahren Renato, Alexander, Michi sowie die Br\u00fcder Janick und Domenik trafen sich zuerst bei Tuning-Events, die jedoch bald ihren Reiz f\u00fcr sie\u2026","rel":"","context":"Similar post","block_context":{"text":"Similar post","link":""},"img":{"alt_text":"","src":"https:\/\/i0.wp.com\/driftbastards.com\/wp-content\/uploads\/2024\/01\/driftbastardsfav.webp?resize=350%2C200&ssl=1","width":350,"height":200},"classes":[]},{"id":3,"url":"https:\/\/driftbastards.com\/en\/datenschutzerklaerung\/","url_meta":{"origin":6994,"position":1},"title":"Privacy Policy","author":"driftbastards.com","date":"3. November 2023","format":false,"excerpt":"Wir, das Team von \"Drift Bastards\", nehmen den Schutz Ihrer personenbezogenen Daten ernst. Nachfolgend m\u00f6chten wir Sie dar\u00fcber informieren, welche Daten wir auf unserer Webseite und in unserem Webshop sammeln und wie wir diese Daten verwenden: 1. Erhebung und Verwendung von Daten Wir sammeln und verwenden personenbezogene Daten ausschlie\u00dflich f\u00fcr\u2026","rel":"","context":"Similar post","block_context":{"text":"Similar post","link":""},"img":{"alt_text":"","src":"","width":0,"height":0},"classes":[]},{"id":10,"url":"https:\/\/driftbastards.com\/en\/rueckerstattung_rueckgaben\/","url_meta":{"origin":6994,"position":2},"title":"Richtlinie f\u00fcr R\u00fcckerstattungen und R\u00fcckgaben","author":"driftbastards.com","date":"29. December 2023","format":false,"excerpt":"This is a sample page. Overview Our refund and returns policy lasts 30 days. If 30 days have passed since your purchase, we can\u2019t offer you a full refund or exchange. To be eligible for a return, your item must be unused and in the same condition that you received\u2026","rel":"","context":"Similar post","block_context":{"text":"Similar post","link":""},"img":{"alt_text":"","src":"","width":0,"height":0},"classes":[]},{"id":337,"url":"https:\/\/driftbastards.com\/en\/drift-team\/","url_meta":{"origin":6994,"position":3},"title":"Team","author":"DriftBastards","date":"7. November 2023","format":false,"excerpt":"Drift Bastards Das verr\u00fcckteste Drift-Team der Schweiz Autos 0 Fahrer 0 Events \/ jahr 0 + Verbrannte Reifen 0 + Geschichte We are the Drift Bastards, the mighty DriftBastards\"Das wohl verr\u00fcckteste Drift Team aus der Schweiz! (Ganz Sicher!)\"Renato, Alexander, Michi sowie die Br\u00fcder Janick und Domenik kannten sich bereits von\u2026","rel":"","context":"Similar post","block_context":{"text":"Similar post","link":""},"img":{"alt_text":"Drift-Bastards Drift-Team","src":"https:\/\/i0.wp.com\/driftbastards.com\/wp-content\/uploads\/2023\/12\/driftbastards-team-3.webp?resize=350%2C200&ssl=1","width":350,"height":200,"srcset":"https:\/\/i0.wp.com\/driftbastards.com\/wp-content\/uploads\/2023\/12\/driftbastards-team-3.webp?resize=350%2C200&ssl=1 1x, https:\/\/i0.wp.com\/driftbastards.com\/wp-content\/uploads\/2023\/12\/driftbastards-team-3.webp?resize=525%2C300&ssl=1 1.5x, https:\/\/i0.wp.com\/driftbastards.com\/wp-content\/uploads\/2023\/12\/driftbastards-team-3.webp?resize=700%2C400&ssl=1 2x, https:\/\/i0.wp.com\/driftbastards.com\/wp-content\/uploads\/2023\/12\/driftbastards-team-3.webp?resize=1050%2C600&ssl=1 3x, https:\/\/i0.wp.com\/driftbastards.com\/wp-content\/uploads\/2023\/12\/driftbastards-team-3.webp?resize=1400%2C800&ssl=1 4x"},"classes":[]},{"id":4951,"url":"https:\/\/driftbastards.com\/en\/shopfront\/","url_meta":{"origin":6994,"position":4},"title":"Shopfront","author":"DriftBastards","date":"9. February 2024","format":false,"excerpt":"Unser Sortiment Kleidung Entdecke unser Sortiment an Fan-Artikel. W\u00e4hle aus verschiedenen Designs und Gr\u00f6ssen aus. Motorsport Wir stellen speziell angefertigte Motorsport- und Fahrzeugteile selbst her um die Drift-Szene zu unterst\u00fctzen Sticker Unsere Sticker sind hochwertig, langlebig und ein wahrer Hingucker. F\u00fcr Heckscheibe, Karrosserie oder Werkzeugbox, alles ist dabei! Accessoirs Duftb\u00e4ume\u2026","rel":"","context":"Similar post","block_context":{"text":"Similar post","link":""},"img":{"alt_text":"","src":"https:\/\/i0.wp.com\/driftbastards.com\/wp-content\/uploads\/2024\/02\/shopfront-motorsport.webp?resize=350%2C200&ssl=1","width":350,"height":200},"classes":[]},{"id":70,"url":"https:\/\/driftbastards.com\/en\/contact\/","url_meta":{"origin":6994,"position":5},"title":"Contact","author":"driftbastards.com","date":"6. November 2023","format":false,"excerpt":"Kontakt Bei Fragen oder Anfragen sind wir immer nur eine Drift-Drehung entfernt. Kontaktieren Sie uns jetzt und werden Sie Teil unserer DriftBastards-Community! Facebook Instagram Youtube Kontakt aufnehmen Email schreiben driftbastards@gmail.com Wir haben stets ein offenes Ohr f\u00fcr Feedback, Sponsoring, Events, Anfragen von Spezialanfertigungen und Fragen der Community.Wir freuen uns von\u2026","rel":"","context":"Similar post","block_context":{"text":"Similar post","link":""},"img":{"alt_text":"","src":"https:\/\/i0.wp.com\/driftbastards.com\/wp-content\/uploads\/2024\/02\/werbe-sticker-drift.webp?resize=350%2C200&ssl=1","width":350,"height":200,"srcset":"https:\/\/i0.wp.com\/driftbastards.com\/wp-content\/uploads\/2024\/02\/werbe-sticker-drift.webp?resize=350%2C200&ssl=1 1x, https:\/\/i0.wp.com\/driftbastards.com\/wp-content\/uploads\/2024\/02\/werbe-sticker-drift.webp?resize=525%2C300&ssl=1 1.5x, https:\/\/i0.wp.com\/driftbastards.com\/wp-content\/uploads\/2024\/02\/werbe-sticker-drift.webp?resize=700%2C400&ssl=1 2x"},"classes":[]}],"_links":{"self":[{"href":"https:\/\/driftbastards.com\/en\/wp-json\/wp\/v2\/pages\/6994","targetHints":{"allow":["GET"]}}],"collection":[{"href":"https:\/\/driftbastards.com\/en\/wp-json\/wp\/v2\/pages"}],"about":[{"href":"https:\/\/driftbastards.com\/en\/wp-json\/wp\/v2\/types\/page"}],"author":[{"embeddable":true,"href":"https:\/\/driftbastards.com\/en\/wp-json\/wp\/v2\/users\/1"}],"replies":[{"embeddable":true,"href":"https:\/\/driftbastards.com\/en\/wp-json\/wp\/v2\/comments?post=6994"}],"version-history":[{"count":4,"href":"https:\/\/driftbastards.com\/en\/wp-json\/wp\/v2\/pages\/6994\/revisions"}],"predecessor-version":[{"id":6998,"href":"https:\/\/driftbastards.com\/en\/wp-json\/wp\/v2\/pages\/6994\/revisions\/6998"}],"wp:attachment":[{"href":"https:\/\/driftbastards.com\/en\/wp-json\/wp\/v2\/media?parent=6994"}],"wp:term":[{"taxonomy":"folder","embeddable":true,"href":"https:\/\/driftbastards.com\/en\/wp-json\/wp\/v2\/folder?post=6994"}],"curies":[{"name":"wp","href":"https:\/\/api.w.org\/{rel}","templated":true}]}}