{"id":7790,"date":"2025-06-04T12:35:43","date_gmt":"2025-06-04T10:35:43","guid":{"rendered":"https:\/\/driftbastards.com\/?page_id=7790"},"modified":"2025-06-04T12:35:46","modified_gmt":"2025-06-04T10:35:46","slug":"events-calendar","status":"publish","type":"page","link":"https:\/\/driftbastards.com\/en\/events-calendar\/","title":{"rendered":"Events Calendar"},"content":{"rendered":"","protected":false},"excerpt":{"rendered":"","protected":false},"author":1,"featured_media":0,"parent":0,"menu_order":0,"comment_status":"closed","ping_status":"closed","template":"page-events-calendar.php","meta":{"_acf_changed":false,"site-sidebar-layout":"default","site-content-layout":"","ast-site-content-layout":"","site-content-style":"default","site-sidebar-style":"default","ast-global-header-display":"","ast-banner-title-visibility":"","ast-main-header-display":"","ast-hfb-above-header-display":"","ast-hfb-below-header-display":"","ast-hfb-mobile-header-display":"","site-post-title":"","ast-breadcrumbs-content":"","ast-featured-img":"","footer-sml-layout":"","theme-transparent-header-meta":"","adv-header-id-meta":"","stick-header-meta":"","header-above-stick-meta":"","header-main-stick-meta":"","header-below-stick-meta":"","astra-migrate-meta-layouts":"default","ast-page-background-enabled":"default","ast-page-background-meta":{"desktop":{"background-color":"var(--ast-global-color-4)","background-image":"","background-repeat":"repeat","background-position":"center center","background-size":"auto","background-attachment":"scroll","background-type":"","background-media":"","overlay-type":"","overlay-color":"","overlay-opacity":"","overlay-gradient":""},"tablet":{"background-color":"","background-image":"","background-repeat":"repeat","background-position":"center center","background-size":"auto","background-attachment":"scroll","background-type":"","background-media":"","overlay-type":"","overlay-color":"","overlay-opacity":"","overlay-gradient":""},"mobile":{"background-color":"","background-image":"","background-repeat":"repeat","background-position":"center center","background-size":"auto","background-attachment":"scroll","background-type":"","background-media":"","overlay-type":"","overlay-color":"","overlay-opacity":"","overlay-gradient":""}},"ast-content-background-meta":{"desktop":{"background-color":"var(--ast-global-color-5)","background-image":"","background-repeat":"repeat","background-position":"center center","background-size":"auto","background-attachment":"scroll","background-type":"","background-media":"","overlay-type":"","overlay-color":"","overlay-opacity":"","overlay-gradient":""},"tablet":{"background-color":"var(--ast-global-color-5)","background-image":"","background-repeat":"repeat","background-position":"center center","background-size":"auto","background-attachment":"scroll","background-type":"","background-media":"","overlay-type":"","overlay-color":"","overlay-opacity":"","overlay-gradient":""},"mobile":{"background-color":"var(--ast-global-color-5)","background-image":"","background-repeat":"repeat","background-position":"center center","background-size":"auto","background-attachment":"scroll","background-type":"","background-media":"","overlay-type":"","overlay-color":"","overlay-opacity":"","overlay-gradient":""}},"footnotes":""},"folder":[],"class_list":["post-7790","page","type-page","status-publish","hentry"],"acf":[],"yoast_head":"<!-- This site is optimized with the Yoast SEO plugin v27.4 - https:\/\/yoast.com\/product\/yoast-seo-wordpress\/ -->\n<title>Events Calendar - DriftBastards<\/title>\n<meta name=\"robots\" content=\"index, follow, max-snippet:-1, max-image-preview:large, max-video-preview:-1\" \/>\n<link rel=\"canonical\" href=\"https:\/\/driftbastards.com\/en\/events-calendar\/\" \/>\n<meta property=\"og:locale\" content=\"en_US\" \/>\n<meta property=\"og:type\" content=\"article\" \/>\n<meta property=\"og:title\" content=\"Events Calendar - DriftBastards\" \/>\n<meta property=\"og:url\" content=\"https:\/\/driftbastards.com\/en\/events-calendar\/\" \/>\n<meta property=\"og:site_name\" content=\"DriftBastards\" \/>\n<meta property=\"article:publisher\" content=\"https:\/\/www.facebook.com\/driftbastards\/\" \/>\n<meta property=\"article:modified_time\" content=\"2025-06-04T10:35:46+00:00\" \/>\n<meta name=\"twitter:card\" content=\"summary_large_image\" \/>\n<script type=\"application\/ld+json\" class=\"yoast-schema-graph\">{\"@context\":\"https:\\\/\\\/schema.org\",\"@graph\":[{\"@type\":\"WebPage\",\"@id\":\"https:\\\/\\\/driftbastards.com\\\/events-calendar\\\/\",\"url\":\"https:\\\/\\\/driftbastards.com\\\/events-calendar\\\/\",\"name\":\"Events Calendar - DriftBastards\",\"isPartOf\":{\"@id\":\"https:\\\/\\\/driftbastards.com\\\/#website\"},\"datePublished\":\"2025-06-04T10:35:43+00:00\",\"dateModified\":\"2025-06-04T10:35:46+00:00\",\"breadcrumb\":{\"@id\":\"https:\\\/\\\/driftbastards.com\\\/events-calendar\\\/#breadcrumb\"},\"inLanguage\":\"en-US\",\"potentialAction\":[{\"@type\":\"ReadAction\",\"target\":[\"https:\\\/\\\/driftbastards.com\\\/events-calendar\\\/\"]}]},{\"@type\":\"BreadcrumbList\",\"@id\":\"https:\\\/\\\/driftbastards.com\\\/events-calendar\\\/#breadcrumb\",\"itemListElement\":[{\"@type\":\"ListItem\",\"position\":1,\"name\":\"Startseite\",\"item\":\"https:\\\/\\\/driftbastards.com\\\/\"},{\"@type\":\"ListItem\",\"position\":2,\"name\":\"Events Calendar\"}]},{\"@type\":\"WebSite\",\"@id\":\"https:\\\/\\\/driftbastards.com\\\/#website\",\"url\":\"https:\\\/\\\/driftbastards.com\\\/\",\"name\":\"DriftBastards\",\"description\":\"Das verr\u00fcckteste DriftTeam der Schweiz\",\"publisher\":{\"@id\":\"https:\\\/\\\/driftbastards.com\\\/#organization\"},\"potentialAction\":[{\"@type\":\"SearchAction\",\"target\":{\"@type\":\"EntryPoint\",\"urlTemplate\":\"https:\\\/\\\/driftbastards.com\\\/?s={search_term_string}\"},\"query-input\":{\"@type\":\"PropertyValueSpecification\",\"valueRequired\":true,\"valueName\":\"search_term_string\"}}],\"inLanguage\":\"en-US\"},{\"@type\":\"Organization\",\"@id\":\"https:\\\/\\\/driftbastards.com\\\/#organization\",\"name\":\"DriftBastards\",\"url\":\"https:\\\/\\\/driftbastards.com\\\/\",\"logo\":{\"@type\":\"ImageObject\",\"inLanguage\":\"en-US\",\"@id\":\"https:\\\/\\\/driftbastards.com\\\/#\\\/schema\\\/logo\\\/image\\\/\",\"url\":\"https:\\\/\\\/driftbastards.com\\\/wp-content\\\/uploads\\\/2023\\\/12\\\/cropped-driftbastardslogo-red.webp\",\"contentUrl\":\"https:\\\/\\\/driftbastards.com\\\/wp-content\\\/uploads\\\/2023\\\/12\\\/cropped-driftbastardslogo-red.webp\",\"width\":217,\"height\":100,\"caption\":\"DriftBastards\"},\"image\":{\"@id\":\"https:\\\/\\\/driftbastards.com\\\/#\\\/schema\\\/logo\\\/image\\\/\"},\"sameAs\":[\"https:\\\/\\\/www.facebook.com\\\/driftbastards\\\/\",\"https:\\\/\\\/www.instagram.com\\\/driftbastards.ch\\\/\",\"https:\\\/\\\/www.youtube.com\\\/@DomenikZiiba\"]}]}<\/script>\n<!-- \/ Yoast SEO plugin. -->","yoast_head_json":{"title":"Events Calendar - DriftBastards","robots":{"index":"index","follow":"follow","max-snippet":"max-snippet:-1","max-image-preview":"max-image-preview:large","max-video-preview":"max-video-preview:-1"},"canonical":"https:\/\/driftbastards.com\/en\/events-calendar\/","og_locale":"en_US","og_type":"article","og_title":"Events Calendar - DriftBastards","og_url":"https:\/\/driftbastards.com\/en\/events-calendar\/","og_site_name":"DriftBastards","article_publisher":"https:\/\/www.facebook.com\/driftbastards\/","article_modified_time":"2025-06-04T10:35:46+00:00","twitter_card":"summary_large_image","schema":{"@context":"https:\/\/schema.org","@graph":[{"@type":"WebPage","@id":"https:\/\/driftbastards.com\/events-calendar\/","url":"https:\/\/driftbastards.com\/events-calendar\/","name":"Events Calendar - DriftBastards","isPartOf":{"@id":"https:\/\/driftbastards.com\/#website"},"datePublished":"2025-06-04T10:35:43+00:00","dateModified":"2025-06-04T10:35:46+00:00","breadcrumb":{"@id":"https:\/\/driftbastards.com\/events-calendar\/#breadcrumb"},"inLanguage":"en-US","potentialAction":[{"@type":"ReadAction","target":["https:\/\/driftbastards.com\/events-calendar\/"]}]},{"@type":"BreadcrumbList","@id":"https:\/\/driftbastards.com\/events-calendar\/#breadcrumb","itemListElement":[{"@type":"ListItem","position":1,"name":"Startseite","item":"https:\/\/driftbastards.com\/"},{"@type":"ListItem","position":2,"name":"Events Calendar"}]},{"@type":"WebSite","@id":"https:\/\/driftbastards.com\/#website","url":"https:\/\/driftbastards.com\/","name":"DriftBastards","description":"Das verr\u00fcckteste DriftTeam der Schweiz","publisher":{"@id":"https:\/\/driftbastards.com\/#organization"},"potentialAction":[{"@type":"SearchAction","target":{"@type":"EntryPoint","urlTemplate":"https:\/\/driftbastards.com\/?s={search_term_string}"},"query-input":{"@type":"PropertyValueSpecification","valueRequired":true,"valueName":"search_term_string"}}],"inLanguage":"en-US"},{"@type":"Organization","@id":"https:\/\/driftbastards.com\/#organization","name":"DriftBastards","url":"https:\/\/driftbastards.com\/","logo":{"@type":"ImageObject","inLanguage":"en-US","@id":"https:\/\/driftbastards.com\/#\/schema\/logo\/image\/","url":"https:\/\/driftbastards.com\/wp-content\/uploads\/2023\/12\/cropped-driftbastardslogo-red.webp","contentUrl":"https:\/\/driftbastards.com\/wp-content\/uploads\/2023\/12\/cropped-driftbastardslogo-red.webp","width":217,"height":100,"caption":"DriftBastards"},"image":{"@id":"https:\/\/driftbastards.com\/#\/schema\/logo\/image\/"},"sameAs":["https:\/\/www.facebook.com\/driftbastards\/","https:\/\/www.instagram.com\/driftbastards.ch\/","https:\/\/www.youtube.com\/@DomenikZiiba"]}]}},"jetpack_sharing_enabled":true,"jetpack-related-posts":[{"id":58,"url":"https:\/\/driftbastards.com\/en\/","url_meta":{"origin":7790,"position":0},"title":"Home","author":"DriftBastards","date":"6. November 2023","format":false,"excerpt":"Das verr\u00fcckteste Drift-Team der Schweiz Sponsor werden Jetzt Einkaufen Introvideo Abspielen Wir sind DriftBastards Das wohl verr\u00fcckteste Drift Team der Schweiz! ( GANZ SICHER! ) Wir Driften seit Jahren Renato, Alexander, Michi sowie die Br\u00fcder Janick und Domenik trafen sich zuerst bei Tuning-Events, die jedoch bald ihren Reiz f\u00fcr sie\u2026","rel":"","context":"Similar post","block_context":{"text":"Similar post","link":""},"img":{"alt_text":"","src":"https:\/\/i0.wp.com\/driftbastards.com\/wp-content\/uploads\/2024\/01\/driftbastardsfav.webp?resize=350%2C200&ssl=1","width":350,"height":200},"classes":[]},{"id":70,"url":"https:\/\/driftbastards.com\/en\/contact\/","url_meta":{"origin":7790,"position":1},"title":"Contact","author":"driftbastards.com","date":"6. November 2023","format":false,"excerpt":"Kontakt Bei Fragen oder Anfragen sind wir immer nur eine Drift-Drehung entfernt. Kontaktieren Sie uns jetzt und werden Sie Teil unserer DriftBastards-Community! Facebook Instagram Youtube Kontakt aufnehmen Email schreiben driftbastards@gmail.com Wir haben stets ein offenes Ohr f\u00fcr Feedback, Sponsoring, Events, Anfragen von Spezialanfertigungen und Fragen der Community.Wir freuen uns von\u2026","rel":"","context":"Similar post","block_context":{"text":"Similar post","link":""},"img":{"alt_text":"","src":"https:\/\/i0.wp.com\/driftbastards.com\/wp-content\/uploads\/2024\/02\/werbe-sticker-drift.webp?resize=350%2C200&ssl=1","width":350,"height":200,"srcset":"https:\/\/i0.wp.com\/driftbastards.com\/wp-content\/uploads\/2024\/02\/werbe-sticker-drift.webp?resize=350%2C200&ssl=1 1x, https:\/\/i0.wp.com\/driftbastards.com\/wp-content\/uploads\/2024\/02\/werbe-sticker-drift.webp?resize=525%2C300&ssl=1 1.5x, https:\/\/i0.wp.com\/driftbastards.com\/wp-content\/uploads\/2024\/02\/werbe-sticker-drift.webp?resize=700%2C400&ssl=1 2x"},"classes":[]},{"id":337,"url":"https:\/\/driftbastards.com\/en\/drift-team\/","url_meta":{"origin":7790,"position":2},"title":"Team","author":"DriftBastards","date":"7. November 2023","format":false,"excerpt":"Drift Bastards Das verr\u00fcckteste Drift-Team der Schweiz Autos 0 Fahrer 0 Events \/ jahr 0 + Verbrannte Reifen 0 + Geschichte We are the Drift Bastards, the mighty DriftBastards\"Das wohl verr\u00fcckteste Drift Team aus der Schweiz! (Ganz Sicher!)\"Renato, Alexander, Michi sowie die Br\u00fcder Janick und Domenik kannten sich bereits von\u2026","rel":"","context":"Similar post","block_context":{"text":"Similar post","link":""},"img":{"alt_text":"Drift-Bastards Drift-Team","src":"https:\/\/i0.wp.com\/driftbastards.com\/wp-content\/uploads\/2023\/12\/driftbastards-team-3.webp?resize=350%2C200&ssl=1","width":350,"height":200,"srcset":"https:\/\/i0.wp.com\/driftbastards.com\/wp-content\/uploads\/2023\/12\/driftbastards-team-3.webp?resize=350%2C200&ssl=1 1x, https:\/\/i0.wp.com\/driftbastards.com\/wp-content\/uploads\/2023\/12\/driftbastards-team-3.webp?resize=525%2C300&ssl=1 1.5x, https:\/\/i0.wp.com\/driftbastards.com\/wp-content\/uploads\/2023\/12\/driftbastards-team-3.webp?resize=700%2C400&ssl=1 2x, https:\/\/i0.wp.com\/driftbastards.com\/wp-content\/uploads\/2023\/12\/driftbastards-team-3.webp?resize=1050%2C600&ssl=1 3x, https:\/\/i0.wp.com\/driftbastards.com\/wp-content\/uploads\/2023\/12\/driftbastards-team-3.webp?resize=1400%2C800&ssl=1 4x"},"classes":[]},{"id":618,"url":"https:\/\/driftbastards.com\/en\/janick-sieber\/","url_meta":{"origin":7790,"position":3},"title":"Janick-Sieber","author":"DriftBastards","date":"8. November 2023","format":false,"excerpt":"Janick Sieber Sponsoren: Karriere start: 2017 Teilgenommen: TOMODORI\ud83c\uddeb\ud83c\uddf7 DRIFT-Series\ud83c\udde9\ud83c\uddea DriftnFun \ud83c\udde9\ud83c\uddea SwissDriftmasters Top 10 Vize Champion Best of Style Top 10 Top 10 DRIFT-Series \ud83c\udde9\ud83c\uddea DRIFT-Series \ud83c\udde9\ud83c\uddea DRIFT-Series \ud83c\udde9\ud83c\uddea Drift United \ud83c\udde9\ud83c\uddea GermanSpeed Drift \ud83c\udde9\ud83c\uddea 2017 2018 2019 2021 2022 Der Allrounder Janick Sieber Drift Nerd der ersten Stunde Schon\u2026","rel":"","context":"Similar post","block_context":{"text":"Similar post","link":""},"img":{"alt_text":"Bild von Janick Sieber von Drifbastards","src":"https:\/\/i0.wp.com\/driftbastards.com\/wp-content\/uploads\/2024\/04\/janick-sieber-profilbild.png?resize=350%2C200&ssl=1","width":350,"height":200},"classes":[]},{"id":3282,"url":"https:\/\/driftbastards.com\/en\/alexander-meyer\/","url_meta":{"origin":7790,"position":4},"title":"Alexander Meyer","author":"DriftBastards","date":"2. January 2024","format":false,"excerpt":"Alexander Meyer Sponsoren: Karriere start: 2013 Teilgenommen: TOMODORI\ud83c\uddeb\ud83c\uddf7 Anneau du Rhin\ud83c\uddeb\ud83c\uddf7 Pusey \ud83c\uddeb\ud83c\uddf7 DRIFT-Series\ud83c\udde9\ud83c\uddea Tuningworld \ud83c\udde9\ud83c\uddea SwissDriftmasters DriftnFun \ud83c\udde9\ud83c\uddea Div. Platzierungen King of Style King of Style DRIFT-Series \ud83c\udde9\ud83c\uddea Tuningworld \ud83c\udde9\ud83c\uddea Tuningworld \ud83c\udde9\ud83c\uddea 2018 2021 2022 Der Tiefgang Alexander Meyer Tief, Tiefer, Alex Knapper gehts nicht Alex und Renato waren\u2026","rel":"","context":"Similar post","block_context":{"text":"Similar post","link":""},"img":{"alt_text":"Bild von Alexander Meyer von DriftBastards","src":"https:\/\/i0.wp.com\/driftbastards.com\/wp-content\/uploads\/2024\/04\/alexander-meyer-profilbild.png?resize=350%2C200&ssl=1","width":350,"height":200},"classes":[]},{"id":3216,"url":"https:\/\/driftbastards.com\/en\/michael-riedweg\/","url_meta":{"origin":7790,"position":5},"title":"Michael Riedweg","author":"DriftBastards","date":"29. December 2023","format":false,"excerpt":"Michael Riedweg Sponsoren: Karriere start: 2015 Teilgenommen: TOMODORI\ud83c\uddeb\ud83c\uddf7 Anneau du Rhin\ud83c\uddeb\ud83c\uddf7 Pusey \ud83c\uddeb\ud83c\uddf7 DRIFT-Series\ud83c\udde9\ud83c\uddea Tuningworld \ud83c\udde9\ud83c\uddea SwissDriftmasters DriftnFun \ud83c\udde9\ud83c\uddea Best of Style Top 10 King of Style DRIFT-Series \ud83c\udde9\ud83c\uddea Tuningworld \ud83c\udde9\ud83c\uddea Tuningworld \ud83c\udde9\ud83c\uddea 2018 2021 2022 Der Styler Michael Riedweg Mitgr\u00fcnder und Klassiker Michael ist Driftbastard seit der Gr\u00fcndung 2015\u2026","rel":"","context":"Similar post","block_context":{"text":"Similar post","link":""},"img":{"alt_text":"","src":"https:\/\/i0.wp.com\/driftbastards.com\/wp-content\/uploads\/2024\/04\/michael-riedweg-profilbild.png?resize=350%2C200&ssl=1","width":350,"height":200},"classes":[]}],"_links":{"self":[{"href":"https:\/\/driftbastards.com\/en\/wp-json\/wp\/v2\/pages\/7790","targetHints":{"allow":["GET"]}}],"collection":[{"href":"https:\/\/driftbastards.com\/en\/wp-json\/wp\/v2\/pages"}],"about":[{"href":"https:\/\/driftbastards.com\/en\/wp-json\/wp\/v2\/types\/page"}],"author":[{"embeddable":true,"href":"https:\/\/driftbastards.com\/en\/wp-json\/wp\/v2\/users\/1"}],"replies":[{"embeddable":true,"href":"https:\/\/driftbastards.com\/en\/wp-json\/wp\/v2\/comments?post=7790"}],"version-history":[{"count":1,"href":"https:\/\/driftbastards.com\/en\/wp-json\/wp\/v2\/pages\/7790\/revisions"}],"predecessor-version":[{"id":7791,"href":"https:\/\/driftbastards.com\/en\/wp-json\/wp\/v2\/pages\/7790\/revisions\/7791"}],"wp:attachment":[{"href":"https:\/\/driftbastards.com\/en\/wp-json\/wp\/v2\/media?parent=7790"}],"wp:term":[{"taxonomy":"folder","embeddable":true,"href":"https:\/\/driftbastards.com\/en\/wp-json\/wp\/v2\/folder?post=7790"}],"curies":[{"name":"wp","href":"https:\/\/api.w.org\/{rel}","templated":true}]}}