{"id":1806,"date":"2023-12-14T15:24:51","date_gmt":"2023-12-14T14:24:51","guid":{"rendered":"http:\/\/driftbastards.com\/?post_type=product&#038;p=1806"},"modified":"2026-02-13T21:14:57","modified_gmt":"2026-02-13T20:14:57","slug":"bmw-wheel-hub-bolt-circle-expansion","status":"publish","type":"product","link":"https:\/\/driftbastards.com\/en\/product\/bmw-wheel-hub-bolt-circle-expansion\/","title":{"rendered":"BMW wheel hub with bolt pattern extension to 114.3x5"},"content":{"rendered":"","protected":false},"excerpt":{"rendered":"<p>&nbsp;<\/p>\n<hr \/>\n<ul>\n<li><strong>Compatibility<\/strong>: Specially designed for BMW E36\/E46 models. Made for the popular BMW 3 Series.<br \/>\nFits<strong>: <\/strong>316, 318, 320, 323, 325, 328, 330, M3, (E36 Compact auf Anfrage)<\/li>\n<li><strong>Bolt Patterns<\/strong>Supports both <span style=\"font-size: 16px; font-style: normal; font-weight: 400;\">120\u00d75<\/span> and\u00a0<span style=\"font-size: 16px; font-style: normal; font-weight: 400;\">114,3\u00d75 <\/span>bolt patterns, all threads M12x1.5 (BMW), ensuring versatility and compatibility.<\/li>\n<li><strong>High-Quality<\/strong> <strong>Components<\/strong>: The package includes OE-quality wheel bearings, hub nuts, and all necessary accessories for complete assembly.<\/li>\n<li><strong>VIN -Requirement<\/strong>: Please provide your vehicle's VIN number when ordering to determine the correct components.<\/li>\n<li><strong>Optionale Bremsscheiben<\/strong>: Suitable brake discs including dual bolt pattern can be supplied on request.<\/li>\n<li><strong>Sonderlochkreis<\/strong> f\u00fcr s\u00e4mtliche Marken auf Anfrage ebenfalls m\u00f6glich, Audi bis VW und US-Modelle\u00a0 ( gegen Aufpreis)<\/li>\n<li><strong>Delivery<\/strong>: Die gesch\u00e4tzte Lieferzeit betr\u00e4gt etwa 2-3 Wochen.<\/li>\n<\/ul>\n<p><!--more--><\/p>","protected":false},"featured_media":2682,"comment_status":"open","ping_status":"closed","template":"","meta":{"_acf_changed":false,"site-sidebar-layout":"default","site-content-layout":"","ast-site-content-layout":"default","site-content-style":"default","site-sidebar-style":"default","ast-global-header-display":"","ast-banner-title-visibility":"","ast-main-header-display":"","ast-hfb-above-header-display":"","ast-hfb-below-header-display":"","ast-hfb-mobile-header-display":"","site-post-title":"","ast-breadcrumbs-content":"","ast-featured-img":"","footer-sml-layout":"","theme-transparent-header-meta":"default","adv-header-id-meta":"","stick-header-meta":"default","header-above-stick-meta":"","header-main-stick-meta":"","header-below-stick-meta":"","astra-migrate-meta-layouts":"set","ast-page-background-enabled":"default","ast-page-background-meta":{"desktop":{"background-color":"var(--ast-global-color-4)","background-image":"","background-repeat":"repeat","background-position":"center center","background-size":"auto","background-attachment":"scroll","background-type":"","background-media":"","overlay-type":"","overlay-color":"","overlay-opacity":"","overlay-gradient":""},"tablet":{"background-color":"","background-image":"","background-repeat":"repeat","background-position":"center center","background-size":"auto","background-attachment":"scroll","background-type":"","background-media":"","overlay-type":"","overlay-color":"","overlay-opacity":"","overlay-gradient":""},"mobile":{"background-color":"","background-image":"","background-repeat":"repeat","background-position":"center center","background-size":"auto","background-attachment":"scroll","background-type":"","background-media":"","overlay-type":"","overlay-color":"","overlay-opacity":"","overlay-gradient":""}},"ast-content-background-meta":{"desktop":{"background-color":"var(--ast-global-color-5)","background-image":"","background-repeat":"repeat","background-position":"center center","background-size":"auto","background-attachment":"scroll","background-type":"","background-media":"","overlay-type":"","overlay-color":"","overlay-opacity":"","overlay-gradient":""},"tablet":{"background-color":"var(--ast-global-color-5)","background-image":"","background-repeat":"repeat","background-position":"center center","background-size":"auto","background-attachment":"scroll","background-type":"","background-media":"","overlay-type":"","overlay-color":"","overlay-opacity":"","overlay-gradient":""},"mobile":{"background-color":"var(--ast-global-color-5)","background-image":"","background-repeat":"repeat","background-position":"center center","background-size":"auto","background-attachment":"scroll","background-type":"","background-media":"","overlay-type":"","overlay-color":"","overlay-opacity":"","overlay-gradient":""}}},"product_brand":[],"product_cat":[46],"product_tag":[],"class_list":{"0":"post-1806","1":"product","2":"type-product","3":"status-publish","4":"has-post-thumbnail","6":"product_cat-motorsport-zubehoer","7":"product_shipping_class-schwer","8":"desktop-align-left","9":"tablet-align-left","10":"mobile-align-left","11":"ast-product-gallery-layout-vertical-slider","12":"ast-product-tabs-layout-accordion","14":"first","15":"instock","16":"purchasable","17":"product-type-simple"},"acf":[],"yoast_head":"<!-- This site is optimized with the Yoast SEO plugin v26.8 - https:\/\/yoast.com\/product\/yoast-seo-wordpress\/ -->\n<title>BMW Radnabe mit Lochkreiserweiterung auf 114.3\u00d75 - DriftBastards<\/title>\n<meta name=\"robots\" content=\"index, follow, max-snippet:-1, max-image-preview:large, max-video-preview:-1\" \/>\n<link rel=\"canonical\" href=\"https:\/\/driftbastards.com\/en\/product\/bmw-wheel-hub-bolt-circle-expansion\/\" \/>\n<meta property=\"og:locale\" content=\"en_US\" \/>\n<meta property=\"og:type\" content=\"article\" \/>\n<meta property=\"og:title\" content=\"BMW Radnabe mit Lochkreiserweiterung auf 114.3\u00d75 - DriftBastards\" \/>\n<meta property=\"og:description\" content=\"&nbsp;      Kompatibilit\u00e4t: Speziell f\u00fcr BMW E36\/E46 Modelle entwickelt. Hergestellt f\u00fcr die beliebten BMW 3er-Serien. Passt zu: 316, 318, 320, 323, 325, 328, 330, M3, (E36 Compact auf Anfrage)  Bolzenmuster: Erm\u00f6glicht sowohl den 120\u00d75 als auch\u00a0114,3\u00d75 Lochkreis, alle Gewinde M12x1.5(BMW), was Vielseitigkeit und Kompatibilit\u00e4t gew\u00e4hrleistet.  Hochwertige Komponenten: Im Lieferumfang enthalten sind Radlager in OE-Qualit\u00e4t, Nabenmuttern, sowie alle notwendigen Zubeh\u00f6rteile f\u00fcr eine komplette Montage.  VIN-Anforderung: Geben Sie bei der Bestellung die VIN-Nummer ihres Fahrzeuges an, um die korrekten Komponenten bestimmen zu k\u00f6nnen.  Optionale Bremsscheiben: Passende Bremsscheiben inkl. Doppellochkreis k\u00f6nnen auf Anfrage mitgeliefert werden.  Sonderlochkreis f\u00fcr s\u00e4mtliche Marken auf Anfrage ebenfalls m\u00f6glich, Audi bis VW und US-Modelle\u00a0 ( gegen Aufpreis)  Lieferzeit: Die gesch\u00e4tzte Lieferzeit betr\u00e4gt etwa 2-3 Wochen.\" \/>\n<meta property=\"og:url\" content=\"https:\/\/driftbastards.com\/en\/product\/bmw-wheel-hub-bolt-circle-expansion\/\" \/>\n<meta property=\"og:site_name\" content=\"DriftBastards\" \/>\n<meta property=\"article:publisher\" content=\"https:\/\/www.facebook.com\/driftbastards\/\" \/>\n<meta property=\"article:modified_time\" content=\"2026-02-13T20:14:57+00:00\" \/>\n<meta property=\"og:image\" content=\"https:\/\/driftbastards.com\/wp-content\/uploads\/2023\/12\/BMW_Nabe01-scaled.webp\" \/>\n\t<meta property=\"og:image:width\" content=\"1829\" \/>\n\t<meta property=\"og:image:height\" content=\"2560\" \/>\n\t<meta property=\"og:image:type\" content=\"image\/webp\" \/>\n<meta name=\"twitter:card\" content=\"summary_large_image\" \/>\n<meta name=\"twitter:label1\" content=\"Est. reading time\" \/>\n\t<meta name=\"twitter:data1\" content=\"1 minute\" \/>\n<script type=\"application\/ld+json\" class=\"yoast-schema-graph\">{\"@context\":\"https:\/\/schema.org\",\"@graph\":[{\"@type\":\"WebPage\",\"@id\":\"https:\/\/driftbastards.com\/produkt\/bmw-wheel-hub-bolt-circle-expansion\/\",\"url\":\"https:\/\/driftbastards.com\/produkt\/bmw-wheel-hub-bolt-circle-expansion\/\",\"name\":\"BMW Radnabe mit Lochkreiserweiterung auf 114.3\u00d75 - DriftBastards\",\"isPartOf\":{\"@id\":\"https:\/\/driftbastards.com\/#website\"},\"primaryImageOfPage\":{\"@id\":\"https:\/\/driftbastards.com\/produkt\/bmw-wheel-hub-bolt-circle-expansion\/#primaryimage\"},\"image\":{\"@id\":\"https:\/\/driftbastards.com\/produkt\/bmw-wheel-hub-bolt-circle-expansion\/#primaryimage\"},\"thumbnailUrl\":\"https:\/\/driftbastards.com\/wp-content\/uploads\/2023\/12\/BMW_Nabe01-scaled.webp\",\"datePublished\":\"2023-12-14T14:24:51+00:00\",\"dateModified\":\"2026-02-13T20:14:57+00:00\",\"breadcrumb\":{\"@id\":\"https:\/\/driftbastards.com\/produkt\/bmw-wheel-hub-bolt-circle-expansion\/#breadcrumb\"},\"inLanguage\":\"en-US\",\"potentialAction\":[{\"@type\":\"ReadAction\",\"target\":[\"https:\/\/driftbastards.com\/produkt\/bmw-wheel-hub-bolt-circle-expansion\/\"]}]},{\"@type\":\"ImageObject\",\"inLanguage\":\"en-US\",\"@id\":\"https:\/\/driftbastards.com\/produkt\/bmw-wheel-hub-bolt-circle-expansion\/#primaryimage\",\"url\":\"https:\/\/driftbastards.com\/wp-content\/uploads\/2023\/12\/BMW_Nabe01-scaled.webp\",\"contentUrl\":\"https:\/\/driftbastards.com\/wp-content\/uploads\/2023\/12\/BMW_Nabe01-scaled.webp\",\"width\":1829,\"height\":2560},{\"@type\":\"BreadcrumbList\",\"@id\":\"https:\/\/driftbastards.com\/produkt\/bmw-wheel-hub-bolt-circle-expansion\/#breadcrumb\",\"itemListElement\":[{\"@type\":\"ListItem\",\"position\":1,\"name\":\"Startseite\",\"item\":\"https:\/\/driftbastards.com\/\"},{\"@type\":\"ListItem\",\"position\":2,\"name\":\"Shop\",\"item\":\"https:\/\/driftbastards.com\/shop\/\"},{\"@type\":\"ListItem\",\"position\":3,\"name\":\"BMW Radnabe mit Lochkreiserweiterung auf 114.3\u00d75\"}]},{\"@type\":\"WebSite\",\"@id\":\"https:\/\/driftbastards.com\/#website\",\"url\":\"https:\/\/driftbastards.com\/\",\"name\":\"DriftBastards\",\"description\":\"Das verr\u00fcckteste DriftTeam der Schweiz\",\"publisher\":{\"@id\":\"https:\/\/driftbastards.com\/#organization\"},\"potentialAction\":[{\"@type\":\"SearchAction\",\"target\":{\"@type\":\"EntryPoint\",\"urlTemplate\":\"https:\/\/driftbastards.com\/?s={search_term_string}\"},\"query-input\":{\"@type\":\"PropertyValueSpecification\",\"valueRequired\":true,\"valueName\":\"search_term_string\"}}],\"inLanguage\":\"en-US\"},{\"@type\":\"Organization\",\"@id\":\"https:\/\/driftbastards.com\/#organization\",\"name\":\"DriftBastards\",\"url\":\"https:\/\/driftbastards.com\/\",\"logo\":{\"@type\":\"ImageObject\",\"inLanguage\":\"en-US\",\"@id\":\"https:\/\/driftbastards.com\/#\/schema\/logo\/image\/\",\"url\":\"https:\/\/driftbastards.com\/wp-content\/uploads\/2023\/12\/cropped-driftbastardslogo-red.webp\",\"contentUrl\":\"https:\/\/driftbastards.com\/wp-content\/uploads\/2023\/12\/cropped-driftbastardslogo-red.webp\",\"width\":217,\"height\":100,\"caption\":\"DriftBastards\"},\"image\":{\"@id\":\"https:\/\/driftbastards.com\/#\/schema\/logo\/image\/\"},\"sameAs\":[\"https:\/\/www.facebook.com\/driftbastards\/\",\"https:\/\/www.instagram.com\/driftbastards.ch\/\",\"https:\/\/www.youtube.com\/@DomenikZiiba\"]}]}<\/script>\n<!-- \/ Yoast SEO plugin. -->","yoast_head_json":{"title":"BMW Radnabe mit Lochkreiserweiterung auf 114.3\u00d75 - DriftBastards","robots":{"index":"index","follow":"follow","max-snippet":"max-snippet:-1","max-image-preview":"max-image-preview:large","max-video-preview":"max-video-preview:-1"},"canonical":"https:\/\/driftbastards.com\/en\/product\/bmw-wheel-hub-bolt-circle-expansion\/","og_locale":"en_US","og_type":"article","og_title":"BMW Radnabe mit Lochkreiserweiterung auf 114.3\u00d75 - DriftBastards","og_description":"&nbsp;      Kompatibilit\u00e4t: Speziell f\u00fcr BMW E36\/E46 Modelle entwickelt. Hergestellt f\u00fcr die beliebten BMW 3er-Serien. Passt zu: 316, 318, 320, 323, 325, 328, 330, M3, (E36 Compact auf Anfrage)  Bolzenmuster: Erm\u00f6glicht sowohl den 120\u00d75 als auch\u00a0114,3\u00d75 Lochkreis, alle Gewinde M12x1.5(BMW), was Vielseitigkeit und Kompatibilit\u00e4t gew\u00e4hrleistet.  Hochwertige Komponenten: Im Lieferumfang enthalten sind Radlager in OE-Qualit\u00e4t, Nabenmuttern, sowie alle notwendigen Zubeh\u00f6rteile f\u00fcr eine komplette Montage.  VIN-Anforderung: Geben Sie bei der Bestellung die VIN-Nummer ihres Fahrzeuges an, um die korrekten Komponenten bestimmen zu k\u00f6nnen.  Optionale Bremsscheiben: Passende Bremsscheiben inkl. Doppellochkreis k\u00f6nnen auf Anfrage mitgeliefert werden.  Sonderlochkreis f\u00fcr s\u00e4mtliche Marken auf Anfrage ebenfalls m\u00f6glich, Audi bis VW und US-Modelle\u00a0 ( gegen Aufpreis)  Lieferzeit: Die gesch\u00e4tzte Lieferzeit betr\u00e4gt etwa 2-3 Wochen.","og_url":"https:\/\/driftbastards.com\/en\/product\/bmw-wheel-hub-bolt-circle-expansion\/","og_site_name":"DriftBastards","article_publisher":"https:\/\/www.facebook.com\/driftbastards\/","article_modified_time":"2026-02-13T20:14:57+00:00","og_image":[{"width":1829,"height":2560,"url":"https:\/\/driftbastards.com\/wp-content\/uploads\/2023\/12\/BMW_Nabe01-scaled.webp","type":"image\/webp"}],"twitter_card":"summary_large_image","twitter_misc":{"Est. reading time":"1 minute"},"schema":{"@context":"https:\/\/schema.org","@graph":[{"@type":"WebPage","@id":"https:\/\/driftbastards.com\/produkt\/bmw-wheel-hub-bolt-circle-expansion\/","url":"https:\/\/driftbastards.com\/produkt\/bmw-wheel-hub-bolt-circle-expansion\/","name":"BMW Radnabe mit Lochkreiserweiterung auf 114.3\u00d75 - DriftBastards","isPartOf":{"@id":"https:\/\/driftbastards.com\/#website"},"primaryImageOfPage":{"@id":"https:\/\/driftbastards.com\/produkt\/bmw-wheel-hub-bolt-circle-expansion\/#primaryimage"},"image":{"@id":"https:\/\/driftbastards.com\/produkt\/bmw-wheel-hub-bolt-circle-expansion\/#primaryimage"},"thumbnailUrl":"https:\/\/driftbastards.com\/wp-content\/uploads\/2023\/12\/BMW_Nabe01-scaled.webp","datePublished":"2023-12-14T14:24:51+00:00","dateModified":"2026-02-13T20:14:57+00:00","breadcrumb":{"@id":"https:\/\/driftbastards.com\/produkt\/bmw-wheel-hub-bolt-circle-expansion\/#breadcrumb"},"inLanguage":"en-US","potentialAction":[{"@type":"ReadAction","target":["https:\/\/driftbastards.com\/produkt\/bmw-wheel-hub-bolt-circle-expansion\/"]}]},{"@type":"ImageObject","inLanguage":"en-US","@id":"https:\/\/driftbastards.com\/produkt\/bmw-wheel-hub-bolt-circle-expansion\/#primaryimage","url":"https:\/\/driftbastards.com\/wp-content\/uploads\/2023\/12\/BMW_Nabe01-scaled.webp","contentUrl":"https:\/\/driftbastards.com\/wp-content\/uploads\/2023\/12\/BMW_Nabe01-scaled.webp","width":1829,"height":2560},{"@type":"BreadcrumbList","@id":"https:\/\/driftbastards.com\/produkt\/bmw-wheel-hub-bolt-circle-expansion\/#breadcrumb","itemListElement":[{"@type":"ListItem","position":1,"name":"Startseite","item":"https:\/\/driftbastards.com\/"},{"@type":"ListItem","position":2,"name":"Shop","item":"https:\/\/driftbastards.com\/shop\/"},{"@type":"ListItem","position":3,"name":"BMW Radnabe mit Lochkreiserweiterung auf 114.3\u00d75"}]},{"@type":"WebSite","@id":"https:\/\/driftbastards.com\/#website","url":"https:\/\/driftbastards.com\/","name":"DriftBastards","description":"Das verr\u00fcckteste DriftTeam der Schweiz","publisher":{"@id":"https:\/\/driftbastards.com\/#organization"},"potentialAction":[{"@type":"SearchAction","target":{"@type":"EntryPoint","urlTemplate":"https:\/\/driftbastards.com\/?s={search_term_string}"},"query-input":{"@type":"PropertyValueSpecification","valueRequired":true,"valueName":"search_term_string"}}],"inLanguage":"en-US"},{"@type":"Organization","@id":"https:\/\/driftbastards.com\/#organization","name":"DriftBastards","url":"https:\/\/driftbastards.com\/","logo":{"@type":"ImageObject","inLanguage":"en-US","@id":"https:\/\/driftbastards.com\/#\/schema\/logo\/image\/","url":"https:\/\/driftbastards.com\/wp-content\/uploads\/2023\/12\/cropped-driftbastardslogo-red.webp","contentUrl":"https:\/\/driftbastards.com\/wp-content\/uploads\/2023\/12\/cropped-driftbastardslogo-red.webp","width":217,"height":100,"caption":"DriftBastards"},"image":{"@id":"https:\/\/driftbastards.com\/#\/schema\/logo\/image\/"},"sameAs":["https:\/\/www.facebook.com\/driftbastards\/","https:\/\/www.instagram.com\/driftbastards.ch\/","https:\/\/www.youtube.com\/@DomenikZiiba"]}]}},"jetpack_sharing_enabled":true,"jetpack-related-posts":[{"id":8347,"url":"https:\/\/driftbastards.com\/en\/product\/e36-bremsscheiben-hinterachse\/","url_meta":{"origin":1806,"position":0},"title":"E36 Rear Brake Discs","author":"DriftBastards","date":"22. September 2025","format":false,"excerpt":"E36 Compact Bremsscheiben \/ Innenbel\u00fcftet Lochkreis 120x5 und 114.3x5 Gr\u00f6sse: 276mm Zustand: Neu \/ Unbenutzt! Herstellernummer: FEBI 12324 (OE BMW 34 21 6 864 903, 34 21 1 162 315, 34 21 1 165 211, 34 21 6 855 155) Lagermenge: 1Satz in Berneck","rel":"","context":"Similar post","block_context":{"text":"Similar post","link":""},"img":{"alt_text":"","src":"https:\/\/i0.wp.com\/driftbastards.com\/wp-content\/uploads\/2025\/09\/IMG_1589-scaled.jpg?resize=350%2C200&ssl=1","width":350,"height":200,"srcset":"https:\/\/i0.wp.com\/driftbastards.com\/wp-content\/uploads\/2025\/09\/IMG_1589-scaled.jpg?resize=350%2C200&ssl=1 1x, https:\/\/i0.wp.com\/driftbastards.com\/wp-content\/uploads\/2025\/09\/IMG_1589-scaled.jpg?resize=525%2C300&ssl=1 1.5x, https:\/\/i0.wp.com\/driftbastards.com\/wp-content\/uploads\/2025\/09\/IMG_1589-scaled.jpg?resize=700%2C400&ssl=1 2x, https:\/\/i0.wp.com\/driftbastards.com\/wp-content\/uploads\/2025\/09\/IMG_1589-scaled.jpg?resize=1050%2C600&ssl=1 3x, https:\/\/i0.wp.com\/driftbastards.com\/wp-content\/uploads\/2025\/09\/IMG_1589-scaled.jpg?resize=1400%2C800&ssl=1 4x"},"classes":[]},{"id":8341,"url":"https:\/\/driftbastards.com\/en\/product\/e36-compact-bremsscheiben\/","url_meta":{"origin":1806,"position":1},"title":"E36 Compact brake discs","author":"DriftBastards","date":"22. September 2025","format":false,"excerpt":"E36 Compact Bremsscheiben Lochkreis 120x5 und 114.3x5 Zustand: Neu \/ Unbenutzt! Herstellernummer: VA 82B0010 \/ HA 82B0775 Lagermenge: 1Satz in Berneck","rel":"","context":"Similar post","block_context":{"text":"Similar post","link":""},"img":{"alt_text":"","src":"https:\/\/i0.wp.com\/driftbastards.com\/wp-content\/uploads\/2025\/09\/IMG_1584-scaled.jpg?resize=350%2C200&ssl=1","width":350,"height":200,"srcset":"https:\/\/i0.wp.com\/driftbastards.com\/wp-content\/uploads\/2025\/09\/IMG_1584-scaled.jpg?resize=350%2C200&ssl=1 1x, https:\/\/i0.wp.com\/driftbastards.com\/wp-content\/uploads\/2025\/09\/IMG_1584-scaled.jpg?resize=525%2C300&ssl=1 1.5x, https:\/\/i0.wp.com\/driftbastards.com\/wp-content\/uploads\/2025\/09\/IMG_1584-scaled.jpg?resize=700%2C400&ssl=1 2x, https:\/\/i0.wp.com\/driftbastards.com\/wp-content\/uploads\/2025\/09\/IMG_1584-scaled.jpg?resize=1050%2C600&ssl=1 3x, https:\/\/i0.wp.com\/driftbastards.com\/wp-content\/uploads\/2025\/09\/IMG_1584-scaled.jpg?resize=1400%2C800&ssl=1 4x"},"classes":[]},{"id":6790,"url":"https:\/\/driftbastards.com\/en\/product\/driftbastards-shirt2024\/","url_meta":{"origin":1806,"position":2},"title":"DriftBastards &#8211; Shirt2024","author":"DriftBastards","date":"29. May 2024","format":false,"excerpt":"100% Baumwolle Hergestellt in der Schweiz","rel":"","context":"Similar post","block_context":{"text":"Similar post","link":""},"img":{"alt_text":"","src":"https:\/\/i0.wp.com\/driftbastards.com\/wp-content\/uploads\/2024\/05\/Muster-Ruecken-.png?resize=350%2C200&ssl=1","width":350,"height":200,"srcset":"https:\/\/i0.wp.com\/driftbastards.com\/wp-content\/uploads\/2024\/05\/Muster-Ruecken-.png?resize=350%2C200&ssl=1 1x, https:\/\/i0.wp.com\/driftbastards.com\/wp-content\/uploads\/2024\/05\/Muster-Ruecken-.png?resize=525%2C300&ssl=1 1.5x, https:\/\/i0.wp.com\/driftbastards.com\/wp-content\/uploads\/2024\/05\/Muster-Ruecken-.png?resize=700%2C400&ssl=1 2x, https:\/\/i0.wp.com\/driftbastards.com\/wp-content\/uploads\/2024\/05\/Muster-Ruecken-.png?resize=1050%2C600&ssl=1 3x, https:\/\/i0.wp.com\/driftbastards.com\/wp-content\/uploads\/2024\/05\/Muster-Ruecken-.png?resize=1400%2C800&ssl=1 4x"},"classes":[]},{"id":7066,"url":"https:\/\/driftbastards.com\/en\/product\/bastards-nobori-nissan-drift\/","url_meta":{"origin":1806,"position":3},"title":"Drift Bastards Nobori Flag","author":"DriftBastards","date":"7. December 2024","format":false,"excerpt":"\u00a0 Gr\u00f6sse: 50x150cm Farbe:\u00a0 Schwarz, Grau, Rot \u00a0 \u00a0 \u00a0","rel":"","context":"Similar post","block_context":{"text":"Similar post","link":""},"img":{"alt_text":"","src":"https:\/\/i0.wp.com\/driftbastards.com\/wp-content\/uploads\/2024\/12\/1000032316-scaled.jpg?resize=350%2C200&ssl=1","width":350,"height":200,"srcset":"https:\/\/i0.wp.com\/driftbastards.com\/wp-content\/uploads\/2024\/12\/1000032316-scaled.jpg?resize=350%2C200&ssl=1 1x, https:\/\/i0.wp.com\/driftbastards.com\/wp-content\/uploads\/2024\/12\/1000032316-scaled.jpg?resize=525%2C300&ssl=1 1.5x, https:\/\/i0.wp.com\/driftbastards.com\/wp-content\/uploads\/2024\/12\/1000032316-scaled.jpg?resize=700%2C400&ssl=1 2x, https:\/\/i0.wp.com\/driftbastards.com\/wp-content\/uploads\/2024\/12\/1000032316-scaled.jpg?resize=1050%2C600&ssl=1 3x, https:\/\/i0.wp.com\/driftbastards.com\/wp-content\/uploads\/2024\/12\/1000032316-scaled.jpg?resize=1400%2C800&ssl=1 4x"},"classes":[]},{"id":6789,"url":"https:\/\/driftbastards.com\/en\/product\/driftbastards-ps13\/","url_meta":{"origin":1806,"position":4},"title":"DriftBastards PS13","author":"DriftBastards","date":"29. May 2024","format":false,"excerpt":"\u00a0 Farbe: Mehrfarbig Spiegelnd \/ Gl\u00e4nzend Gr\u00f6sse: 15.2x5.6cm","rel":"","context":"With 1 comment","block_context":{"text":"With 1 comment","link":"https:\/\/driftbastards.com\/en\/product\/driftbastards-ps13\/#comments"},"img":{"alt_text":"","src":"https:\/\/i0.wp.com\/driftbastards.com\/wp-content\/uploads\/2024\/05\/Unbenannt-211.png?resize=350%2C200&ssl=1","width":350,"height":200,"srcset":"https:\/\/i0.wp.com\/driftbastards.com\/wp-content\/uploads\/2024\/05\/Unbenannt-211.png?resize=350%2C200&ssl=1 1x, https:\/\/i0.wp.com\/driftbastards.com\/wp-content\/uploads\/2024\/05\/Unbenannt-211.png?resize=525%2C300&ssl=1 1.5x, https:\/\/i0.wp.com\/driftbastards.com\/wp-content\/uploads\/2024\/05\/Unbenannt-211.png?resize=700%2C400&ssl=1 2x, https:\/\/i0.wp.com\/driftbastards.com\/wp-content\/uploads\/2024\/05\/Unbenannt-211.png?resize=1050%2C600&ssl=1 3x, https:\/\/i0.wp.com\/driftbastards.com\/wp-content\/uploads\/2024\/05\/Unbenannt-211.png?resize=1400%2C800&ssl=1 4x"},"classes":[]},{"id":6811,"url":"https:\/\/driftbastards.com\/en\/product\/driftbastards-prisma\/","url_meta":{"origin":1806,"position":5},"title":"DriftBastards Prisma","author":"DriftBastards","date":"2. June 2024","format":false,"excerpt":"\u00a0 Farbe: Prisma Gl\u00e4nzend Gr\u00f6sse: 14x6cm","rel":"","context":"Similar post","block_context":{"text":"Similar post","link":""},"img":{"alt_text":"","src":"https:\/\/i0.wp.com\/driftbastards.com\/wp-content\/uploads\/2024\/06\/Unbenannt-206.png?resize=350%2C200&ssl=1","width":350,"height":200,"srcset":"https:\/\/i0.wp.com\/driftbastards.com\/wp-content\/uploads\/2024\/06\/Unbenannt-206.png?resize=350%2C200&ssl=1 1x, https:\/\/i0.wp.com\/driftbastards.com\/wp-content\/uploads\/2024\/06\/Unbenannt-206.png?resize=525%2C300&ssl=1 1.5x, https:\/\/i0.wp.com\/driftbastards.com\/wp-content\/uploads\/2024\/06\/Unbenannt-206.png?resize=700%2C400&ssl=1 2x, https:\/\/i0.wp.com\/driftbastards.com\/wp-content\/uploads\/2024\/06\/Unbenannt-206.png?resize=1050%2C600&ssl=1 3x, https:\/\/i0.wp.com\/driftbastards.com\/wp-content\/uploads\/2024\/06\/Unbenannt-206.png?resize=1400%2C800&ssl=1 4x"},"classes":[]}],"_links":{"self":[{"href":"https:\/\/driftbastards.com\/en\/wp-json\/wp\/v2\/product\/1806","targetHints":{"allow":["GET"]}}],"collection":[{"href":"https:\/\/driftbastards.com\/en\/wp-json\/wp\/v2\/product"}],"about":[{"href":"https:\/\/driftbastards.com\/en\/wp-json\/wp\/v2\/types\/product"}],"replies":[{"embeddable":true,"href":"https:\/\/driftbastards.com\/en\/wp-json\/wp\/v2\/comments?post=1806"}],"wp:featuredmedia":[{"embeddable":true,"href":"https:\/\/driftbastards.com\/en\/wp-json\/wp\/v2\/media\/2682"}],"wp:attachment":[{"href":"https:\/\/driftbastards.com\/en\/wp-json\/wp\/v2\/media?parent=1806"}],"wp:term":[{"taxonomy":"product_brand","embeddable":true,"href":"https:\/\/driftbastards.com\/en\/wp-json\/wp\/v2\/product_brand?post=1806"},{"taxonomy":"product_cat","embeddable":true,"href":"https:\/\/driftbastards.com\/en\/wp-json\/wp\/v2\/product_cat?post=1806"},{"taxonomy":"product_tag","embeddable":true,"href":"https:\/\/driftbastards.com\/en\/wp-json\/wp\/v2\/product_tag?post=1806"}],"curies":[{"name":"wp","href":"https:\/\/api.w.org\/{rel}","templated":true}]}}