{"id":1808,"date":"2023-12-14T15:24:44","date_gmt":"2023-12-14T14:24:44","guid":{"rendered":"http:\/\/driftbastards.com\/?post_type=product&#038;p=1808"},"modified":"2026-04-21T19:12:07","modified_gmt":"2026-04-21T17:12:07","slug":"drift-bastards-base-cap-silber","status":"publish","type":"product","link":"https:\/\/driftbastards.com\/en\/product\/drift-bastards-base-cap-silber\/","title":{"rendered":"Drift-Bastards Basecap Silver"},"content":{"rendered":"<p><strong>Craftsmanship<\/strong>:  100% made in Switzerland, ensuring top-notch quality and durability.<\/p>\n<p><strong>Design<\/strong>: Embroidered with a shimmering silver thread, the DriftBastards logo immediately catches the eye. Say goodbye to cheap, mass-produced gear \u2013 our embroidery represents quality and a true passion for the drift sport. Made for motorsport enthusiasts, whether young or old, this cap suits your style, whether you're at the track or just out and about.<\/p>\n<p><strong>Material<\/strong>: Black basecap with a green underside of the visor and an adjustable strap at the back for a perfect fit! We focus on high-quality materials, clean craftsmanship, and maximum comfort.<\/p>\n<p><strong>Exclusivity<\/strong>: Be among the few who own this limited piece. Ideal for collectors and enthusiasts alike.<\/p>","protected":false},"excerpt":{"rendered":"<hr \/>\n<p>*** SALE, only till it runs out!!! ***<\/p>\n<p>Show your enthusiasm for the drift scene with the\u00a0<span style=\"font-size: 16px; font-style: normal; font-weight: 400;\">DriftBastards <\/span><span style=\"font-size: 16px;\">baseball cap. A true piece of design, created by the DriftBastards themselves, expressing your connection and passion for drifting.<\/span><\/p>\n<p>Made entirely in Switzerland!<\/p>","protected":false},"featured_media":6894,"comment_status":"open","ping_status":"closed","template":"","meta":{"_acf_changed":false,"site-sidebar-layout":"default","site-content-layout":"","ast-site-content-layout":"default","site-content-style":"default","site-sidebar-style":"default","ast-global-header-display":"","ast-banner-title-visibility":"","ast-main-header-display":"","ast-hfb-above-header-display":"","ast-hfb-below-header-display":"","ast-hfb-mobile-header-display":"","site-post-title":"","ast-breadcrumbs-content":"","ast-featured-img":"","footer-sml-layout":"","theme-transparent-header-meta":"default","adv-header-id-meta":"","stick-header-meta":"default","header-above-stick-meta":"","header-main-stick-meta":"","header-below-stick-meta":"","astra-migrate-meta-layouts":"set","ast-page-background-enabled":"default","ast-page-background-meta":{"desktop":{"background-color":"var(--ast-global-color-4)","background-image":"","background-repeat":"repeat","background-position":"center center","background-size":"auto","background-attachment":"scroll","background-type":"","background-media":"","overlay-type":"","overlay-color":"","overlay-opacity":"","overlay-gradient":""},"tablet":{"background-color":"","background-image":"","background-repeat":"repeat","background-position":"center center","background-size":"auto","background-attachment":"scroll","background-type":"","background-media":"","overlay-type":"","overlay-color":"","overlay-opacity":"","overlay-gradient":""},"mobile":{"background-color":"","background-image":"","background-repeat":"repeat","background-position":"center center","background-size":"auto","background-attachment":"scroll","background-type":"","background-media":"","overlay-type":"","overlay-color":"","overlay-opacity":"","overlay-gradient":""}},"ast-content-background-meta":{"desktop":{"background-color":"var(--ast-global-color-5)","background-image":"","background-repeat":"repeat","background-position":"center center","background-size":"auto","background-attachment":"scroll","background-type":"","background-media":"","overlay-type":"","overlay-color":"","overlay-opacity":"","overlay-gradient":""},"tablet":{"background-color":"var(--ast-global-color-5)","background-image":"","background-repeat":"repeat","background-position":"center center","background-size":"auto","background-attachment":"scroll","background-type":"","background-media":"","overlay-type":"","overlay-color":"","overlay-opacity":"","overlay-gradient":""},"mobile":{"background-color":"var(--ast-global-color-5)","background-image":"","background-repeat":"repeat","background-position":"center center","background-size":"auto","background-attachment":"scroll","background-type":"","background-media":"","overlay-type":"","overlay-color":"","overlay-opacity":"","overlay-gradient":""}}},"product_brand":[],"product_cat":[42,49],"product_tag":[],"class_list":{"0":"post-1808","1":"product","2":"type-product","3":"status-publish","4":"has-post-thumbnail","6":"product_cat-basecap","7":"product_cat-kleidung","8":"product_shipping_class-leicht","9":"desktop-align-left","10":"tablet-align-left","11":"mobile-align-left","12":"ast-product-gallery-layout-vertical-slider","13":"ast-product-tabs-layout-accordion","15":"first","16":"instock","17":"sale","18":"purchasable","19":"product-type-simple"},"acf":[],"yoast_head":"<!-- This site is optimized with the Yoast SEO plugin v27.4 - https:\/\/yoast.com\/product\/yoast-seo-wordpress\/ -->\n<title>Drift-Bastards Basecap Silber - DriftBastards<\/title>\n<meta name=\"robots\" content=\"index, follow, max-snippet:-1, max-image-preview:large, max-video-preview:-1\" \/>\n<link rel=\"canonical\" href=\"https:\/\/driftbastards.com\/en\/product\/drift-bastards-base-cap-silber\/\" \/>\n<meta property=\"og:locale\" content=\"en_US\" \/>\n<meta property=\"og:type\" content=\"article\" \/>\n<meta property=\"og:title\" content=\"Drift-Bastards Basecap Silber - DriftBastards\" \/>\n<meta property=\"og:description\" content=\"*** Aktions Preis, noch so lange Vorrat!!! ***  Demonstriere deine Begeisterung f\u00fcr die Drift-Szene mit der\u00a0DriftBastards Basecap. Ein echtes Designst\u00fcck, kreiert von den DriftBastards selbst, das deine Verbundenheit und Leidenschaft f\u00fcr das Driften ausdr\u00fcckt.  Vollst\u00e4ndig in der Schweiz gefertigt!\" \/>\n<meta property=\"og:url\" content=\"https:\/\/driftbastards.com\/en\/product\/drift-bastards-base-cap-silber\/\" \/>\n<meta property=\"og:site_name\" content=\"DriftBastards\" \/>\n<meta property=\"article:publisher\" content=\"https:\/\/www.facebook.com\/driftbastards\/\" \/>\n<meta property=\"article:modified_time\" content=\"2026-04-21T17:12:07+00:00\" \/>\n<meta property=\"og:image\" content=\"https:\/\/driftbastards.com\/wp-content\/uploads\/2023\/12\/Unbenannt-241-1024x731.png\" \/>\n\t<meta property=\"og:image:width\" content=\"1024\" \/>\n\t<meta property=\"og:image:height\" content=\"731\" \/>\n\t<meta property=\"og:image:type\" content=\"image\/png\" \/>\n<meta name=\"twitter:card\" content=\"summary_large_image\" \/>\n<meta name=\"twitter:label1\" content=\"Est. reading time\" \/>\n\t<meta name=\"twitter:data1\" content=\"1 minute\" \/>\n<script type=\"application\/ld+json\" class=\"yoast-schema-graph\">{\"@context\":\"https:\\\/\\\/schema.org\",\"@graph\":[{\"@type\":\"WebPage\",\"@id\":\"https:\\\/\\\/driftbastards.com\\\/produkt\\\/drift-bastards-base-cap-silber\\\/\",\"url\":\"https:\\\/\\\/driftbastards.com\\\/produkt\\\/drift-bastards-base-cap-silber\\\/\",\"name\":\"Drift-Bastards Basecap Silber - DriftBastards\",\"isPartOf\":{\"@id\":\"https:\\\/\\\/driftbastards.com\\\/#website\"},\"primaryImageOfPage\":{\"@id\":\"https:\\\/\\\/driftbastards.com\\\/produkt\\\/drift-bastards-base-cap-silber\\\/#primaryimage\"},\"image\":{\"@id\":\"https:\\\/\\\/driftbastards.com\\\/produkt\\\/drift-bastards-base-cap-silber\\\/#primaryimage\"},\"thumbnailUrl\":\"https:\\\/\\\/driftbastards.com\\\/wp-content\\\/uploads\\\/2023\\\/12\\\/Unbenannt-241.png\",\"datePublished\":\"2023-12-14T14:24:44+00:00\",\"dateModified\":\"2026-04-21T17:12:07+00:00\",\"breadcrumb\":{\"@id\":\"https:\\\/\\\/driftbastards.com\\\/produkt\\\/drift-bastards-base-cap-silber\\\/#breadcrumb\"},\"inLanguage\":\"en-US\",\"potentialAction\":[{\"@type\":\"ReadAction\",\"target\":[\"https:\\\/\\\/driftbastards.com\\\/produkt\\\/drift-bastards-base-cap-silber\\\/\"]}]},{\"@type\":\"ImageObject\",\"inLanguage\":\"en-US\",\"@id\":\"https:\\\/\\\/driftbastards.com\\\/produkt\\\/drift-bastards-base-cap-silber\\\/#primaryimage\",\"url\":\"https:\\\/\\\/driftbastards.com\\\/wp-content\\\/uploads\\\/2023\\\/12\\\/Unbenannt-241.png\",\"contentUrl\":\"https:\\\/\\\/driftbastards.com\\\/wp-content\\\/uploads\\\/2023\\\/12\\\/Unbenannt-241.png\",\"width\":7000,\"height\":5000},{\"@type\":\"BreadcrumbList\",\"@id\":\"https:\\\/\\\/driftbastards.com\\\/produkt\\\/drift-bastards-base-cap-silber\\\/#breadcrumb\",\"itemListElement\":[{\"@type\":\"ListItem\",\"position\":1,\"name\":\"Startseite\",\"item\":\"https:\\\/\\\/driftbastards.com\\\/\"},{\"@type\":\"ListItem\",\"position\":2,\"name\":\"Shop\",\"item\":\"https:\\\/\\\/driftbastards.com\\\/shop\\\/\"},{\"@type\":\"ListItem\",\"position\":3,\"name\":\"Drift-Bastards Basecap Silber\"}]},{\"@type\":\"WebSite\",\"@id\":\"https:\\\/\\\/driftbastards.com\\\/#website\",\"url\":\"https:\\\/\\\/driftbastards.com\\\/\",\"name\":\"DriftBastards\",\"description\":\"Das verr\u00fcckteste DriftTeam der Schweiz\",\"publisher\":{\"@id\":\"https:\\\/\\\/driftbastards.com\\\/#organization\"},\"potentialAction\":[{\"@type\":\"SearchAction\",\"target\":{\"@type\":\"EntryPoint\",\"urlTemplate\":\"https:\\\/\\\/driftbastards.com\\\/?s={search_term_string}\"},\"query-input\":{\"@type\":\"PropertyValueSpecification\",\"valueRequired\":true,\"valueName\":\"search_term_string\"}}],\"inLanguage\":\"en-US\"},{\"@type\":\"Organization\",\"@id\":\"https:\\\/\\\/driftbastards.com\\\/#organization\",\"name\":\"DriftBastards\",\"url\":\"https:\\\/\\\/driftbastards.com\\\/\",\"logo\":{\"@type\":\"ImageObject\",\"inLanguage\":\"en-US\",\"@id\":\"https:\\\/\\\/driftbastards.com\\\/#\\\/schema\\\/logo\\\/image\\\/\",\"url\":\"https:\\\/\\\/driftbastards.com\\\/wp-content\\\/uploads\\\/2023\\\/12\\\/cropped-driftbastardslogo-red.webp\",\"contentUrl\":\"https:\\\/\\\/driftbastards.com\\\/wp-content\\\/uploads\\\/2023\\\/12\\\/cropped-driftbastardslogo-red.webp\",\"width\":217,\"height\":100,\"caption\":\"DriftBastards\"},\"image\":{\"@id\":\"https:\\\/\\\/driftbastards.com\\\/#\\\/schema\\\/logo\\\/image\\\/\"},\"sameAs\":[\"https:\\\/\\\/www.facebook.com\\\/driftbastards\\\/\",\"https:\\\/\\\/www.instagram.com\\\/driftbastards.ch\\\/\",\"https:\\\/\\\/www.youtube.com\\\/@DomenikZiiba\"]}]}<\/script>\n<!-- \/ Yoast SEO plugin. -->","yoast_head_json":{"title":"Drift-Bastards Basecap Silber - DriftBastards","robots":{"index":"index","follow":"follow","max-snippet":"max-snippet:-1","max-image-preview":"max-image-preview:large","max-video-preview":"max-video-preview:-1"},"canonical":"https:\/\/driftbastards.com\/en\/product\/drift-bastards-base-cap-silber\/","og_locale":"en_US","og_type":"article","og_title":"Drift-Bastards Basecap Silber - DriftBastards","og_description":"*** Aktions Preis, noch so lange Vorrat!!! ***  Demonstriere deine Begeisterung f\u00fcr die Drift-Szene mit der\u00a0DriftBastards Basecap. Ein echtes Designst\u00fcck, kreiert von den DriftBastards selbst, das deine Verbundenheit und Leidenschaft f\u00fcr das Driften ausdr\u00fcckt.  Vollst\u00e4ndig in der Schweiz gefertigt!","og_url":"https:\/\/driftbastards.com\/en\/product\/drift-bastards-base-cap-silber\/","og_site_name":"DriftBastards","article_publisher":"https:\/\/www.facebook.com\/driftbastards\/","article_modified_time":"2026-04-21T17:12:07+00:00","og_image":[{"width":1024,"height":731,"url":"https:\/\/driftbastards.com\/wp-content\/uploads\/2023\/12\/Unbenannt-241-1024x731.png","type":"image\/png"}],"twitter_card":"summary_large_image","twitter_misc":{"Est. reading time":"1 minute"},"schema":{"@context":"https:\/\/schema.org","@graph":[{"@type":"WebPage","@id":"https:\/\/driftbastards.com\/produkt\/drift-bastards-base-cap-silber\/","url":"https:\/\/driftbastards.com\/produkt\/drift-bastards-base-cap-silber\/","name":"Drift-Bastards Basecap Silber - DriftBastards","isPartOf":{"@id":"https:\/\/driftbastards.com\/#website"},"primaryImageOfPage":{"@id":"https:\/\/driftbastards.com\/produkt\/drift-bastards-base-cap-silber\/#primaryimage"},"image":{"@id":"https:\/\/driftbastards.com\/produkt\/drift-bastards-base-cap-silber\/#primaryimage"},"thumbnailUrl":"https:\/\/driftbastards.com\/wp-content\/uploads\/2023\/12\/Unbenannt-241.png","datePublished":"2023-12-14T14:24:44+00:00","dateModified":"2026-04-21T17:12:07+00:00","breadcrumb":{"@id":"https:\/\/driftbastards.com\/produkt\/drift-bastards-base-cap-silber\/#breadcrumb"},"inLanguage":"en-US","potentialAction":[{"@type":"ReadAction","target":["https:\/\/driftbastards.com\/produkt\/drift-bastards-base-cap-silber\/"]}]},{"@type":"ImageObject","inLanguage":"en-US","@id":"https:\/\/driftbastards.com\/produkt\/drift-bastards-base-cap-silber\/#primaryimage","url":"https:\/\/driftbastards.com\/wp-content\/uploads\/2023\/12\/Unbenannt-241.png","contentUrl":"https:\/\/driftbastards.com\/wp-content\/uploads\/2023\/12\/Unbenannt-241.png","width":7000,"height":5000},{"@type":"BreadcrumbList","@id":"https:\/\/driftbastards.com\/produkt\/drift-bastards-base-cap-silber\/#breadcrumb","itemListElement":[{"@type":"ListItem","position":1,"name":"Startseite","item":"https:\/\/driftbastards.com\/"},{"@type":"ListItem","position":2,"name":"Shop","item":"https:\/\/driftbastards.com\/shop\/"},{"@type":"ListItem","position":3,"name":"Drift-Bastards Basecap Silber"}]},{"@type":"WebSite","@id":"https:\/\/driftbastards.com\/#website","url":"https:\/\/driftbastards.com\/","name":"DriftBastards","description":"Das verr\u00fcckteste DriftTeam der Schweiz","publisher":{"@id":"https:\/\/driftbastards.com\/#organization"},"potentialAction":[{"@type":"SearchAction","target":{"@type":"EntryPoint","urlTemplate":"https:\/\/driftbastards.com\/?s={search_term_string}"},"query-input":{"@type":"PropertyValueSpecification","valueRequired":true,"valueName":"search_term_string"}}],"inLanguage":"en-US"},{"@type":"Organization","@id":"https:\/\/driftbastards.com\/#organization","name":"DriftBastards","url":"https:\/\/driftbastards.com\/","logo":{"@type":"ImageObject","inLanguage":"en-US","@id":"https:\/\/driftbastards.com\/#\/schema\/logo\/image\/","url":"https:\/\/driftbastards.com\/wp-content\/uploads\/2023\/12\/cropped-driftbastardslogo-red.webp","contentUrl":"https:\/\/driftbastards.com\/wp-content\/uploads\/2023\/12\/cropped-driftbastardslogo-red.webp","width":217,"height":100,"caption":"DriftBastards"},"image":{"@id":"https:\/\/driftbastards.com\/#\/schema\/logo\/image\/"},"sameAs":["https:\/\/www.facebook.com\/driftbastards\/","https:\/\/www.instagram.com\/driftbastards.ch\/","https:\/\/www.youtube.com\/@DomenikZiiba"]}]}},"jetpack_sharing_enabled":true,"jetpack-related-posts":[{"id":7466,"url":"https:\/\/driftbastards.com\/en\/product\/drift-bastards-basecap-weiss-rot\/","url_meta":{"origin":1808,"position":0},"title":"Drift-Bastards Basecap Weiss\/Rot","author":"DriftBastards","date":"22. April 2025","format":false,"excerpt":"Demonstriere deine Begeisterung f\u00fcr die Drift-Szene und trage ein Basecap mit unserem ikonischen DriftBastards Logo. Ein echtes Designst\u00fcck, kreiert von den DriftBastards selbst, das deine Verbundenheit und Leidenschaft f\u00fcr das Driften ausdr\u00fcckt. Vollst\u00e4ndig in der Schweiz gefertigt!","rel":"","context":"Similar post","block_context":{"text":"Similar post","link":""},"img":{"alt_text":"","src":"https:\/\/i0.wp.com\/driftbastards.com\/wp-content\/uploads\/2025\/04\/Unbenannt-375.png?resize=350%2C200&ssl=1","width":350,"height":200,"srcset":"https:\/\/i0.wp.com\/driftbastards.com\/wp-content\/uploads\/2025\/04\/Unbenannt-375.png?resize=350%2C200&ssl=1 1x, https:\/\/i0.wp.com\/driftbastards.com\/wp-content\/uploads\/2025\/04\/Unbenannt-375.png?resize=525%2C300&ssl=1 1.5x, https:\/\/i0.wp.com\/driftbastards.com\/wp-content\/uploads\/2025\/04\/Unbenannt-375.png?resize=700%2C400&ssl=1 2x, https:\/\/i0.wp.com\/driftbastards.com\/wp-content\/uploads\/2025\/04\/Unbenannt-375.png?resize=1050%2C600&ssl=1 3x, https:\/\/i0.wp.com\/driftbastards.com\/wp-content\/uploads\/2025\/04\/Unbenannt-375.png?resize=1400%2C800&ssl=1 4x"},"classes":[]},{"id":1812,"url":"https:\/\/driftbastards.com\/en\/product\/drift-bastards-base-cap-weiss-bestickte\/","url_meta":{"origin":1808,"position":1},"title":"Drift-Bastards Baseball cap White","author":"diego","date":"14. December 2023","format":false,"excerpt":"Demonstriere deine Begeisterung f\u00fcr die Drift-Szene mit der\u00a0DriftBastards Basecap in wiess. Ein echtes Designst\u00fcck, kreiert von den DriftBastards selbst, das deine Verbundenheit und Leidenschaft f\u00fcr das Driften ausdr\u00fcckt. Vollst\u00e4ndig in der Schweiz gefertigt!","rel":"","context":"Similar post","block_context":{"text":"Similar post","link":""},"img":{"alt_text":"","src":"https:\/\/i0.wp.com\/driftbastards.com\/wp-content\/uploads\/2023\/12\/Unbenannt-243.png?resize=350%2C200&ssl=1","width":350,"height":200,"srcset":"https:\/\/i0.wp.com\/driftbastards.com\/wp-content\/uploads\/2023\/12\/Unbenannt-243.png?resize=350%2C200&ssl=1 1x, https:\/\/i0.wp.com\/driftbastards.com\/wp-content\/uploads\/2023\/12\/Unbenannt-243.png?resize=525%2C300&ssl=1 1.5x, https:\/\/i0.wp.com\/driftbastards.com\/wp-content\/uploads\/2023\/12\/Unbenannt-243.png?resize=700%2C400&ssl=1 2x, https:\/\/i0.wp.com\/driftbastards.com\/wp-content\/uploads\/2023\/12\/Unbenannt-243.png?resize=1050%2C600&ssl=1 3x, https:\/\/i0.wp.com\/driftbastards.com\/wp-content\/uploads\/2023\/12\/Unbenannt-243.png?resize=1400%2C800&ssl=1 4x"},"classes":[]},{"id":7470,"url":"https:\/\/driftbastards.com\/en\/product\/drift-bastards-beanie-in-weiss-rot\/","url_meta":{"origin":1808,"position":2},"title":"Drift-Bastards Beanie in Weiss\/Rot","author":"DriftBastards","date":"22. April 2025","format":false,"excerpt":"Demonstriere deine Begeisterung f\u00fcr die Drift-Szene und trage ein Beanie mit unserem ikonischen DriftBastards Logo. Ein echtes Designst\u00fcck, kreiert von den DriftBastards selbst, das deine Verbundenheit und Leidenschaft f\u00fcr das Driften ausdr\u00fcckt. Vollst\u00e4ndig in der Schweiz gefertigt!","rel":"","context":"Similar post","block_context":{"text":"Similar post","link":""},"img":{"alt_text":"","src":"https:\/\/i0.wp.com\/driftbastards.com\/wp-content\/uploads\/2025\/04\/Unbenannt-377.png?resize=350%2C200&ssl=1","width":350,"height":200,"srcset":"https:\/\/i0.wp.com\/driftbastards.com\/wp-content\/uploads\/2025\/04\/Unbenannt-377.png?resize=350%2C200&ssl=1 1x, https:\/\/i0.wp.com\/driftbastards.com\/wp-content\/uploads\/2025\/04\/Unbenannt-377.png?resize=525%2C300&ssl=1 1.5x, https:\/\/i0.wp.com\/driftbastards.com\/wp-content\/uploads\/2025\/04\/Unbenannt-377.png?resize=700%2C400&ssl=1 2x, https:\/\/i0.wp.com\/driftbastards.com\/wp-content\/uploads\/2025\/04\/Unbenannt-377.png?resize=1050%2C600&ssl=1 3x, https:\/\/i0.wp.com\/driftbastards.com\/wp-content\/uploads\/2025\/04\/Unbenannt-377.png?resize=1400%2C800&ssl=1 4x"},"classes":[]},{"id":1826,"url":"https:\/\/driftbastards.com\/en\/product\/drift-bastards-sticker-silber\/","url_meta":{"origin":1808,"position":3},"title":"Bastards Est 2015 Silber Decal","author":"diego","date":"14. December 2023","format":false,"excerpt":"\u00a0 Farbe: Chrom Spiegelnd\/Gl\u00e4nzend Gr\u00f6sse: 16x5.5cm","rel":"","context":"Similar post","block_context":{"text":"Similar post","link":""},"img":{"alt_text":"","src":"https:\/\/i0.wp.com\/driftbastards.com\/wp-content\/uploads\/2023\/12\/Unbenannt-213.png?resize=350%2C200&ssl=1","width":350,"height":200,"srcset":"https:\/\/i0.wp.com\/driftbastards.com\/wp-content\/uploads\/2023\/12\/Unbenannt-213.png?resize=350%2C200&ssl=1 1x, https:\/\/i0.wp.com\/driftbastards.com\/wp-content\/uploads\/2023\/12\/Unbenannt-213.png?resize=525%2C300&ssl=1 1.5x, https:\/\/i0.wp.com\/driftbastards.com\/wp-content\/uploads\/2023\/12\/Unbenannt-213.png?resize=700%2C400&ssl=1 2x, https:\/\/i0.wp.com\/driftbastards.com\/wp-content\/uploads\/2023\/12\/Unbenannt-213.png?resize=1050%2C600&ssl=1 3x, https:\/\/i0.wp.com\/driftbastards.com\/wp-content\/uploads\/2023\/12\/Unbenannt-213.png?resize=1400%2C800&ssl=1 4x"},"classes":[]},{"id":7526,"url":"https:\/\/driftbastards.com\/en\/product\/driftbastards-sticker-2025-glitzer\/","url_meta":{"origin":1808,"position":4},"title":"DriftBastards Sticker 2025 Glitter","author":"DriftBastards","date":"25. April 2025","format":false,"excerpt":"\u00a0 Farbe: Silber Glitzer\/Gl\u00e4nzend Gr\u00f6sse: 16x6.6cm","rel":"","context":"Similar post","block_context":{"text":"Similar post","link":""},"img":{"alt_text":"","src":"https:\/\/i0.wp.com\/driftbastards.com\/wp-content\/uploads\/2025\/04\/Unbenannt-395.png?resize=350%2C200&ssl=1","width":350,"height":200,"srcset":"https:\/\/i0.wp.com\/driftbastards.com\/wp-content\/uploads\/2025\/04\/Unbenannt-395.png?resize=350%2C200&ssl=1 1x, https:\/\/i0.wp.com\/driftbastards.com\/wp-content\/uploads\/2025\/04\/Unbenannt-395.png?resize=525%2C300&ssl=1 1.5x, https:\/\/i0.wp.com\/driftbastards.com\/wp-content\/uploads\/2025\/04\/Unbenannt-395.png?resize=700%2C400&ssl=1 2x, https:\/\/i0.wp.com\/driftbastards.com\/wp-content\/uploads\/2025\/04\/Unbenannt-395.png?resize=1050%2C600&ssl=1 3x, https:\/\/i0.wp.com\/driftbastards.com\/wp-content\/uploads\/2025\/04\/Unbenannt-395.png?resize=1400%2C800&ssl=1 4x"},"classes":[]},{"id":6789,"url":"https:\/\/driftbastards.com\/en\/product\/driftbastards-ps13\/","url_meta":{"origin":1808,"position":5},"title":"DriftBastards PS13","author":"DriftBastards","date":"29. May 2024","format":false,"excerpt":"\u00a0 Farbe: Mehrfarbig Spiegelnd \/ Gl\u00e4nzend Gr\u00f6sse: 15.2x5.6cm","rel":"","context":"With 1 comment","block_context":{"text":"With 1 comment","link":"https:\/\/driftbastards.com\/en\/product\/driftbastards-ps13\/#comments"},"img":{"alt_text":"","src":"https:\/\/i0.wp.com\/driftbastards.com\/wp-content\/uploads\/2024\/05\/Unbenannt-211.png?resize=350%2C200&ssl=1","width":350,"height":200,"srcset":"https:\/\/i0.wp.com\/driftbastards.com\/wp-content\/uploads\/2024\/05\/Unbenannt-211.png?resize=350%2C200&ssl=1 1x, https:\/\/i0.wp.com\/driftbastards.com\/wp-content\/uploads\/2024\/05\/Unbenannt-211.png?resize=525%2C300&ssl=1 1.5x, https:\/\/i0.wp.com\/driftbastards.com\/wp-content\/uploads\/2024\/05\/Unbenannt-211.png?resize=700%2C400&ssl=1 2x, https:\/\/i0.wp.com\/driftbastards.com\/wp-content\/uploads\/2024\/05\/Unbenannt-211.png?resize=1050%2C600&ssl=1 3x, https:\/\/i0.wp.com\/driftbastards.com\/wp-content\/uploads\/2024\/05\/Unbenannt-211.png?resize=1400%2C800&ssl=1 4x"},"classes":[]}],"_links":{"self":[{"href":"https:\/\/driftbastards.com\/en\/wp-json\/wp\/v2\/product\/1808","targetHints":{"allow":["GET"]}}],"collection":[{"href":"https:\/\/driftbastards.com\/en\/wp-json\/wp\/v2\/product"}],"about":[{"href":"https:\/\/driftbastards.com\/en\/wp-json\/wp\/v2\/types\/product"}],"replies":[{"embeddable":true,"href":"https:\/\/driftbastards.com\/en\/wp-json\/wp\/v2\/comments?post=1808"}],"wp:featuredmedia":[{"embeddable":true,"href":"https:\/\/driftbastards.com\/en\/wp-json\/wp\/v2\/media\/6894"}],"wp:attachment":[{"href":"https:\/\/driftbastards.com\/en\/wp-json\/wp\/v2\/media?parent=1808"}],"wp:term":[{"taxonomy":"product_brand","embeddable":true,"href":"https:\/\/driftbastards.com\/en\/wp-json\/wp\/v2\/product_brand?post=1808"},{"taxonomy":"product_cat","embeddable":true,"href":"https:\/\/driftbastards.com\/en\/wp-json\/wp\/v2\/product_cat?post=1808"},{"taxonomy":"product_tag","embeddable":true,"href":"https:\/\/driftbastards.com\/en\/wp-json\/wp\/v2\/product_tag?post=1808"}],"curies":[{"name":"wp","href":"https:\/\/api.w.org\/{rel}","templated":true}]}}