{"id":1821,"date":"2023-12-14T15:24:38","date_gmt":"2023-12-14T14:24:38","guid":{"rendered":"http:\/\/driftbastards.com\/?post_type=product&#038;p=1821"},"modified":"2025-12-01T08:24:00","modified_gmt":"2025-12-01T07:24:00","slug":"bastards-heckscheibenbanner-white","status":"publish","type":"product","link":"https:\/\/driftbastards.com\/en\/product\/bastards-heckscheibenbanner-white\/","title":{"rendered":"Bastards Roar Window Sticker \u2013 Chrome"},"content":{"rendered":"<p><b>Show your flag and support the Drift-Bastards by purchasing a super stylish sticker.<\/b><\/p>\n<p><strong>Egal wo, ob auf der Heckscheibe, K\u00fchlschrank oder Glast\u00fcre, dieser Sticker verleihen jedem Untergrund den <\/strong><\/p>\n<p><strong>Bastards Style!<\/strong><\/p>","protected":false},"excerpt":{"rendered":"<hr \/>\n<ul>\n<li><strong>Size:<\/strong> 600x300mm<\/li>\n<li><strong>Color:<\/strong> Glossy White<\/li>\n<li><b>Vinyl Decal<\/b><\/li>\n<li><strong>Waterproof<\/strong><\/li>\n<li><strong>Self-adhesive<\/strong><\/li>\n<\/ul>","protected":false},"featured_media":1818,"comment_status":"open","ping_status":"closed","template":"","meta":{"_acf_changed":false,"site-sidebar-layout":"default","site-content-layout":"","ast-site-content-layout":"default","site-content-style":"default","site-sidebar-style":"default","ast-global-header-display":"","ast-banner-title-visibility":"","ast-main-header-display":"","ast-hfb-above-header-display":"","ast-hfb-below-header-display":"","ast-hfb-mobile-header-display":"","site-post-title":"","ast-breadcrumbs-content":"","ast-featured-img":"","footer-sml-layout":"","theme-transparent-header-meta":"default","adv-header-id-meta":"","stick-header-meta":"default","header-above-stick-meta":"","header-main-stick-meta":"","header-below-stick-meta":"","astra-migrate-meta-layouts":"set","ast-page-background-enabled":"default","ast-page-background-meta":{"desktop":{"background-color":"var(--ast-global-color-4)","background-image":"","background-repeat":"repeat","background-position":"center center","background-size":"auto","background-attachment":"scroll","background-type":"","background-media":"","overlay-type":"","overlay-color":"","overlay-opacity":"","overlay-gradient":""},"tablet":{"background-color":"","background-image":"","background-repeat":"repeat","background-position":"center center","background-size":"auto","background-attachment":"scroll","background-type":"","background-media":"","overlay-type":"","overlay-color":"","overlay-opacity":"","overlay-gradient":""},"mobile":{"background-color":"","background-image":"","background-repeat":"repeat","background-position":"center center","background-size":"auto","background-attachment":"scroll","background-type":"","background-media":"","overlay-type":"","overlay-color":"","overlay-opacity":"","overlay-gradient":""}},"ast-content-background-meta":{"desktop":{"background-color":"var(--ast-global-color-5)","background-image":"","background-repeat":"repeat","background-position":"center center","background-size":"auto","background-attachment":"scroll","background-type":"","background-media":"","overlay-type":"","overlay-color":"","overlay-opacity":"","overlay-gradient":""},"tablet":{"background-color":"var(--ast-global-color-5)","background-image":"","background-repeat":"repeat","background-position":"center center","background-size":"auto","background-attachment":"scroll","background-type":"","background-media":"","overlay-type":"","overlay-color":"","overlay-opacity":"","overlay-gradient":""},"mobile":{"background-color":"var(--ast-global-color-5)","background-image":"","background-repeat":"repeat","background-position":"center center","background-size":"auto","background-attachment":"scroll","background-type":"","background-media":"","overlay-type":"","overlay-color":"","overlay-opacity":"","overlay-gradient":""}}},"product_brand":[],"product_cat":[41],"product_tag":[],"class_list":{"0":"post-1821","1":"product","2":"type-product","3":"status-publish","4":"has-post-thumbnail","6":"product_cat-sticker","7":"product_shipping_class-leicht","8":"desktop-align-left","9":"tablet-align-left","10":"mobile-align-left","11":"ast-product-gallery-layout-vertical-slider","12":"ast-product-tabs-layout-accordion","14":"first","15":"instock","16":"purchasable","17":"product-type-simple"},"acf":[],"yoast_head":"<!-- This site is optimized with the Yoast SEO plugin v26.8 - https:\/\/yoast.com\/product\/yoast-seo-wordpress\/ -->\n<title>Bastards Heckscheiben Sticker - Weiss - DriftBastards<\/title>\n<meta name=\"robots\" content=\"index, follow, max-snippet:-1, max-image-preview:large, max-video-preview:-1\" \/>\n<link rel=\"canonical\" href=\"https:\/\/driftbastards.com\/en\/product\/bastards-heckscheibenbanner-white\/\" \/>\n<meta property=\"og:locale\" content=\"en_US\" \/>\n<meta property=\"og:type\" content=\"article\" \/>\n<meta property=\"og:title\" content=\"Bastards Heckscheiben Sticker - Weiss - DriftBastards\" \/>\n<meta property=\"og:description\" content=\"Gr\u00f6\u00dfe: 600x300mm  Farbe: Weiss (gl\u00e4nzend)  Vinyl Sticker  Wetterfest  Selbstklebend\" \/>\n<meta property=\"og:url\" content=\"https:\/\/driftbastards.com\/en\/product\/bastards-heckscheibenbanner-white\/\" \/>\n<meta property=\"og:site_name\" content=\"DriftBastards\" \/>\n<meta property=\"article:publisher\" content=\"https:\/\/www.facebook.com\/driftbastards\/\" \/>\n<meta property=\"article:modified_time\" content=\"2025-12-01T07:24:00+00:00\" \/>\n<meta property=\"og:image\" content=\"https:\/\/driftbastards.com\/wp-content\/uploads\/2023\/12\/WestSchweizCustoms_DriftBastards_Heckscheibenkleber-scaled-1.jpg\" \/>\n\t<meta property=\"og:image:width\" content=\"2560\" \/>\n\t<meta property=\"og:image:height\" content=\"1829\" \/>\n\t<meta property=\"og:image:type\" content=\"image\/jpeg\" \/>\n<meta name=\"twitter:card\" content=\"summary_large_image\" \/>\n<meta name=\"twitter:label1\" content=\"Est. reading time\" \/>\n\t<meta name=\"twitter:data1\" content=\"1 minute\" \/>\n<script type=\"application\/ld+json\" class=\"yoast-schema-graph\">{\"@context\":\"https:\/\/schema.org\",\"@graph\":[{\"@type\":\"WebPage\",\"@id\":\"https:\/\/driftbastards.com\/produkt\/bastards-heckscheibenbanner-white\/\",\"url\":\"https:\/\/driftbastards.com\/produkt\/bastards-heckscheibenbanner-white\/\",\"name\":\"Bastards Heckscheiben Sticker - Weiss - DriftBastards\",\"isPartOf\":{\"@id\":\"https:\/\/driftbastards.com\/#website\"},\"primaryImageOfPage\":{\"@id\":\"https:\/\/driftbastards.com\/produkt\/bastards-heckscheibenbanner-white\/#primaryimage\"},\"image\":{\"@id\":\"https:\/\/driftbastards.com\/produkt\/bastards-heckscheibenbanner-white\/#primaryimage\"},\"thumbnailUrl\":\"https:\/\/driftbastards.com\/wp-content\/uploads\/2023\/12\/WestSchweizCustoms_DriftBastards_Heckscheibenkleber-scaled-1.jpg\",\"datePublished\":\"2023-12-14T14:24:38+00:00\",\"dateModified\":\"2025-12-01T07:24:00+00:00\",\"breadcrumb\":{\"@id\":\"https:\/\/driftbastards.com\/produkt\/bastards-heckscheibenbanner-white\/#breadcrumb\"},\"inLanguage\":\"en-US\",\"potentialAction\":[{\"@type\":\"ReadAction\",\"target\":[\"https:\/\/driftbastards.com\/produkt\/bastards-heckscheibenbanner-white\/\"]}]},{\"@type\":\"ImageObject\",\"inLanguage\":\"en-US\",\"@id\":\"https:\/\/driftbastards.com\/produkt\/bastards-heckscheibenbanner-white\/#primaryimage\",\"url\":\"https:\/\/driftbastards.com\/wp-content\/uploads\/2023\/12\/WestSchweizCustoms_DriftBastards_Heckscheibenkleber-scaled-1.jpg\",\"contentUrl\":\"https:\/\/driftbastards.com\/wp-content\/uploads\/2023\/12\/WestSchweizCustoms_DriftBastards_Heckscheibenkleber-scaled-1.jpg\",\"width\":2560,\"height\":1829},{\"@type\":\"BreadcrumbList\",\"@id\":\"https:\/\/driftbastards.com\/produkt\/bastards-heckscheibenbanner-white\/#breadcrumb\",\"itemListElement\":[{\"@type\":\"ListItem\",\"position\":1,\"name\":\"Startseite\",\"item\":\"https:\/\/driftbastards.com\/\"},{\"@type\":\"ListItem\",\"position\":2,\"name\":\"Shop\",\"item\":\"https:\/\/driftbastards.com\/shop\/\"},{\"@type\":\"ListItem\",\"position\":3,\"name\":\"Bastards Heckscheiben Sticker &#8211; Weiss\"}]},{\"@type\":\"WebSite\",\"@id\":\"https:\/\/driftbastards.com\/#website\",\"url\":\"https:\/\/driftbastards.com\/\",\"name\":\"DriftBastards\",\"description\":\"Das verr\u00fcckteste DriftTeam der Schweiz\",\"publisher\":{\"@id\":\"https:\/\/driftbastards.com\/#organization\"},\"potentialAction\":[{\"@type\":\"SearchAction\",\"target\":{\"@type\":\"EntryPoint\",\"urlTemplate\":\"https:\/\/driftbastards.com\/?s={search_term_string}\"},\"query-input\":{\"@type\":\"PropertyValueSpecification\",\"valueRequired\":true,\"valueName\":\"search_term_string\"}}],\"inLanguage\":\"en-US\"},{\"@type\":\"Organization\",\"@id\":\"https:\/\/driftbastards.com\/#organization\",\"name\":\"DriftBastards\",\"url\":\"https:\/\/driftbastards.com\/\",\"logo\":{\"@type\":\"ImageObject\",\"inLanguage\":\"en-US\",\"@id\":\"https:\/\/driftbastards.com\/#\/schema\/logo\/image\/\",\"url\":\"https:\/\/driftbastards.com\/wp-content\/uploads\/2023\/12\/cropped-driftbastardslogo-red.webp\",\"contentUrl\":\"https:\/\/driftbastards.com\/wp-content\/uploads\/2023\/12\/cropped-driftbastardslogo-red.webp\",\"width\":217,\"height\":100,\"caption\":\"DriftBastards\"},\"image\":{\"@id\":\"https:\/\/driftbastards.com\/#\/schema\/logo\/image\/\"},\"sameAs\":[\"https:\/\/www.facebook.com\/driftbastards\/\",\"https:\/\/www.instagram.com\/driftbastards.ch\/\",\"https:\/\/www.youtube.com\/@DomenikZiiba\"]}]}<\/script>\n<!-- \/ Yoast SEO plugin. -->","yoast_head_json":{"title":"Bastards Heckscheiben Sticker - Weiss - DriftBastards","robots":{"index":"index","follow":"follow","max-snippet":"max-snippet:-1","max-image-preview":"max-image-preview:large","max-video-preview":"max-video-preview:-1"},"canonical":"https:\/\/driftbastards.com\/en\/product\/bastards-heckscheibenbanner-white\/","og_locale":"en_US","og_type":"article","og_title":"Bastards Heckscheiben Sticker - Weiss - DriftBastards","og_description":"Gr\u00f6\u00dfe: 600x300mm  Farbe: Weiss (gl\u00e4nzend)  Vinyl Sticker  Wetterfest  Selbstklebend","og_url":"https:\/\/driftbastards.com\/en\/product\/bastards-heckscheibenbanner-white\/","og_site_name":"DriftBastards","article_publisher":"https:\/\/www.facebook.com\/driftbastards\/","article_modified_time":"2025-12-01T07:24:00+00:00","og_image":[{"width":2560,"height":1829,"url":"https:\/\/driftbastards.com\/wp-content\/uploads\/2023\/12\/WestSchweizCustoms_DriftBastards_Heckscheibenkleber-scaled-1.jpg","type":"image\/jpeg"}],"twitter_card":"summary_large_image","twitter_misc":{"Est. reading time":"1 minute"},"schema":{"@context":"https:\/\/schema.org","@graph":[{"@type":"WebPage","@id":"https:\/\/driftbastards.com\/produkt\/bastards-heckscheibenbanner-white\/","url":"https:\/\/driftbastards.com\/produkt\/bastards-heckscheibenbanner-white\/","name":"Bastards Heckscheiben Sticker - Weiss - DriftBastards","isPartOf":{"@id":"https:\/\/driftbastards.com\/#website"},"primaryImageOfPage":{"@id":"https:\/\/driftbastards.com\/produkt\/bastards-heckscheibenbanner-white\/#primaryimage"},"image":{"@id":"https:\/\/driftbastards.com\/produkt\/bastards-heckscheibenbanner-white\/#primaryimage"},"thumbnailUrl":"https:\/\/driftbastards.com\/wp-content\/uploads\/2023\/12\/WestSchweizCustoms_DriftBastards_Heckscheibenkleber-scaled-1.jpg","datePublished":"2023-12-14T14:24:38+00:00","dateModified":"2025-12-01T07:24:00+00:00","breadcrumb":{"@id":"https:\/\/driftbastards.com\/produkt\/bastards-heckscheibenbanner-white\/#breadcrumb"},"inLanguage":"en-US","potentialAction":[{"@type":"ReadAction","target":["https:\/\/driftbastards.com\/produkt\/bastards-heckscheibenbanner-white\/"]}]},{"@type":"ImageObject","inLanguage":"en-US","@id":"https:\/\/driftbastards.com\/produkt\/bastards-heckscheibenbanner-white\/#primaryimage","url":"https:\/\/driftbastards.com\/wp-content\/uploads\/2023\/12\/WestSchweizCustoms_DriftBastards_Heckscheibenkleber-scaled-1.jpg","contentUrl":"https:\/\/driftbastards.com\/wp-content\/uploads\/2023\/12\/WestSchweizCustoms_DriftBastards_Heckscheibenkleber-scaled-1.jpg","width":2560,"height":1829},{"@type":"BreadcrumbList","@id":"https:\/\/driftbastards.com\/produkt\/bastards-heckscheibenbanner-white\/#breadcrumb","itemListElement":[{"@type":"ListItem","position":1,"name":"Startseite","item":"https:\/\/driftbastards.com\/"},{"@type":"ListItem","position":2,"name":"Shop","item":"https:\/\/driftbastards.com\/shop\/"},{"@type":"ListItem","position":3,"name":"Bastards Heckscheiben Sticker &#8211; Weiss"}]},{"@type":"WebSite","@id":"https:\/\/driftbastards.com\/#website","url":"https:\/\/driftbastards.com\/","name":"DriftBastards","description":"Das verr\u00fcckteste DriftTeam der Schweiz","publisher":{"@id":"https:\/\/driftbastards.com\/#organization"},"potentialAction":[{"@type":"SearchAction","target":{"@type":"EntryPoint","urlTemplate":"https:\/\/driftbastards.com\/?s={search_term_string}"},"query-input":{"@type":"PropertyValueSpecification","valueRequired":true,"valueName":"search_term_string"}}],"inLanguage":"en-US"},{"@type":"Organization","@id":"https:\/\/driftbastards.com\/#organization","name":"DriftBastards","url":"https:\/\/driftbastards.com\/","logo":{"@type":"ImageObject","inLanguage":"en-US","@id":"https:\/\/driftbastards.com\/#\/schema\/logo\/image\/","url":"https:\/\/driftbastards.com\/wp-content\/uploads\/2023\/12\/cropped-driftbastardslogo-red.webp","contentUrl":"https:\/\/driftbastards.com\/wp-content\/uploads\/2023\/12\/cropped-driftbastardslogo-red.webp","width":217,"height":100,"caption":"DriftBastards"},"image":{"@id":"https:\/\/driftbastards.com\/#\/schema\/logo\/image\/"},"sameAs":["https:\/\/www.facebook.com\/driftbastards\/","https:\/\/www.instagram.com\/driftbastards.ch\/","https:\/\/www.youtube.com\/@DomenikZiiba"]}]}},"jetpack_sharing_enabled":true,"jetpack-related-posts":[{"id":7065,"url":"https:\/\/driftbastards.com\/en\/product\/bastards-heckscheiben-sticker-schwarz-matt\/","url_meta":{"origin":1821,"position":0},"title":"Bastards Heckscheiben Sticker &#8211; Schwarz Matt","author":"DriftBastards","date":"30. November 2024","format":false,"excerpt":"Gr\u00f6\u00dfe: 600x300mm Farbe: Chrom Vinyl Sticker Wetterfest Selbstklebend","rel":"","context":"Similar post","block_context":{"text":"Similar post","link":""},"img":{"alt_text":"","src":"https:\/\/i0.wp.com\/driftbastards.com\/wp-content\/uploads\/2023\/12\/WestSchweizCustoms_DriftBastards_Heckscheibenkleber-scaled-1.jpg?resize=350%2C200&ssl=1","width":350,"height":200,"srcset":"https:\/\/i0.wp.com\/driftbastards.com\/wp-content\/uploads\/2023\/12\/WestSchweizCustoms_DriftBastards_Heckscheibenkleber-scaled-1.jpg?resize=350%2C200&ssl=1 1x, https:\/\/i0.wp.com\/driftbastards.com\/wp-content\/uploads\/2023\/12\/WestSchweizCustoms_DriftBastards_Heckscheibenkleber-scaled-1.jpg?resize=525%2C300&ssl=1 1.5x, https:\/\/i0.wp.com\/driftbastards.com\/wp-content\/uploads\/2023\/12\/WestSchweizCustoms_DriftBastards_Heckscheibenkleber-scaled-1.jpg?resize=700%2C400&ssl=1 2x, https:\/\/i0.wp.com\/driftbastards.com\/wp-content\/uploads\/2023\/12\/WestSchweizCustoms_DriftBastards_Heckscheibenkleber-scaled-1.jpg?resize=1050%2C600&ssl=1 3x, https:\/\/i0.wp.com\/driftbastards.com\/wp-content\/uploads\/2023\/12\/WestSchweizCustoms_DriftBastards_Heckscheibenkleber-scaled-1.jpg?resize=1400%2C800&ssl=1 4x"},"classes":[]},{"id":2695,"url":"https:\/\/driftbastards.com\/en\/product\/bastards-rear-window-decal-chrome\/","url_meta":{"origin":1821,"position":1},"title":"Bastards Roar Window Sticker \u2013 Chrome","author":"DriftBastards","date":"20. December 2023","format":false,"excerpt":"Gr\u00f6\u00dfe: 600x300mm Farbe: Chrom Vinyl Sticker Wetterfest Selbstklebend","rel":"","context":"Similar post","block_context":{"text":"Similar post","link":""},"img":{"alt_text":"","src":"https:\/\/i0.wp.com\/driftbastards.com\/wp-content\/uploads\/2023\/12\/WestSchweizCustoms_DriftBastards_Heckscheibenkleber-scaled-1.jpg?resize=350%2C200&ssl=1","width":350,"height":200,"srcset":"https:\/\/i0.wp.com\/driftbastards.com\/wp-content\/uploads\/2023\/12\/WestSchweizCustoms_DriftBastards_Heckscheibenkleber-scaled-1.jpg?resize=350%2C200&ssl=1 1x, https:\/\/i0.wp.com\/driftbastards.com\/wp-content\/uploads\/2023\/12\/WestSchweizCustoms_DriftBastards_Heckscheibenkleber-scaled-1.jpg?resize=525%2C300&ssl=1 1.5x, https:\/\/i0.wp.com\/driftbastards.com\/wp-content\/uploads\/2023\/12\/WestSchweizCustoms_DriftBastards_Heckscheibenkleber-scaled-1.jpg?resize=700%2C400&ssl=1 2x, https:\/\/i0.wp.com\/driftbastards.com\/wp-content\/uploads\/2023\/12\/WestSchweizCustoms_DriftBastards_Heckscheibenkleber-scaled-1.jpg?resize=1050%2C600&ssl=1 3x, https:\/\/i0.wp.com\/driftbastards.com\/wp-content\/uploads\/2023\/12\/WestSchweizCustoms_DriftBastards_Heckscheibenkleber-scaled-1.jpg?resize=1400%2C800&ssl=1 4x"},"classes":[]},{"id":7522,"url":"https:\/\/driftbastards.com\/en\/product\/driftbastards-sticker-2025-gold-weiss\/","url_meta":{"origin":1821,"position":2},"title":"DriftBastards Sticker 2025 Bronze\/Weiss","author":"DriftBastards","date":"25. April 2025","format":false,"excerpt":"\u00a0 Farbe: Bronze Glitzer\/Gl\u00e4nzend Gr\u00f6sse: 16x6.6cm","rel":"","context":"Similar post","block_context":{"text":"Similar post","link":""},"img":{"alt_text":"","src":"https:\/\/i0.wp.com\/driftbastards.com\/wp-content\/uploads\/2025\/04\/Unbenannt-392.png?resize=350%2C200&ssl=1","width":350,"height":200,"srcset":"https:\/\/i0.wp.com\/driftbastards.com\/wp-content\/uploads\/2025\/04\/Unbenannt-392.png?resize=350%2C200&ssl=1 1x, https:\/\/i0.wp.com\/driftbastards.com\/wp-content\/uploads\/2025\/04\/Unbenannt-392.png?resize=525%2C300&ssl=1 1.5x, https:\/\/i0.wp.com\/driftbastards.com\/wp-content\/uploads\/2025\/04\/Unbenannt-392.png?resize=700%2C400&ssl=1 2x, https:\/\/i0.wp.com\/driftbastards.com\/wp-content\/uploads\/2025\/04\/Unbenannt-392.png?resize=1050%2C600&ssl=1 3x, https:\/\/i0.wp.com\/driftbastards.com\/wp-content\/uploads\/2025\/04\/Unbenannt-392.png?resize=1400%2C800&ssl=1 4x"},"classes":[]},{"id":7534,"url":"https:\/\/driftbastards.com\/en\/product\/driftbastards-sticker-2025-work\/","url_meta":{"origin":1821,"position":3},"title":"DriftBastards Sticker 2025 Work","author":"DriftBastards","date":"25. April 2025","format":false,"excerpt":"\u00a0 Farbe: Mehrfarbig Venyl\/Gl\u00e4nzend Gr\u00f6sse: 16x5.9cm","rel":"","context":"Similar post","block_context":{"text":"Similar post","link":""},"img":{"alt_text":"","src":"https:\/\/i0.wp.com\/driftbastards.com\/wp-content\/uploads\/2025\/04\/Unbenannt-399.png?resize=350%2C200&ssl=1","width":350,"height":200,"srcset":"https:\/\/i0.wp.com\/driftbastards.com\/wp-content\/uploads\/2025\/04\/Unbenannt-399.png?resize=350%2C200&ssl=1 1x, https:\/\/i0.wp.com\/driftbastards.com\/wp-content\/uploads\/2025\/04\/Unbenannt-399.png?resize=525%2C300&ssl=1 1.5x, https:\/\/i0.wp.com\/driftbastards.com\/wp-content\/uploads\/2025\/04\/Unbenannt-399.png?resize=700%2C400&ssl=1 2x, https:\/\/i0.wp.com\/driftbastards.com\/wp-content\/uploads\/2025\/04\/Unbenannt-399.png?resize=1050%2C600&ssl=1 3x, https:\/\/i0.wp.com\/driftbastards.com\/wp-content\/uploads\/2025\/04\/Unbenannt-399.png?resize=1400%2C800&ssl=1 4x"},"classes":[]},{"id":7518,"url":"https:\/\/driftbastards.com\/en\/product\/driftbastards-sticker-2025-black\/","url_meta":{"origin":1821,"position":4},"title":"DriftBastards Sticker 2025 Black","author":"DriftBastards","date":"25. April 2025","format":false,"excerpt":"\u00a0 Farbe: Schwarz Venyl\/Gl\u00e4nzend Gr\u00f6sse: 16x6.6cm","rel":"","context":"Similar post","block_context":{"text":"Similar post","link":""},"img":{"alt_text":"","src":"https:\/\/i0.wp.com\/driftbastards.com\/wp-content\/uploads\/2025\/04\/Unbenannt-390.png?resize=350%2C200&ssl=1","width":350,"height":200,"srcset":"https:\/\/i0.wp.com\/driftbastards.com\/wp-content\/uploads\/2025\/04\/Unbenannt-390.png?resize=350%2C200&ssl=1 1x, https:\/\/i0.wp.com\/driftbastards.com\/wp-content\/uploads\/2025\/04\/Unbenannt-390.png?resize=525%2C300&ssl=1 1.5x, https:\/\/i0.wp.com\/driftbastards.com\/wp-content\/uploads\/2025\/04\/Unbenannt-390.png?resize=700%2C400&ssl=1 2x, https:\/\/i0.wp.com\/driftbastards.com\/wp-content\/uploads\/2025\/04\/Unbenannt-390.png?resize=1050%2C600&ssl=1 3x, https:\/\/i0.wp.com\/driftbastards.com\/wp-content\/uploads\/2025\/04\/Unbenannt-390.png?resize=1400%2C800&ssl=1 4x"},"classes":[]},{"id":7535,"url":"https:\/\/driftbastards.com\/en\/product\/driftbastards-sticker-2025-koi-schuppen\/","url_meta":{"origin":1821,"position":5},"title":"DriftBastards Sticker 2025 Koi Scale","author":"DriftBastards","date":"25. April 2025","format":false,"excerpt":"\u00a0 Farbe: Chrom Spiegelnd\/Gl\u00e4nzend Gr\u00f6sse: 16x6.6cm","rel":"","context":"Similar post","block_context":{"text":"Similar post","link":""},"img":{"alt_text":"","src":"https:\/\/i0.wp.com\/driftbastards.com\/wp-content\/uploads\/2025\/04\/Unbenannt-400.png?resize=350%2C200&ssl=1","width":350,"height":200,"srcset":"https:\/\/i0.wp.com\/driftbastards.com\/wp-content\/uploads\/2025\/04\/Unbenannt-400.png?resize=350%2C200&ssl=1 1x, https:\/\/i0.wp.com\/driftbastards.com\/wp-content\/uploads\/2025\/04\/Unbenannt-400.png?resize=525%2C300&ssl=1 1.5x, https:\/\/i0.wp.com\/driftbastards.com\/wp-content\/uploads\/2025\/04\/Unbenannt-400.png?resize=700%2C400&ssl=1 2x, https:\/\/i0.wp.com\/driftbastards.com\/wp-content\/uploads\/2025\/04\/Unbenannt-400.png?resize=1050%2C600&ssl=1 3x, https:\/\/i0.wp.com\/driftbastards.com\/wp-content\/uploads\/2025\/04\/Unbenannt-400.png?resize=1400%2C800&ssl=1 4x"},"classes":[]}],"_links":{"self":[{"href":"https:\/\/driftbastards.com\/en\/wp-json\/wp\/v2\/product\/1821","targetHints":{"allow":["GET"]}}],"collection":[{"href":"https:\/\/driftbastards.com\/en\/wp-json\/wp\/v2\/product"}],"about":[{"href":"https:\/\/driftbastards.com\/en\/wp-json\/wp\/v2\/types\/product"}],"replies":[{"embeddable":true,"href":"https:\/\/driftbastards.com\/en\/wp-json\/wp\/v2\/comments?post=1821"}],"wp:featuredmedia":[{"embeddable":true,"href":"https:\/\/driftbastards.com\/en\/wp-json\/wp\/v2\/media\/1818"}],"wp:attachment":[{"href":"https:\/\/driftbastards.com\/en\/wp-json\/wp\/v2\/media?parent=1821"}],"wp:term":[{"taxonomy":"product_brand","embeddable":true,"href":"https:\/\/driftbastards.com\/en\/wp-json\/wp\/v2\/product_brand?post=1821"},{"taxonomy":"product_cat","embeddable":true,"href":"https:\/\/driftbastards.com\/en\/wp-json\/wp\/v2\/product_cat?post=1821"},{"taxonomy":"product_tag","embeddable":true,"href":"https:\/\/driftbastards.com\/en\/wp-json\/wp\/v2\/product_tag?post=1821"}],"curies":[{"name":"wp","href":"https:\/\/api.w.org\/{rel}","templated":true}]}}