{"id":3584,"date":"2024-01-02T17:27:32","date_gmt":"2024-01-02T16:27:32","guid":{"rendered":"http:\/\/driftbastards.com\/?post_type=product&#038;p=3584"},"modified":"2026-02-13T21:14:57","modified_gmt":"2026-02-13T20:14:57","slug":"rent-a-ride","status":"publish","type":"product","link":"https:\/\/driftbastards.com\/en\/product\/rent-a-ride\/","title":{"rendered":"Drift-Taxi"},"content":{"rendered":"<h3 id=\"anmeldeformular\">Register form<\/h3>\n<p>Just tell us when and where you want to drift with us and we will arrange a timespan and location.<\/p>\n\n<div class=\"wpcf7 no-js\" id=\"wpcf7-f5258-o1\" lang=\"de-CH\" dir=\"ltr\" data-wpcf7-id=\"5258\">\n<div class=\"screen-reader-response\"><p role=\"status\" aria-live=\"polite\" aria-atomic=\"true\"><\/p> <ul><\/ul><\/div>\n<form action=\"\/en\/wp-json\/wp\/v2\/product\/3584#wpcf7-f5258-o1\" method=\"post\" class=\"wpcf7-form init\" aria-label=\"Contact form\" novalidate=\"novalidate\" data-status=\"init\" data-trp-original-action=\"\/en\/wp-json\/wp\/v2\/product\/3584#wpcf7-f5258-o1\">\n<fieldset class=\"hidden-fields-container\"><input type=\"hidden\" name=\"_wpcf7\" value=\"5258\" \/><input type=\"hidden\" name=\"_wpcf7_version\" value=\"6.1.5\" \/><input type=\"hidden\" name=\"_wpcf7_locale\" value=\"de_CH\" \/><input type=\"hidden\" name=\"_wpcf7_unit_tag\" value=\"wpcf7-f5258-o1\" \/><input type=\"hidden\" name=\"_wpcf7_container_post\" value=\"0\" \/><input type=\"hidden\" name=\"_wpcf7_posted_data_hash\" value=\"\" \/>\n<\/fieldset>\n<p><label> Your Name<br \/>\n<span class=\"wpcf7-form-control-wrap\" data-name=\"your-name\"><input size=\"40\" maxlength=\"400\" class=\"wpcf7-form-control wpcf7-text wpcf7-validates-as-required\" autocomplete=\"name\" aria-required=\"true\" aria-invalid=\"false\" value=\"\" type=\"text\" name=\"your-name\" \/><\/span> <\/label>\n<\/p>\n<p><label> Your email<br \/>\n<span class=\"wpcf7-form-control-wrap\" data-name=\"your-email\"><input size=\"40\" maxlength=\"400\" class=\"wpcf7-form-control wpcf7-email wpcf7-validates-as-required wpcf7-text wpcf7-validates-as-email\" autocomplete=\"email\" aria-required=\"true\" aria-invalid=\"false\" value=\"\" type=\"email\" name=\"your-email\" \/><\/span> <\/label>\n<\/p>\n<p><label> Your phone number<br \/>\n<span class=\"wpcf7-form-control-wrap\" data-name=\"tel-337\"><input size=\"40\" maxlength=\"400\" class=\"wpcf7-form-control wpcf7-tel wpcf7-text wpcf7-validates-as-tel\" aria-invalid=\"false\" value=\"\" type=\"tel\" name=\"tel-337\" \/><\/span> <\/label>\n<\/p>\n<p><label> Betreff<br \/>\n<span class=\"wpcf7-form-control-wrap\" data-name=\"your-subject\"><input size=\"40\" maxlength=\"400\" class=\"wpcf7-form-control wpcf7-text wpcf7-validates-as-required\" aria-required=\"true\" aria-invalid=\"false\" value=\"\" type=\"text\" name=\"your-subject\" \/><\/span> <\/label>\n<\/p>\n<p><label> Your Message<br \/>\n<span class=\"wpcf7-form-control-wrap\" data-name=\"your-message\"><textarea cols=\"40\" rows=\"10\" maxlength=\"2000\" class=\"wpcf7-form-control wpcf7-textarea\" aria-invalid=\"false\" name=\"your-message\"><\/textarea><\/span> <\/label><br \/>\n<span id=\"wpcf7-69f1efeacc4be-wrapper\" class=\"wpcf7-form-control-wrap honeypot-678-wrap\" style=\"display:none !important; visibility:hidden !important;\"><label for=\"wpcf7-69f1efeacc4be-field\" class=\"hp-message\">Bitte lassen Sie dieses Feld leer.<\/label><input id=\"wpcf7-69f1efeacc4be-field\"  class=\"wpcf7-form-control wpcf7-text\" type=\"text\" name=\"honeypot-678\" value=\"\" size=\"40\" tabindex=\"-1\" autocomplete=\"new-password\" \/><\/span><br \/>\n<input class=\"wpcf7-form-control wpcf7-submit has-spinner\" type=\"submit\" value=\"Send\" \/>\n<\/p><input type='hidden' class='wpcf7-pum' value='{\"closepopup\":false,\"closedelay\":0,\"openpopup\":false,\"openpopup_id\":0}' \/><div class=\"wpcf7-response-output\" aria-hidden=\"true\"><\/div>\n<input type=\"hidden\" name=\"trp-form-language\" value=\"en\"\/><\/form>\n<\/div>","protected":false},"excerpt":{"rendered":"<p><span style=\"color: #ef4d48;\"><strong>Hot asphalt, squealing tires<\/strong><\/span> - Are you ready for the ride of your life?<\/p>\n<p>Buckle up for our Drift Taxi! Directly on the racetrack or at events of your choice, YOU take the passenger seat and experience pure adrenaline.<\/p>\n<p>Price starting from 40 CHF (The price will always be agreed upon with you before the event, as it may vary depending on the location and effort involved!)<\/p>\n<p>&nbsp;<\/p>\n<p>Fill out our <strong><span style=\"color: #ef4d48;\"><a style=\"color: #ef4d48;\" href=\"#anmeldeformular\">Contactform<\/a><\/span><\/strong> now, and we'll get you into the Drift Taxi \u2013 date and location are flexibly coordinated with you.<\/p>\n<p>&nbsp;<\/p>\n<p>&nbsp;<\/p>","protected":false},"featured_media":3299,"comment_status":"open","ping_status":"closed","template":"","meta":{"_acf_changed":false,"site-sidebar-layout":"default","site-content-layout":"","ast-site-content-layout":"default","site-content-style":"default","site-sidebar-style":"default","ast-global-header-display":"","ast-banner-title-visibility":"","ast-main-header-display":"","ast-hfb-above-header-display":"","ast-hfb-below-header-display":"","ast-hfb-mobile-header-display":"","site-post-title":"","ast-breadcrumbs-content":"","ast-featured-img":"","footer-sml-layout":"","theme-transparent-header-meta":"default","adv-header-id-meta":"","stick-header-meta":"default","header-above-stick-meta":"","header-main-stick-meta":"","header-below-stick-meta":"","astra-migrate-meta-layouts":"set","ast-page-background-enabled":"default","ast-page-background-meta":{"desktop":{"background-color":"var(--ast-global-color-4)","background-image":"","background-repeat":"repeat","background-position":"center center","background-size":"auto","background-attachment":"scroll","background-type":"","background-media":"","overlay-type":"","overlay-color":"","overlay-opacity":"","overlay-gradient":""},"tablet":{"background-color":"","background-image":"","background-repeat":"repeat","background-position":"center center","background-size":"auto","background-attachment":"scroll","background-type":"","background-media":"","overlay-type":"","overlay-color":"","overlay-opacity":"","overlay-gradient":""},"mobile":{"background-color":"","background-image":"","background-repeat":"repeat","background-position":"center center","background-size":"auto","background-attachment":"scroll","background-type":"","background-media":"","overlay-type":"","overlay-color":"","overlay-opacity":"","overlay-gradient":""}},"ast-content-background-meta":{"desktop":{"background-color":"var(--ast-global-color-5)","background-image":"","background-repeat":"repeat","background-position":"center center","background-size":"auto","background-attachment":"scroll","background-type":"","background-media":"","overlay-type":"","overlay-color":"","overlay-opacity":"","overlay-gradient":""},"tablet":{"background-color":"var(--ast-global-color-5)","background-image":"","background-repeat":"repeat","background-position":"center center","background-size":"auto","background-attachment":"scroll","background-type":"","background-media":"","overlay-type":"","overlay-color":"","overlay-opacity":"","overlay-gradient":""},"mobile":{"background-color":"var(--ast-global-color-5)","background-image":"","background-repeat":"repeat","background-position":"center center","background-size":"auto","background-attachment":"scroll","background-type":"","background-media":"","overlay-type":"","overlay-color":"","overlay-opacity":"","overlay-gradient":""}}},"product_brand":[],"product_cat":[51],"product_tag":[],"class_list":{"0":"post-3584","1":"product","2":"type-product","3":"status-publish","4":"has-post-thumbnail","6":"product_cat-dienstleistung","7":"desktop-align-left","8":"tablet-align-left","9":"mobile-align-left","10":"ast-product-gallery-layout-vertical-slider","11":"ast-product-gallery-with-no-image","12":"ast-product-tabs-layout-accordion","14":"first","15":"instock","16":"taxable","17":"shipping-taxable","18":"product-type-simple"},"acf":[],"yoast_head":"<!-- This site is optimized with the Yoast SEO plugin v27.4 - https:\/\/yoast.com\/product\/yoast-seo-wordpress\/ -->\n<title>Drift-Taxi - DriftBastards<\/title>\n<meta name=\"robots\" content=\"index, follow, max-snippet:-1, max-image-preview:large, max-video-preview:-1\" \/>\n<link rel=\"canonical\" href=\"https:\/\/driftbastards.com\/en\/product\/rent-a-ride\/\" \/>\n<meta property=\"og:locale\" content=\"en_US\" \/>\n<meta property=\"og:type\" content=\"article\" \/>\n<meta property=\"og:title\" content=\"Drift-Taxi - DriftBastards\" \/>\n<meta property=\"og:description\" content=\"Hei\u00dfer Asphalt, quietschende Reifen \u2013 Bist du bereit f\u00fcr die Fahrt deines Lebens?  Schnall dich an f\u00fcr unser Drift-Taxi! Direkt auf der Rennstrecke oder bei Events deiner Wahl, setzt DU dich auf den Beifahrersitz und erlebst Adrenalin pur.  Preis ab 40CHF\u00a0 (Preis wir immer vor dem Event mit dir Abgesprochen, da dieser je nach Veranstaltungsort und Aufwand abweichen kann!)  &nbsp;  F\u00fclle jetzt unser Kontaktformular aus, und wir bringen dich ins Drift-Taxi \u2013 Termin und Ort stimmen wir flexibel auf dich ab.  &nbsp;  &nbsp;\" \/>\n<meta property=\"og:url\" content=\"https:\/\/driftbastards.com\/en\/product\/rent-a-ride\/\" \/>\n<meta property=\"og:site_name\" content=\"DriftBastards\" \/>\n<meta property=\"article:publisher\" content=\"https:\/\/www.facebook.com\/driftbastards\/\" \/>\n<meta property=\"article:modified_time\" content=\"2026-02-13T20:14:57+00:00\" \/>\n<meta property=\"og:image\" content=\"https:\/\/driftbastards.com\/wp-content\/uploads\/2024\/01\/Alex_09.webp\" \/>\n\t<meta property=\"og:image:width\" content=\"1920\" \/>\n\t<meta property=\"og:image:height\" content=\"1080\" \/>\n\t<meta property=\"og:image:type\" content=\"image\/webp\" \/>\n<meta name=\"twitter:card\" content=\"summary_large_image\" \/>\n<meta name=\"twitter:label1\" content=\"Est. reading time\" \/>\n\t<meta name=\"twitter:data1\" content=\"1 minute\" \/>\n<script type=\"application\/ld+json\" class=\"yoast-schema-graph\">{\"@context\":\"https:\\\/\\\/schema.org\",\"@graph\":[{\"@type\":\"WebPage\",\"@id\":\"https:\\\/\\\/driftbastards.com\\\/produkt\\\/rent-a-ride\\\/\",\"url\":\"https:\\\/\\\/driftbastards.com\\\/produkt\\\/rent-a-ride\\\/\",\"name\":\"Drift-Taxi - DriftBastards\",\"isPartOf\":{\"@id\":\"https:\\\/\\\/driftbastards.com\\\/#website\"},\"primaryImageOfPage\":{\"@id\":\"https:\\\/\\\/driftbastards.com\\\/produkt\\\/rent-a-ride\\\/#primaryimage\"},\"image\":{\"@id\":\"https:\\\/\\\/driftbastards.com\\\/produkt\\\/rent-a-ride\\\/#primaryimage\"},\"thumbnailUrl\":\"https:\\\/\\\/driftbastards.com\\\/wp-content\\\/uploads\\\/2024\\\/01\\\/Alex_09.webp\",\"datePublished\":\"2024-01-02T16:27:32+00:00\",\"dateModified\":\"2026-02-13T20:14:57+00:00\",\"breadcrumb\":{\"@id\":\"https:\\\/\\\/driftbastards.com\\\/produkt\\\/rent-a-ride\\\/#breadcrumb\"},\"inLanguage\":\"en-US\",\"potentialAction\":[{\"@type\":\"ReadAction\",\"target\":[\"https:\\\/\\\/driftbastards.com\\\/produkt\\\/rent-a-ride\\\/\"]}]},{\"@type\":\"ImageObject\",\"inLanguage\":\"en-US\",\"@id\":\"https:\\\/\\\/driftbastards.com\\\/produkt\\\/rent-a-ride\\\/#primaryimage\",\"url\":\"https:\\\/\\\/driftbastards.com\\\/wp-content\\\/uploads\\\/2024\\\/01\\\/Alex_09.webp\",\"contentUrl\":\"https:\\\/\\\/driftbastards.com\\\/wp-content\\\/uploads\\\/2024\\\/01\\\/Alex_09.webp\",\"width\":1920,\"height\":1080},{\"@type\":\"BreadcrumbList\",\"@id\":\"https:\\\/\\\/driftbastards.com\\\/produkt\\\/rent-a-ride\\\/#breadcrumb\",\"itemListElement\":[{\"@type\":\"ListItem\",\"position\":1,\"name\":\"Startseite\",\"item\":\"https:\\\/\\\/driftbastards.com\\\/\"},{\"@type\":\"ListItem\",\"position\":2,\"name\":\"Shop\",\"item\":\"https:\\\/\\\/driftbastards.com\\\/shop\\\/\"},{\"@type\":\"ListItem\",\"position\":3,\"name\":\"Drift-Taxi\"}]},{\"@type\":\"WebSite\",\"@id\":\"https:\\\/\\\/driftbastards.com\\\/#website\",\"url\":\"https:\\\/\\\/driftbastards.com\\\/\",\"name\":\"DriftBastards\",\"description\":\"Das verr\u00fcckteste DriftTeam der Schweiz\",\"publisher\":{\"@id\":\"https:\\\/\\\/driftbastards.com\\\/#organization\"},\"potentialAction\":[{\"@type\":\"SearchAction\",\"target\":{\"@type\":\"EntryPoint\",\"urlTemplate\":\"https:\\\/\\\/driftbastards.com\\\/?s={search_term_string}\"},\"query-input\":{\"@type\":\"PropertyValueSpecification\",\"valueRequired\":true,\"valueName\":\"search_term_string\"}}],\"inLanguage\":\"en-US\"},{\"@type\":\"Organization\",\"@id\":\"https:\\\/\\\/driftbastards.com\\\/#organization\",\"name\":\"DriftBastards\",\"url\":\"https:\\\/\\\/driftbastards.com\\\/\",\"logo\":{\"@type\":\"ImageObject\",\"inLanguage\":\"en-US\",\"@id\":\"https:\\\/\\\/driftbastards.com\\\/#\\\/schema\\\/logo\\\/image\\\/\",\"url\":\"https:\\\/\\\/driftbastards.com\\\/wp-content\\\/uploads\\\/2023\\\/12\\\/cropped-driftbastardslogo-red.webp\",\"contentUrl\":\"https:\\\/\\\/driftbastards.com\\\/wp-content\\\/uploads\\\/2023\\\/12\\\/cropped-driftbastardslogo-red.webp\",\"width\":217,\"height\":100,\"caption\":\"DriftBastards\"},\"image\":{\"@id\":\"https:\\\/\\\/driftbastards.com\\\/#\\\/schema\\\/logo\\\/image\\\/\"},\"sameAs\":[\"https:\\\/\\\/www.facebook.com\\\/driftbastards\\\/\",\"https:\\\/\\\/www.instagram.com\\\/driftbastards.ch\\\/\",\"https:\\\/\\\/www.youtube.com\\\/@DomenikZiiba\"]}]}<\/script>\n<!-- \/ Yoast SEO plugin. -->","yoast_head_json":{"title":"Drift-Taxi - DriftBastards","robots":{"index":"index","follow":"follow","max-snippet":"max-snippet:-1","max-image-preview":"max-image-preview:large","max-video-preview":"max-video-preview:-1"},"canonical":"https:\/\/driftbastards.com\/en\/product\/rent-a-ride\/","og_locale":"en_US","og_type":"article","og_title":"Drift-Taxi - DriftBastards","og_description":"Hei\u00dfer Asphalt, quietschende Reifen \u2013 Bist du bereit f\u00fcr die Fahrt deines Lebens?  Schnall dich an f\u00fcr unser Drift-Taxi! Direkt auf der Rennstrecke oder bei Events deiner Wahl, setzt DU dich auf den Beifahrersitz und erlebst Adrenalin pur.  Preis ab 40CHF\u00a0 (Preis wir immer vor dem Event mit dir Abgesprochen, da dieser je nach Veranstaltungsort und Aufwand abweichen kann!)  &nbsp;  F\u00fclle jetzt unser Kontaktformular aus, und wir bringen dich ins Drift-Taxi \u2013 Termin und Ort stimmen wir flexibel auf dich ab.  &nbsp;  &nbsp;","og_url":"https:\/\/driftbastards.com\/en\/product\/rent-a-ride\/","og_site_name":"DriftBastards","article_publisher":"https:\/\/www.facebook.com\/driftbastards\/","article_modified_time":"2026-02-13T20:14:57+00:00","og_image":[{"width":1920,"height":1080,"url":"https:\/\/driftbastards.com\/wp-content\/uploads\/2024\/01\/Alex_09.webp","type":"image\/webp"}],"twitter_card":"summary_large_image","twitter_misc":{"Est. reading time":"1 minute"},"schema":{"@context":"https:\/\/schema.org","@graph":[{"@type":"WebPage","@id":"https:\/\/driftbastards.com\/produkt\/rent-a-ride\/","url":"https:\/\/driftbastards.com\/produkt\/rent-a-ride\/","name":"Drift-Taxi - DriftBastards","isPartOf":{"@id":"https:\/\/driftbastards.com\/#website"},"primaryImageOfPage":{"@id":"https:\/\/driftbastards.com\/produkt\/rent-a-ride\/#primaryimage"},"image":{"@id":"https:\/\/driftbastards.com\/produkt\/rent-a-ride\/#primaryimage"},"thumbnailUrl":"https:\/\/driftbastards.com\/wp-content\/uploads\/2024\/01\/Alex_09.webp","datePublished":"2024-01-02T16:27:32+00:00","dateModified":"2026-02-13T20:14:57+00:00","breadcrumb":{"@id":"https:\/\/driftbastards.com\/produkt\/rent-a-ride\/#breadcrumb"},"inLanguage":"en-US","potentialAction":[{"@type":"ReadAction","target":["https:\/\/driftbastards.com\/produkt\/rent-a-ride\/"]}]},{"@type":"ImageObject","inLanguage":"en-US","@id":"https:\/\/driftbastards.com\/produkt\/rent-a-ride\/#primaryimage","url":"https:\/\/driftbastards.com\/wp-content\/uploads\/2024\/01\/Alex_09.webp","contentUrl":"https:\/\/driftbastards.com\/wp-content\/uploads\/2024\/01\/Alex_09.webp","width":1920,"height":1080},{"@type":"BreadcrumbList","@id":"https:\/\/driftbastards.com\/produkt\/rent-a-ride\/#breadcrumb","itemListElement":[{"@type":"ListItem","position":1,"name":"Startseite","item":"https:\/\/driftbastards.com\/"},{"@type":"ListItem","position":2,"name":"Shop","item":"https:\/\/driftbastards.com\/shop\/"},{"@type":"ListItem","position":3,"name":"Drift-Taxi"}]},{"@type":"WebSite","@id":"https:\/\/driftbastards.com\/#website","url":"https:\/\/driftbastards.com\/","name":"DriftBastards","description":"Das verr\u00fcckteste DriftTeam der Schweiz","publisher":{"@id":"https:\/\/driftbastards.com\/#organization"},"potentialAction":[{"@type":"SearchAction","target":{"@type":"EntryPoint","urlTemplate":"https:\/\/driftbastards.com\/?s={search_term_string}"},"query-input":{"@type":"PropertyValueSpecification","valueRequired":true,"valueName":"search_term_string"}}],"inLanguage":"en-US"},{"@type":"Organization","@id":"https:\/\/driftbastards.com\/#organization","name":"DriftBastards","url":"https:\/\/driftbastards.com\/","logo":{"@type":"ImageObject","inLanguage":"en-US","@id":"https:\/\/driftbastards.com\/#\/schema\/logo\/image\/","url":"https:\/\/driftbastards.com\/wp-content\/uploads\/2023\/12\/cropped-driftbastardslogo-red.webp","contentUrl":"https:\/\/driftbastards.com\/wp-content\/uploads\/2023\/12\/cropped-driftbastardslogo-red.webp","width":217,"height":100,"caption":"DriftBastards"},"image":{"@id":"https:\/\/driftbastards.com\/#\/schema\/logo\/image\/"},"sameAs":["https:\/\/www.facebook.com\/driftbastards\/","https:\/\/www.instagram.com\/driftbastards.ch\/","https:\/\/www.youtube.com\/@DomenikZiiba"]}]}},"jetpack_sharing_enabled":true,"jetpack-related-posts":[{"id":8743,"url":"https:\/\/driftbastards.com\/en\/product\/ls-zu-cd01-09-adapter-satz\/","url_meta":{"origin":3584,"position":0},"title":"LS to CD01-09 Conversion Kit","author":"DriftBastards","date":"13. February 2026","format":false,"excerpt":"LS \/ CD01-09 Adapter Kit Motor - Getriebe Adapterplqatte Schwungrad Kardanwelle (NISSAN S13) Getriebehalter und Schaltgest\u00e4nge-Adapter Lagernd in Gunzwil (LU)","rel":"","context":"Similar post","block_context":{"text":"Similar post","link":""},"img":{"alt_text":"","src":"https:\/\/i0.wp.com\/driftbastards.com\/wp-content\/uploads\/2026\/02\/3349262354.jpg?resize=350%2C200&ssl=1","width":350,"height":200,"srcset":"https:\/\/i0.wp.com\/driftbastards.com\/wp-content\/uploads\/2026\/02\/3349262354.jpg?resize=350%2C200&ssl=1 1x, https:\/\/i0.wp.com\/driftbastards.com\/wp-content\/uploads\/2026\/02\/3349262354.jpg?resize=525%2C300&ssl=1 1.5x, https:\/\/i0.wp.com\/driftbastards.com\/wp-content\/uploads\/2026\/02\/3349262354.jpg?resize=700%2C400&ssl=1 2x"},"classes":[]},{"id":7066,"url":"https:\/\/driftbastards.com\/en\/product\/bastards-nobori-nissan-drift\/","url_meta":{"origin":3584,"position":1},"title":"Drift Bastards Nobori Flag","author":"DriftBastards","date":"7. December 2024","format":false,"excerpt":"\u00a0 Gr\u00f6sse: 50x150cm Farbe:\u00a0 Schwarz, Grau, Rot \u00a0 \u00a0 \u00a0","rel":"","context":"Similar post","block_context":{"text":"Similar post","link":""},"img":{"alt_text":"","src":"https:\/\/i0.wp.com\/driftbastards.com\/wp-content\/uploads\/2024\/12\/1000032316-scaled.jpg?resize=350%2C200&ssl=1","width":350,"height":200,"srcset":"https:\/\/i0.wp.com\/driftbastards.com\/wp-content\/uploads\/2024\/12\/1000032316-scaled.jpg?resize=350%2C200&ssl=1 1x, https:\/\/i0.wp.com\/driftbastards.com\/wp-content\/uploads\/2024\/12\/1000032316-scaled.jpg?resize=525%2C300&ssl=1 1.5x, https:\/\/i0.wp.com\/driftbastards.com\/wp-content\/uploads\/2024\/12\/1000032316-scaled.jpg?resize=700%2C400&ssl=1 2x, https:\/\/i0.wp.com\/driftbastards.com\/wp-content\/uploads\/2024\/12\/1000032316-scaled.jpg?resize=1050%2C600&ssl=1 3x, https:\/\/i0.wp.com\/driftbastards.com\/wp-content\/uploads\/2024\/12\/1000032316-scaled.jpg?resize=1400%2C800&ssl=1 4x"},"classes":[]},{"id":6790,"url":"https:\/\/driftbastards.com\/en\/product\/driftbastards-shirt2024\/","url_meta":{"origin":3584,"position":2},"title":"DriftBastards &#8211; Shirt2024","author":"DriftBastards","date":"29. May 2024","format":false,"excerpt":"\u00a0 *** Aktions Preis auf Restgr\u00f6ssen XL und XXL, noch so lange Vorrat!!! *** 100% Baumwolle Hergestellt in der Schweiz","rel":"","context":"Similar post","block_context":{"text":"Similar post","link":""},"img":{"alt_text":"","src":"https:\/\/i0.wp.com\/driftbastards.com\/wp-content\/uploads\/2024\/05\/Muster-Ruecken-.png?resize=350%2C200&ssl=1","width":350,"height":200,"srcset":"https:\/\/i0.wp.com\/driftbastards.com\/wp-content\/uploads\/2024\/05\/Muster-Ruecken-.png?resize=350%2C200&ssl=1 1x, https:\/\/i0.wp.com\/driftbastards.com\/wp-content\/uploads\/2024\/05\/Muster-Ruecken-.png?resize=525%2C300&ssl=1 1.5x, https:\/\/i0.wp.com\/driftbastards.com\/wp-content\/uploads\/2024\/05\/Muster-Ruecken-.png?resize=700%2C400&ssl=1 2x, https:\/\/i0.wp.com\/driftbastards.com\/wp-content\/uploads\/2024\/05\/Muster-Ruecken-.png?resize=1050%2C600&ssl=1 3x, https:\/\/i0.wp.com\/driftbastards.com\/wp-content\/uploads\/2024\/05\/Muster-Ruecken-.png?resize=1400%2C800&ssl=1 4x"},"classes":[]},{"id":1808,"url":"https:\/\/driftbastards.com\/en\/product\/drift-bastards-base-cap-silber\/","url_meta":{"origin":3584,"position":3},"title":"Drift-Bastards Basecap Silver","author":"diego","date":"14. December 2023","format":false,"excerpt":"*** Aktions Preis, noch so lange Vorrat!!! *** Demonstriere deine Begeisterung f\u00fcr die Drift-Szene mit der\u00a0DriftBastards Basecap. Ein echtes Designst\u00fcck, kreiert von den DriftBastards selbst, das deine Verbundenheit und Leidenschaft f\u00fcr das Driften ausdr\u00fcckt. Vollst\u00e4ndig in der Schweiz gefertigt!","rel":"","context":"Similar post","block_context":{"text":"Similar post","link":""},"img":{"alt_text":"","src":"https:\/\/i0.wp.com\/driftbastards.com\/wp-content\/uploads\/2023\/12\/Unbenannt-241.png?resize=350%2C200&ssl=1","width":350,"height":200,"srcset":"https:\/\/i0.wp.com\/driftbastards.com\/wp-content\/uploads\/2023\/12\/Unbenannt-241.png?resize=350%2C200&ssl=1 1x, https:\/\/i0.wp.com\/driftbastards.com\/wp-content\/uploads\/2023\/12\/Unbenannt-241.png?resize=525%2C300&ssl=1 1.5x, https:\/\/i0.wp.com\/driftbastards.com\/wp-content\/uploads\/2023\/12\/Unbenannt-241.png?resize=700%2C400&ssl=1 2x, https:\/\/i0.wp.com\/driftbastards.com\/wp-content\/uploads\/2023\/12\/Unbenannt-241.png?resize=1050%2C600&ssl=1 3x, https:\/\/i0.wp.com\/driftbastards.com\/wp-content\/uploads\/2023\/12\/Unbenannt-241.png?resize=1400%2C800&ssl=1 4x"},"classes":[]},{"id":8828,"url":"https:\/\/driftbastards.com\/en\/product\/driftbastards-hoody-full-send-2026\/","url_meta":{"origin":3584,"position":4},"title":"DriftBastards &#8211; Hoody FullSend 2026","author":"DriftBastards","date":"14. April 2026","format":false,"excerpt":"Endlich ist er da, unser erster Hoody!! 100% Hergestellt in der Schweiz mit **Nur f\u00fcr kurze Zeit: Kleinauflagen zum Aktionspreis**","rel":"","context":"Similar post","block_context":{"text":"Similar post","link":""},"img":{"alt_text":"","src":"https:\/\/i0.wp.com\/driftbastards.com\/wp-content\/uploads\/2026\/04\/Datei_000-2-scaled.jpeg?resize=350%2C200&ssl=1","width":350,"height":200,"srcset":"https:\/\/i0.wp.com\/driftbastards.com\/wp-content\/uploads\/2026\/04\/Datei_000-2-scaled.jpeg?resize=350%2C200&ssl=1 1x, https:\/\/i0.wp.com\/driftbastards.com\/wp-content\/uploads\/2026\/04\/Datei_000-2-scaled.jpeg?resize=525%2C300&ssl=1 1.5x, https:\/\/i0.wp.com\/driftbastards.com\/wp-content\/uploads\/2026\/04\/Datei_000-2-scaled.jpeg?resize=700%2C400&ssl=1 2x, https:\/\/i0.wp.com\/driftbastards.com\/wp-content\/uploads\/2026\/04\/Datei_000-2-scaled.jpeg?resize=1050%2C600&ssl=1 3x, https:\/\/i0.wp.com\/driftbastards.com\/wp-content\/uploads\/2026\/04\/Datei_000-2-scaled.jpeg?resize=1400%2C800&ssl=1 4x"},"classes":[]},{"id":8373,"url":"https:\/\/driftbastards.com\/en\/product\/dichtungssatz-fuer-volvo-b230-zylinderkopf\/","url_meta":{"origin":3584,"position":5},"title":"Gasket kit for Volvo B230, Cylinder Head","author":"DriftBastards","date":"16. October 2025","format":false,"excerpt":"Dichtungssatz passend zu Volvo B230 8V SOHC ELRING: 701.95 1x Zylinderkopf Dichtsatz Lagermenge:2x in Berneck","rel":"","context":"Similar post","block_context":{"text":"Similar post","link":""},"img":{"alt_text":"","src":"https:\/\/i0.wp.com\/driftbastards.com\/wp-content\/uploads\/2025\/10\/Screenshot-2026-02-16-161210.jpg?resize=350%2C200&ssl=1","width":350,"height":200,"srcset":"https:\/\/i0.wp.com\/driftbastards.com\/wp-content\/uploads\/2025\/10\/Screenshot-2026-02-16-161210.jpg?resize=350%2C200&ssl=1 1x, https:\/\/i0.wp.com\/driftbastards.com\/wp-content\/uploads\/2025\/10\/Screenshot-2026-02-16-161210.jpg?resize=525%2C300&ssl=1 1.5x"},"classes":[]}],"_links":{"self":[{"href":"https:\/\/driftbastards.com\/en\/wp-json\/wp\/v2\/product\/3584","targetHints":{"allow":["GET"]}}],"collection":[{"href":"https:\/\/driftbastards.com\/en\/wp-json\/wp\/v2\/product"}],"about":[{"href":"https:\/\/driftbastards.com\/en\/wp-json\/wp\/v2\/types\/product"}],"replies":[{"embeddable":true,"href":"https:\/\/driftbastards.com\/en\/wp-json\/wp\/v2\/comments?post=3584"}],"wp:featuredmedia":[{"embeddable":true,"href":"https:\/\/driftbastards.com\/en\/wp-json\/wp\/v2\/media\/3299"}],"wp:attachment":[{"href":"https:\/\/driftbastards.com\/en\/wp-json\/wp\/v2\/media?parent=3584"}],"wp:term":[{"taxonomy":"product_brand","embeddable":true,"href":"https:\/\/driftbastards.com\/en\/wp-json\/wp\/v2\/product_brand?post=3584"},{"taxonomy":"product_cat","embeddable":true,"href":"https:\/\/driftbastards.com\/en\/wp-json\/wp\/v2\/product_cat?post=3584"},{"taxonomy":"product_tag","embeddable":true,"href":"https:\/\/driftbastards.com\/en\/wp-json\/wp\/v2\/product_tag?post=3584"}],"curies":[{"name":"wp","href":"https:\/\/api.w.org\/{rel}","templated":true}]}}