{"id":7474,"date":"2025-04-23T23:27:48","date_gmt":"2025-04-23T21:27:48","guid":{"rendered":"https:\/\/driftbastards.com\/?post_type=product&#038;p=7474"},"modified":"2025-11-08T18:51:48","modified_gmt":"2025-11-08T17:51:48","slug":"driftbastards-shirt-s13-2025","status":"publish","type":"product","link":"https:\/\/driftbastards.com\/en\/product\/driftbastards-shirt-s13-2025\/","title":{"rendered":"DriftBastards &#8211; Shirt S13 2025"},"content":{"rendered":"<div><\/div>\n<div><strong style=\"font-size: 16px;\">Made proudly in Swizerland<\/strong><span style=\"font-size: 16px;\">: 100% made in Switzerland by the DriftBastards.<\/span><\/div>\n<div>\n<p><strong>Nice Design<\/strong>:The T-shirt features the Kanji from the DriftBastards logo on the chest and the latest design of Reni's S13 on the back.<\/p>\n<p><strong>Available Sizes<\/strong>: Um alle unsere Fans anzusprechen, ist das neuste T-Shirt in den beliebtesten Gr\u00f6ssen erh\u00e4ltlich.<\/p>\n<ul>\n<li>\u00a0XS-2XL<\/li>\n<\/ul>\n<p>100% cotton, 100% made in Switzerland by DriftBastards!<\/p>\n<p>Grab your new shirt now!<\/p>\n<\/div>","protected":false},"excerpt":{"rendered":"<hr \/>\n<p><strong>100%<\/strong> Cotton<\/p>\n<p>Made in Swizerland<\/p>","protected":false},"featured_media":7490,"comment_status":"open","ping_status":"closed","template":"","meta":{"_acf_changed":false,"site-sidebar-layout":"default","site-content-layout":"","ast-site-content-layout":"default","site-content-style":"default","site-sidebar-style":"default","ast-global-header-display":"","ast-banner-title-visibility":"","ast-main-header-display":"","ast-hfb-above-header-display":"","ast-hfb-below-header-display":"","ast-hfb-mobile-header-display":"","site-post-title":"","ast-breadcrumbs-content":"","ast-featured-img":"","footer-sml-layout":"","theme-transparent-header-meta":"default","adv-header-id-meta":"","stick-header-meta":"default","header-above-stick-meta":"","header-main-stick-meta":"","header-below-stick-meta":"","astra-migrate-meta-layouts":"set","ast-page-background-enabled":"default","ast-page-background-meta":{"desktop":{"background-color":"var(--ast-global-color-4)","background-image":"","background-repeat":"repeat","background-position":"center center","background-size":"auto","background-attachment":"scroll","background-type":"","background-media":"","overlay-type":"","overlay-color":"","overlay-opacity":"","overlay-gradient":""},"tablet":{"background-color":"","background-image":"","background-repeat":"repeat","background-position":"center center","background-size":"auto","background-attachment":"scroll","background-type":"","background-media":"","overlay-type":"","overlay-color":"","overlay-opacity":"","overlay-gradient":""},"mobile":{"background-color":"","background-image":"","background-repeat":"repeat","background-position":"center center","background-size":"auto","background-attachment":"scroll","background-type":"","background-media":"","overlay-type":"","overlay-color":"","overlay-opacity":"","overlay-gradient":""}},"ast-content-background-meta":{"desktop":{"background-color":"var(--ast-global-color-5)","background-image":"","background-repeat":"repeat","background-position":"center center","background-size":"auto","background-attachment":"scroll","background-type":"","background-media":"","overlay-type":"","overlay-color":"","overlay-opacity":"","overlay-gradient":""},"tablet":{"background-color":"var(--ast-global-color-5)","background-image":"","background-repeat":"repeat","background-position":"center center","background-size":"auto","background-attachment":"scroll","background-type":"","background-media":"","overlay-type":"","overlay-color":"","overlay-opacity":"","overlay-gradient":""},"mobile":{"background-color":"var(--ast-global-color-5)","background-image":"","background-repeat":"repeat","background-position":"center center","background-size":"auto","background-attachment":"scroll","background-type":"","background-media":"","overlay-type":"","overlay-color":"","overlay-opacity":"","overlay-gradient":""}}},"product_brand":[],"product_cat":[49,43],"product_tag":[],"class_list":{"0":"post-7474","1":"product","2":"type-product","3":"status-publish","4":"has-post-thumbnail","6":"product_cat-kleidung","7":"product_cat-t-shirt","8":"product_shipping_class-leicht","9":"desktop-align-left","10":"tablet-align-left","11":"mobile-align-left","12":"ast-product-gallery-layout-vertical-slider","13":"ast-product-single-variable","14":"ast-product-tabs-layout-accordion","16":"first","17":"instock","18":"purchasable","19":"product-type-variable","20":"has-default-attributes"},"acf":[],"yoast_head":"<!-- This site is optimized with the Yoast SEO plugin v26.8 - https:\/\/yoast.com\/product\/yoast-seo-wordpress\/ -->\n<title>Neues DriftBastards Shirt 2024<\/title>\n<meta name=\"robots\" content=\"index, follow, max-snippet:-1, max-image-preview:large, max-video-preview:-1\" \/>\n<link rel=\"canonical\" href=\"https:\/\/driftbastards.com\/en\/product\/driftbastards-shirt-s13-2025\/\" \/>\n<meta property=\"og:locale\" content=\"en_US\" \/>\n<meta property=\"og:type\" content=\"article\" \/>\n<meta property=\"og:title\" content=\"Neues DriftBastards Shirt 2024\" \/>\n<meta property=\"og:description\" content=\"100% Baumwolle  Hergestellt in der Schweiz\" \/>\n<meta property=\"og:url\" content=\"https:\/\/driftbastards.com\/en\/product\/driftbastards-shirt-s13-2025\/\" \/>\n<meta property=\"og:site_name\" content=\"DriftBastards\" \/>\n<meta property=\"article:publisher\" content=\"https:\/\/www.facebook.com\/driftbastards\/\" \/>\n<meta property=\"article:modified_time\" content=\"2025-11-08T17:51:48+00:00\" \/>\n<meta property=\"og:image\" content=\"https:\/\/driftbastards.com\/wp-content\/uploads\/2025\/04\/Shirt_S13_2025-R-768x1024.png\" \/>\n\t<meta property=\"og:image:width\" content=\"768\" \/>\n\t<meta property=\"og:image:height\" content=\"1024\" \/>\n\t<meta property=\"og:image:type\" content=\"image\/png\" \/>\n<meta name=\"twitter:card\" content=\"summary_large_image\" \/>\n<meta name=\"twitter:label1\" content=\"Est. reading time\" \/>\n\t<meta name=\"twitter:data1\" content=\"1 minute\" \/>\n<script type=\"application\/ld+json\" class=\"yoast-schema-graph\">{\"@context\":\"https:\/\/schema.org\",\"@graph\":[{\"@type\":\"WebPage\",\"@id\":\"https:\/\/driftbastards.com\/produkt\/driftbastards-shirt-s13-2025\/\",\"url\":\"https:\/\/driftbastards.com\/produkt\/driftbastards-shirt-s13-2025\/\",\"name\":\"Neues DriftBastards Shirt 2024\",\"isPartOf\":{\"@id\":\"https:\/\/driftbastards.com\/#website\"},\"primaryImageOfPage\":{\"@id\":\"https:\/\/driftbastards.com\/produkt\/driftbastards-shirt-s13-2025\/#primaryimage\"},\"image\":{\"@id\":\"https:\/\/driftbastards.com\/produkt\/driftbastards-shirt-s13-2025\/#primaryimage\"},\"thumbnailUrl\":\"https:\/\/driftbastards.com\/wp-content\/uploads\/2025\/04\/Shirt_S13_2025-R.png\",\"datePublished\":\"2025-04-23T21:27:48+00:00\",\"dateModified\":\"2025-11-08T17:51:48+00:00\",\"breadcrumb\":{\"@id\":\"https:\/\/driftbastards.com\/produkt\/driftbastards-shirt-s13-2025\/#breadcrumb\"},\"inLanguage\":\"en-US\",\"potentialAction\":[{\"@type\":\"ReadAction\",\"target\":[\"https:\/\/driftbastards.com\/produkt\/driftbastards-shirt-s13-2025\/\"]}]},{\"@type\":\"ImageObject\",\"inLanguage\":\"en-US\",\"@id\":\"https:\/\/driftbastards.com\/produkt\/driftbastards-shirt-s13-2025\/#primaryimage\",\"url\":\"https:\/\/driftbastards.com\/wp-content\/uploads\/2025\/04\/Shirt_S13_2025-R.png\",\"contentUrl\":\"https:\/\/driftbastards.com\/wp-content\/uploads\/2025\/04\/Shirt_S13_2025-R.png\",\"width\":5000,\"height\":6667},{\"@type\":\"BreadcrumbList\",\"@id\":\"https:\/\/driftbastards.com\/produkt\/driftbastards-shirt-s13-2025\/#breadcrumb\",\"itemListElement\":[{\"@type\":\"ListItem\",\"position\":1,\"name\":\"Startseite\",\"item\":\"https:\/\/driftbastards.com\/\"},{\"@type\":\"ListItem\",\"position\":2,\"name\":\"Shop\",\"item\":\"https:\/\/driftbastards.com\/shop\/\"},{\"@type\":\"ListItem\",\"position\":3,\"name\":\"DriftBastards &#8211; Shirt S13 2025\"}]},{\"@type\":\"WebSite\",\"@id\":\"https:\/\/driftbastards.com\/#website\",\"url\":\"https:\/\/driftbastards.com\/\",\"name\":\"DriftBastards\",\"description\":\"Das verr\u00fcckteste DriftTeam der Schweiz\",\"publisher\":{\"@id\":\"https:\/\/driftbastards.com\/#organization\"},\"potentialAction\":[{\"@type\":\"SearchAction\",\"target\":{\"@type\":\"EntryPoint\",\"urlTemplate\":\"https:\/\/driftbastards.com\/?s={search_term_string}\"},\"query-input\":{\"@type\":\"PropertyValueSpecification\",\"valueRequired\":true,\"valueName\":\"search_term_string\"}}],\"inLanguage\":\"en-US\"},{\"@type\":\"Organization\",\"@id\":\"https:\/\/driftbastards.com\/#organization\",\"name\":\"DriftBastards\",\"url\":\"https:\/\/driftbastards.com\/\",\"logo\":{\"@type\":\"ImageObject\",\"inLanguage\":\"en-US\",\"@id\":\"https:\/\/driftbastards.com\/#\/schema\/logo\/image\/\",\"url\":\"https:\/\/driftbastards.com\/wp-content\/uploads\/2023\/12\/cropped-driftbastardslogo-red.webp\",\"contentUrl\":\"https:\/\/driftbastards.com\/wp-content\/uploads\/2023\/12\/cropped-driftbastardslogo-red.webp\",\"width\":217,\"height\":100,\"caption\":\"DriftBastards\"},\"image\":{\"@id\":\"https:\/\/driftbastards.com\/#\/schema\/logo\/image\/\"},\"sameAs\":[\"https:\/\/www.facebook.com\/driftbastards\/\",\"https:\/\/www.instagram.com\/driftbastards.ch\/\",\"https:\/\/www.youtube.com\/@DomenikZiiba\"]}]}<\/script>\n<!-- \/ Yoast SEO plugin. -->","yoast_head_json":{"title":"Neues DriftBastards Shirt 2024","robots":{"index":"index","follow":"follow","max-snippet":"max-snippet:-1","max-image-preview":"max-image-preview:large","max-video-preview":"max-video-preview:-1"},"canonical":"https:\/\/driftbastards.com\/en\/product\/driftbastards-shirt-s13-2025\/","og_locale":"en_US","og_type":"article","og_title":"Neues DriftBastards Shirt 2024","og_description":"100% Baumwolle  Hergestellt in der Schweiz","og_url":"https:\/\/driftbastards.com\/en\/product\/driftbastards-shirt-s13-2025\/","og_site_name":"DriftBastards","article_publisher":"https:\/\/www.facebook.com\/driftbastards\/","article_modified_time":"2025-11-08T17:51:48+00:00","og_image":[{"width":768,"height":1024,"url":"https:\/\/driftbastards.com\/wp-content\/uploads\/2025\/04\/Shirt_S13_2025-R-768x1024.png","type":"image\/png"}],"twitter_card":"summary_large_image","twitter_misc":{"Est. reading time":"1 minute"},"schema":{"@context":"https:\/\/schema.org","@graph":[{"@type":"WebPage","@id":"https:\/\/driftbastards.com\/produkt\/driftbastards-shirt-s13-2025\/","url":"https:\/\/driftbastards.com\/produkt\/driftbastards-shirt-s13-2025\/","name":"Neues DriftBastards Shirt 2024","isPartOf":{"@id":"https:\/\/driftbastards.com\/#website"},"primaryImageOfPage":{"@id":"https:\/\/driftbastards.com\/produkt\/driftbastards-shirt-s13-2025\/#primaryimage"},"image":{"@id":"https:\/\/driftbastards.com\/produkt\/driftbastards-shirt-s13-2025\/#primaryimage"},"thumbnailUrl":"https:\/\/driftbastards.com\/wp-content\/uploads\/2025\/04\/Shirt_S13_2025-R.png","datePublished":"2025-04-23T21:27:48+00:00","dateModified":"2025-11-08T17:51:48+00:00","breadcrumb":{"@id":"https:\/\/driftbastards.com\/produkt\/driftbastards-shirt-s13-2025\/#breadcrumb"},"inLanguage":"en-US","potentialAction":[{"@type":"ReadAction","target":["https:\/\/driftbastards.com\/produkt\/driftbastards-shirt-s13-2025\/"]}]},{"@type":"ImageObject","inLanguage":"en-US","@id":"https:\/\/driftbastards.com\/produkt\/driftbastards-shirt-s13-2025\/#primaryimage","url":"https:\/\/driftbastards.com\/wp-content\/uploads\/2025\/04\/Shirt_S13_2025-R.png","contentUrl":"https:\/\/driftbastards.com\/wp-content\/uploads\/2025\/04\/Shirt_S13_2025-R.png","width":5000,"height":6667},{"@type":"BreadcrumbList","@id":"https:\/\/driftbastards.com\/produkt\/driftbastards-shirt-s13-2025\/#breadcrumb","itemListElement":[{"@type":"ListItem","position":1,"name":"Startseite","item":"https:\/\/driftbastards.com\/"},{"@type":"ListItem","position":2,"name":"Shop","item":"https:\/\/driftbastards.com\/shop\/"},{"@type":"ListItem","position":3,"name":"DriftBastards &#8211; Shirt S13 2025"}]},{"@type":"WebSite","@id":"https:\/\/driftbastards.com\/#website","url":"https:\/\/driftbastards.com\/","name":"DriftBastards","description":"Das verr\u00fcckteste DriftTeam der Schweiz","publisher":{"@id":"https:\/\/driftbastards.com\/#organization"},"potentialAction":[{"@type":"SearchAction","target":{"@type":"EntryPoint","urlTemplate":"https:\/\/driftbastards.com\/?s={search_term_string}"},"query-input":{"@type":"PropertyValueSpecification","valueRequired":true,"valueName":"search_term_string"}}],"inLanguage":"en-US"},{"@type":"Organization","@id":"https:\/\/driftbastards.com\/#organization","name":"DriftBastards","url":"https:\/\/driftbastards.com\/","logo":{"@type":"ImageObject","inLanguage":"en-US","@id":"https:\/\/driftbastards.com\/#\/schema\/logo\/image\/","url":"https:\/\/driftbastards.com\/wp-content\/uploads\/2023\/12\/cropped-driftbastardslogo-red.webp","contentUrl":"https:\/\/driftbastards.com\/wp-content\/uploads\/2023\/12\/cropped-driftbastardslogo-red.webp","width":217,"height":100,"caption":"DriftBastards"},"image":{"@id":"https:\/\/driftbastards.com\/#\/schema\/logo\/image\/"},"sameAs":["https:\/\/www.facebook.com\/driftbastards\/","https:\/\/www.instagram.com\/driftbastards.ch\/","https:\/\/www.youtube.com\/@DomenikZiiba"]}]}},"jetpack_sharing_enabled":true,"jetpack-related-posts":[{"id":7483,"url":"https:\/\/driftbastards.com\/en\/product\/driftbastards-shirt-bastards2025\/","url_meta":{"origin":7474,"position":0},"title":"DriftBastards &#8211; Shirt Bastards2025","author":"DriftBastards","date":"23. April 2025","format":false,"excerpt":"100% Baumwolle Hergestellt in der Schweiz","rel":"","context":"Similar post","block_context":{"text":"Similar post","link":""},"img":{"alt_text":"","src":"https:\/\/i0.wp.com\/driftbastards.com\/wp-content\/uploads\/2025\/04\/Shirt-Bastards2025-R.png?resize=350%2C200&ssl=1","width":350,"height":200,"srcset":"https:\/\/i0.wp.com\/driftbastards.com\/wp-content\/uploads\/2025\/04\/Shirt-Bastards2025-R.png?resize=350%2C200&ssl=1 1x, https:\/\/i0.wp.com\/driftbastards.com\/wp-content\/uploads\/2025\/04\/Shirt-Bastards2025-R.png?resize=525%2C300&ssl=1 1.5x, https:\/\/i0.wp.com\/driftbastards.com\/wp-content\/uploads\/2025\/04\/Shirt-Bastards2025-R.png?resize=700%2C400&ssl=1 2x, https:\/\/i0.wp.com\/driftbastards.com\/wp-content\/uploads\/2025\/04\/Shirt-Bastards2025-R.png?resize=1050%2C600&ssl=1 3x, https:\/\/i0.wp.com\/driftbastards.com\/wp-content\/uploads\/2025\/04\/Shirt-Bastards2025-R.png?resize=1400%2C800&ssl=1 4x"},"classes":[]},{"id":6790,"url":"https:\/\/driftbastards.com\/en\/product\/driftbastards-shirt2024\/","url_meta":{"origin":7474,"position":1},"title":"DriftBastards &#8211; Shirt2024","author":"DriftBastards","date":"29. May 2024","format":false,"excerpt":"100% Baumwolle Hergestellt in der Schweiz","rel":"","context":"Similar post","block_context":{"text":"Similar post","link":""},"img":{"alt_text":"","src":"https:\/\/i0.wp.com\/driftbastards.com\/wp-content\/uploads\/2024\/05\/Muster-Ruecken-.png?resize=350%2C200&ssl=1","width":350,"height":200,"srcset":"https:\/\/i0.wp.com\/driftbastards.com\/wp-content\/uploads\/2024\/05\/Muster-Ruecken-.png?resize=350%2C200&ssl=1 1x, https:\/\/i0.wp.com\/driftbastards.com\/wp-content\/uploads\/2024\/05\/Muster-Ruecken-.png?resize=525%2C300&ssl=1 1.5x, https:\/\/i0.wp.com\/driftbastards.com\/wp-content\/uploads\/2024\/05\/Muster-Ruecken-.png?resize=700%2C400&ssl=1 2x, https:\/\/i0.wp.com\/driftbastards.com\/wp-content\/uploads\/2024\/05\/Muster-Ruecken-.png?resize=1050%2C600&ssl=1 3x, https:\/\/i0.wp.com\/driftbastards.com\/wp-content\/uploads\/2024\/05\/Muster-Ruecken-.png?resize=1400%2C800&ssl=1 4x"},"classes":[]},{"id":2662,"url":"https:\/\/driftbastards.com\/en\/product\/driftbastards-tomodori-fan-shirt\/","url_meta":{"origin":7474,"position":2},"title":"DriftBastards &#8211; Tomodori Fan Shirt","author":"DriftBastards","date":"20. December 2023","format":false,"excerpt":"100% Baumwolle Hergestellt in der Schweiz","rel":"","context":"Similar post","block_context":{"text":"Similar post","link":""},"img":{"alt_text":"","src":"https:\/\/i0.wp.com\/driftbastards.com\/wp-content\/uploads\/2023\/12\/Unbenannt-128.png?resize=350%2C200&ssl=1","width":350,"height":200,"srcset":"https:\/\/i0.wp.com\/driftbastards.com\/wp-content\/uploads\/2023\/12\/Unbenannt-128.png?resize=350%2C200&ssl=1 1x, https:\/\/i0.wp.com\/driftbastards.com\/wp-content\/uploads\/2023\/12\/Unbenannt-128.png?resize=525%2C300&ssl=1 1.5x, https:\/\/i0.wp.com\/driftbastards.com\/wp-content\/uploads\/2023\/12\/Unbenannt-128.png?resize=700%2C400&ssl=1 2x, https:\/\/i0.wp.com\/driftbastards.com\/wp-content\/uploads\/2023\/12\/Unbenannt-128.png?resize=1050%2C600&ssl=1 3x, https:\/\/i0.wp.com\/driftbastards.com\/wp-content\/uploads\/2023\/12\/Unbenannt-128.png?resize=1400%2C800&ssl=1 4x"},"classes":[]},{"id":2673,"url":"https:\/\/driftbastards.com\/en\/product\/driftbastards-fan-shirt-logo-banner\/","url_meta":{"origin":7474,"position":3},"title":"DriftBastards Fan Shirt with Logo &amp; Banner","author":"DriftBastards","date":"20. December 2023","format":false,"excerpt":"100% Baumwolle Hergestellt in der Schweiz","rel":"","context":"Similar post","block_context":{"text":"Similar post","link":""},"img":{"alt_text":"","src":"https:\/\/i0.wp.com\/driftbastards.com\/wp-content\/uploads\/2023\/12\/Shirt03_hinten-scaled.webp?resize=350%2C200&ssl=1","width":350,"height":200,"srcset":"https:\/\/i0.wp.com\/driftbastards.com\/wp-content\/uploads\/2023\/12\/Shirt03_hinten-scaled.webp?resize=350%2C200&ssl=1 1x, https:\/\/i0.wp.com\/driftbastards.com\/wp-content\/uploads\/2023\/12\/Shirt03_hinten-scaled.webp?resize=525%2C300&ssl=1 1.5x, https:\/\/i0.wp.com\/driftbastards.com\/wp-content\/uploads\/2023\/12\/Shirt03_hinten-scaled.webp?resize=700%2C400&ssl=1 2x, https:\/\/i0.wp.com\/driftbastards.com\/wp-content\/uploads\/2023\/12\/Shirt03_hinten-scaled.webp?resize=1050%2C600&ssl=1 3x, https:\/\/i0.wp.com\/driftbastards.com\/wp-content\/uploads\/2023\/12\/Shirt03_hinten-scaled.webp?resize=1400%2C800&ssl=1 4x"},"classes":[]},{"id":1815,"url":"https:\/\/driftbastards.com\/en\/product\/drift-bastards-fan-shirt\/","url_meta":{"origin":7474,"position":4},"title":"DriftBastards Fan Shirt Original","author":"diego","date":"14. December 2023","format":false,"excerpt":"100% Baumwolle Hergestellt in der Schweiz","rel":"","context":"Similar post","block_context":{"text":"Similar post","link":""},"img":{"alt_text":"","src":"https:\/\/i0.wp.com\/driftbastards.com\/wp-content\/uploads\/2023\/12\/Drift-Bastards-Shirt-scaled-1.jpg?resize=350%2C200&ssl=1","width":350,"height":200,"srcset":"https:\/\/i0.wp.com\/driftbastards.com\/wp-content\/uploads\/2023\/12\/Drift-Bastards-Shirt-scaled-1.jpg?resize=350%2C200&ssl=1 1x, https:\/\/i0.wp.com\/driftbastards.com\/wp-content\/uploads\/2023\/12\/Drift-Bastards-Shirt-scaled-1.jpg?resize=525%2C300&ssl=1 1.5x, https:\/\/i0.wp.com\/driftbastards.com\/wp-content\/uploads\/2023\/12\/Drift-Bastards-Shirt-scaled-1.jpg?resize=700%2C400&ssl=1 2x, https:\/\/i0.wp.com\/driftbastards.com\/wp-content\/uploads\/2023\/12\/Drift-Bastards-Shirt-scaled-1.jpg?resize=1050%2C600&ssl=1 3x, https:\/\/i0.wp.com\/driftbastards.com\/wp-content\/uploads\/2023\/12\/Drift-Bastards-Shirt-scaled-1.jpg?resize=1400%2C800&ssl=1 4x"},"classes":[]},{"id":7470,"url":"https:\/\/driftbastards.com\/en\/product\/drift-bastards-beanie-in-weiss-rot\/","url_meta":{"origin":7474,"position":5},"title":"Drift-Bastards Beanie in Weiss\/Rot","author":"DriftBastards","date":"22. April 2025","format":false,"excerpt":"Demonstriere deine Begeisterung f\u00fcr die Drift-Szene und trage ein Beanie mit unserem ikonischen DriftBastards Logo. Ein echtes Designst\u00fcck, kreiert von den DriftBastards selbst, das deine Verbundenheit und Leidenschaft f\u00fcr das Driften ausdr\u00fcckt. Vollst\u00e4ndig in der Schweiz gefertigt!","rel":"","context":"Similar post","block_context":{"text":"Similar post","link":""},"img":{"alt_text":"","src":"https:\/\/i0.wp.com\/driftbastards.com\/wp-content\/uploads\/2025\/04\/Unbenannt-377.png?resize=350%2C200&ssl=1","width":350,"height":200,"srcset":"https:\/\/i0.wp.com\/driftbastards.com\/wp-content\/uploads\/2025\/04\/Unbenannt-377.png?resize=350%2C200&ssl=1 1x, https:\/\/i0.wp.com\/driftbastards.com\/wp-content\/uploads\/2025\/04\/Unbenannt-377.png?resize=525%2C300&ssl=1 1.5x, https:\/\/i0.wp.com\/driftbastards.com\/wp-content\/uploads\/2025\/04\/Unbenannt-377.png?resize=700%2C400&ssl=1 2x, https:\/\/i0.wp.com\/driftbastards.com\/wp-content\/uploads\/2025\/04\/Unbenannt-377.png?resize=1050%2C600&ssl=1 3x, https:\/\/i0.wp.com\/driftbastards.com\/wp-content\/uploads\/2025\/04\/Unbenannt-377.png?resize=1400%2C800&ssl=1 4x"},"classes":[]}],"_links":{"self":[{"href":"https:\/\/driftbastards.com\/en\/wp-json\/wp\/v2\/product\/7474","targetHints":{"allow":["GET"]}}],"collection":[{"href":"https:\/\/driftbastards.com\/en\/wp-json\/wp\/v2\/product"}],"about":[{"href":"https:\/\/driftbastards.com\/en\/wp-json\/wp\/v2\/types\/product"}],"replies":[{"embeddable":true,"href":"https:\/\/driftbastards.com\/en\/wp-json\/wp\/v2\/comments?post=7474"}],"wp:featuredmedia":[{"embeddable":true,"href":"https:\/\/driftbastards.com\/en\/wp-json\/wp\/v2\/media\/7490"}],"wp:attachment":[{"href":"https:\/\/driftbastards.com\/en\/wp-json\/wp\/v2\/media?parent=7474"}],"wp:term":[{"taxonomy":"product_brand","embeddable":true,"href":"https:\/\/driftbastards.com\/en\/wp-json\/wp\/v2\/product_brand?post=7474"},{"taxonomy":"product_cat","embeddable":true,"href":"https:\/\/driftbastards.com\/en\/wp-json\/wp\/v2\/product_cat?post=7474"},{"taxonomy":"product_tag","embeddable":true,"href":"https:\/\/driftbastards.com\/en\/wp-json\/wp\/v2\/product_tag?post=7474"}],"curies":[{"name":"wp","href":"https:\/\/api.w.org\/{rel}","templated":true}]}}