{"id":8223,"date":"2025-09-15T18:31:34","date_gmt":"2025-09-15T16:31:34","guid":{"rendered":"https:\/\/driftbastards.com\/?post_type=product&#038;p=8223"},"modified":"2025-09-17T10:04:14","modified_gmt":"2025-09-17T08:04:14","slug":"bosch-motorsport-elektronische-drosselklappe-82mm","status":"publish","type":"product","link":"https:\/\/driftbastards.com\/en\/product\/bosch-motorsport-elektronische-drosselklappe-82mm\/","title":{"rendered":"Bosch Motorsport Electronic Throttle Body 82mm"},"content":{"rendered":"<p>Bosch Motorsport Electronic Throttle Body 82mm<\/p>\n<p>Unused in original packaging<\/p>\n<p>Purchased for a project and never used<\/p>\n<p>Price: 185\u202fCHF (negotiable, excl. shipping)<\/p>\n<p><strong>Contact us by email today!<\/strong><\/p>\n<p>&nbsp;<\/p>","protected":false},"excerpt":{"rendered":"<p>Bosch Motorsport Electronic Throttle Body<\/p>\n<ul>\n<li>Size: 82mm<\/li>\n<li>PN: 0 280 750 473<\/li>\n<li>Condition: New \/ Unused!<\/li>\n<li>Package contents: Ships in original packaging<\/li>\n<li>Inventory: 1 item located in Berneck<\/li>\n<\/ul>","protected":false},"featured_media":8226,"comment_status":"open","ping_status":"closed","template":"","meta":{"_acf_changed":false,"site-sidebar-layout":"default","site-content-layout":"","ast-site-content-layout":"default","site-content-style":"default","site-sidebar-style":"default","ast-global-header-display":"","ast-banner-title-visibility":"","ast-main-header-display":"","ast-hfb-above-header-display":"","ast-hfb-below-header-display":"","ast-hfb-mobile-header-display":"","site-post-title":"","ast-breadcrumbs-content":"","ast-featured-img":"","footer-sml-layout":"","theme-transparent-header-meta":"default","adv-header-id-meta":"","stick-header-meta":"default","header-above-stick-meta":"","header-main-stick-meta":"","header-below-stick-meta":"","astra-migrate-meta-layouts":"set","ast-page-background-enabled":"default","ast-page-background-meta":{"desktop":{"background-color":"var(--ast-global-color-4)","background-image":"","background-repeat":"repeat","background-position":"center center","background-size":"auto","background-attachment":"scroll","background-type":"","background-media":"","overlay-type":"","overlay-color":"","overlay-opacity":"","overlay-gradient":""},"tablet":{"background-color":"","background-image":"","background-repeat":"repeat","background-position":"center center","background-size":"auto","background-attachment":"scroll","background-type":"","background-media":"","overlay-type":"","overlay-color":"","overlay-opacity":"","overlay-gradient":""},"mobile":{"background-color":"","background-image":"","background-repeat":"repeat","background-position":"center center","background-size":"auto","background-attachment":"scroll","background-type":"","background-media":"","overlay-type":"","overlay-color":"","overlay-opacity":"","overlay-gradient":""}},"ast-content-background-meta":{"desktop":{"background-color":"var(--ast-global-color-5)","background-image":"","background-repeat":"repeat","background-position":"center center","background-size":"auto","background-attachment":"scroll","background-type":"","background-media":"","overlay-type":"","overlay-color":"","overlay-opacity":"","overlay-gradient":""},"tablet":{"background-color":"var(--ast-global-color-5)","background-image":"","background-repeat":"repeat","background-position":"center center","background-size":"auto","background-attachment":"scroll","background-type":"","background-media":"","overlay-type":"","overlay-color":"","overlay-opacity":"","overlay-gradient":""},"mobile":{"background-color":"var(--ast-global-color-5)","background-image":"","background-repeat":"repeat","background-position":"center center","background-size":"auto","background-attachment":"scroll","background-type":"","background-media":"","overlay-type":"","overlay-color":"","overlay-opacity":"","overlay-gradient":""}}},"product_brand":[],"product_cat":[50],"product_tag":[],"class_list":{"0":"post-8223","1":"product","2":"type-product","3":"status-publish","4":"has-post-thumbnail","6":"product_cat-gebraucht","7":"product_shipping_class-leicht","8":"desktop-align-left","9":"tablet-align-left","10":"mobile-align-left","11":"ast-product-gallery-layout-vertical-slider","12":"ast-product-tabs-layout-accordion","14":"first","15":"instock","16":"virtual","17":"product-type-simple"},"acf":[],"yoast_head":"<!-- This site is optimized with the Yoast SEO plugin v27.4 - https:\/\/yoast.com\/product\/yoast-seo-wordpress\/ -->\n<title>Bosch Motorsport Elektronische Drosselklappe 82mm - DriftBastards<\/title>\n<meta name=\"robots\" content=\"index, follow, max-snippet:-1, max-image-preview:large, max-video-preview:-1\" \/>\n<link rel=\"canonical\" href=\"https:\/\/driftbastards.com\/en\/product\/bosch-motorsport-elektronische-drosselklappe-82mm\/\" \/>\n<meta property=\"og:locale\" content=\"en_US\" \/>\n<meta property=\"og:type\" content=\"article\" \/>\n<meta property=\"og:title\" content=\"Bosch Motorsport Elektronische Drosselklappe 82mm - DriftBastards\" \/>\n<meta property=\"og:description\" content=\"Bosch Motorsport Elektronische Drosselklappe   Gr\u00f6sse: 82mm  PN: 0 280 750 473  Zustand: Neu \/ Unbenutzt!  Lieferumfang: kommt in Originalverpackung  Lagermenge: 1Stk in Berneck\" \/>\n<meta property=\"og:url\" content=\"https:\/\/driftbastards.com\/en\/product\/bosch-motorsport-elektronische-drosselklappe-82mm\/\" \/>\n<meta property=\"og:site_name\" content=\"DriftBastards\" \/>\n<meta property=\"article:publisher\" content=\"https:\/\/www.facebook.com\/driftbastards\/\" \/>\n<meta property=\"article:modified_time\" content=\"2025-09-17T08:04:14+00:00\" \/>\n<meta property=\"og:image\" content=\"https:\/\/driftbastards.com\/wp-content\/uploads\/2025\/09\/IMG_1540-scaled.jpg\" \/>\n\t<meta property=\"og:image:width\" content=\"1920\" \/>\n\t<meta property=\"og:image:height\" content=\"2560\" \/>\n\t<meta property=\"og:image:type\" content=\"image\/jpeg\" \/>\n<meta name=\"twitter:card\" content=\"summary_large_image\" \/>\n<meta name=\"twitter:label1\" content=\"Est. reading time\" \/>\n\t<meta name=\"twitter:data1\" content=\"1 minute\" \/>\n<script type=\"application\/ld+json\" class=\"yoast-schema-graph\">{\"@context\":\"https:\\\/\\\/schema.org\",\"@graph\":[{\"@type\":\"WebPage\",\"@id\":\"https:\\\/\\\/driftbastards.com\\\/produkt\\\/bosch-motorsport-elektronische-drosselklappe-82mm\\\/\",\"url\":\"https:\\\/\\\/driftbastards.com\\\/produkt\\\/bosch-motorsport-elektronische-drosselklappe-82mm\\\/\",\"name\":\"Bosch Motorsport Elektronische Drosselklappe 82mm - DriftBastards\",\"isPartOf\":{\"@id\":\"https:\\\/\\\/driftbastards.com\\\/#website\"},\"primaryImageOfPage\":{\"@id\":\"https:\\\/\\\/driftbastards.com\\\/produkt\\\/bosch-motorsport-elektronische-drosselklappe-82mm\\\/#primaryimage\"},\"image\":{\"@id\":\"https:\\\/\\\/driftbastards.com\\\/produkt\\\/bosch-motorsport-elektronische-drosselklappe-82mm\\\/#primaryimage\"},\"thumbnailUrl\":\"https:\\\/\\\/driftbastards.com\\\/wp-content\\\/uploads\\\/2025\\\/09\\\/IMG_1540-scaled.jpg\",\"datePublished\":\"2025-09-15T16:31:34+00:00\",\"dateModified\":\"2025-09-17T08:04:14+00:00\",\"breadcrumb\":{\"@id\":\"https:\\\/\\\/driftbastards.com\\\/produkt\\\/bosch-motorsport-elektronische-drosselklappe-82mm\\\/#breadcrumb\"},\"inLanguage\":\"en-US\",\"potentialAction\":[{\"@type\":\"ReadAction\",\"target\":[\"https:\\\/\\\/driftbastards.com\\\/produkt\\\/bosch-motorsport-elektronische-drosselklappe-82mm\\\/\"]}]},{\"@type\":\"ImageObject\",\"inLanguage\":\"en-US\",\"@id\":\"https:\\\/\\\/driftbastards.com\\\/produkt\\\/bosch-motorsport-elektronische-drosselklappe-82mm\\\/#primaryimage\",\"url\":\"https:\\\/\\\/driftbastards.com\\\/wp-content\\\/uploads\\\/2025\\\/09\\\/IMG_1540-scaled.jpg\",\"contentUrl\":\"https:\\\/\\\/driftbastards.com\\\/wp-content\\\/uploads\\\/2025\\\/09\\\/IMG_1540-scaled.jpg\",\"width\":1920,\"height\":2560},{\"@type\":\"BreadcrumbList\",\"@id\":\"https:\\\/\\\/driftbastards.com\\\/produkt\\\/bosch-motorsport-elektronische-drosselklappe-82mm\\\/#breadcrumb\",\"itemListElement\":[{\"@type\":\"ListItem\",\"position\":1,\"name\":\"Startseite\",\"item\":\"https:\\\/\\\/driftbastards.com\\\/\"},{\"@type\":\"ListItem\",\"position\":2,\"name\":\"Shop\",\"item\":\"https:\\\/\\\/driftbastards.com\\\/shop\\\/\"},{\"@type\":\"ListItem\",\"position\":3,\"name\":\"Bosch Motorsport Elektronische Drosselklappe 82mm\"}]},{\"@type\":\"WebSite\",\"@id\":\"https:\\\/\\\/driftbastards.com\\\/#website\",\"url\":\"https:\\\/\\\/driftbastards.com\\\/\",\"name\":\"DriftBastards\",\"description\":\"Das verr\u00fcckteste DriftTeam der Schweiz\",\"publisher\":{\"@id\":\"https:\\\/\\\/driftbastards.com\\\/#organization\"},\"potentialAction\":[{\"@type\":\"SearchAction\",\"target\":{\"@type\":\"EntryPoint\",\"urlTemplate\":\"https:\\\/\\\/driftbastards.com\\\/?s={search_term_string}\"},\"query-input\":{\"@type\":\"PropertyValueSpecification\",\"valueRequired\":true,\"valueName\":\"search_term_string\"}}],\"inLanguage\":\"en-US\"},{\"@type\":\"Organization\",\"@id\":\"https:\\\/\\\/driftbastards.com\\\/#organization\",\"name\":\"DriftBastards\",\"url\":\"https:\\\/\\\/driftbastards.com\\\/\",\"logo\":{\"@type\":\"ImageObject\",\"inLanguage\":\"en-US\",\"@id\":\"https:\\\/\\\/driftbastards.com\\\/#\\\/schema\\\/logo\\\/image\\\/\",\"url\":\"https:\\\/\\\/driftbastards.com\\\/wp-content\\\/uploads\\\/2023\\\/12\\\/cropped-driftbastardslogo-red.webp\",\"contentUrl\":\"https:\\\/\\\/driftbastards.com\\\/wp-content\\\/uploads\\\/2023\\\/12\\\/cropped-driftbastardslogo-red.webp\",\"width\":217,\"height\":100,\"caption\":\"DriftBastards\"},\"image\":{\"@id\":\"https:\\\/\\\/driftbastards.com\\\/#\\\/schema\\\/logo\\\/image\\\/\"},\"sameAs\":[\"https:\\\/\\\/www.facebook.com\\\/driftbastards\\\/\",\"https:\\\/\\\/www.instagram.com\\\/driftbastards.ch\\\/\",\"https:\\\/\\\/www.youtube.com\\\/@DomenikZiiba\"]}]}<\/script>\n<!-- \/ Yoast SEO plugin. -->","yoast_head_json":{"title":"Bosch Motorsport Elektronische Drosselklappe 82mm - DriftBastards","robots":{"index":"index","follow":"follow","max-snippet":"max-snippet:-1","max-image-preview":"max-image-preview:large","max-video-preview":"max-video-preview:-1"},"canonical":"https:\/\/driftbastards.com\/en\/product\/bosch-motorsport-elektronische-drosselklappe-82mm\/","og_locale":"en_US","og_type":"article","og_title":"Bosch Motorsport Elektronische Drosselklappe 82mm - DriftBastards","og_description":"Bosch Motorsport Elektronische Drosselklappe   Gr\u00f6sse: 82mm  PN: 0 280 750 473  Zustand: Neu \/ Unbenutzt!  Lieferumfang: kommt in Originalverpackung  Lagermenge: 1Stk in Berneck","og_url":"https:\/\/driftbastards.com\/en\/product\/bosch-motorsport-elektronische-drosselklappe-82mm\/","og_site_name":"DriftBastards","article_publisher":"https:\/\/www.facebook.com\/driftbastards\/","article_modified_time":"2025-09-17T08:04:14+00:00","og_image":[{"width":1920,"height":2560,"url":"https:\/\/driftbastards.com\/wp-content\/uploads\/2025\/09\/IMG_1540-scaled.jpg","type":"image\/jpeg"}],"twitter_card":"summary_large_image","twitter_misc":{"Est. reading time":"1 minute"},"schema":{"@context":"https:\/\/schema.org","@graph":[{"@type":"WebPage","@id":"https:\/\/driftbastards.com\/produkt\/bosch-motorsport-elektronische-drosselklappe-82mm\/","url":"https:\/\/driftbastards.com\/produkt\/bosch-motorsport-elektronische-drosselklappe-82mm\/","name":"Bosch Motorsport Elektronische Drosselklappe 82mm - DriftBastards","isPartOf":{"@id":"https:\/\/driftbastards.com\/#website"},"primaryImageOfPage":{"@id":"https:\/\/driftbastards.com\/produkt\/bosch-motorsport-elektronische-drosselklappe-82mm\/#primaryimage"},"image":{"@id":"https:\/\/driftbastards.com\/produkt\/bosch-motorsport-elektronische-drosselklappe-82mm\/#primaryimage"},"thumbnailUrl":"https:\/\/driftbastards.com\/wp-content\/uploads\/2025\/09\/IMG_1540-scaled.jpg","datePublished":"2025-09-15T16:31:34+00:00","dateModified":"2025-09-17T08:04:14+00:00","breadcrumb":{"@id":"https:\/\/driftbastards.com\/produkt\/bosch-motorsport-elektronische-drosselklappe-82mm\/#breadcrumb"},"inLanguage":"en-US","potentialAction":[{"@type":"ReadAction","target":["https:\/\/driftbastards.com\/produkt\/bosch-motorsport-elektronische-drosselklappe-82mm\/"]}]},{"@type":"ImageObject","inLanguage":"en-US","@id":"https:\/\/driftbastards.com\/produkt\/bosch-motorsport-elektronische-drosselklappe-82mm\/#primaryimage","url":"https:\/\/driftbastards.com\/wp-content\/uploads\/2025\/09\/IMG_1540-scaled.jpg","contentUrl":"https:\/\/driftbastards.com\/wp-content\/uploads\/2025\/09\/IMG_1540-scaled.jpg","width":1920,"height":2560},{"@type":"BreadcrumbList","@id":"https:\/\/driftbastards.com\/produkt\/bosch-motorsport-elektronische-drosselklappe-82mm\/#breadcrumb","itemListElement":[{"@type":"ListItem","position":1,"name":"Startseite","item":"https:\/\/driftbastards.com\/"},{"@type":"ListItem","position":2,"name":"Shop","item":"https:\/\/driftbastards.com\/shop\/"},{"@type":"ListItem","position":3,"name":"Bosch Motorsport Elektronische Drosselklappe 82mm"}]},{"@type":"WebSite","@id":"https:\/\/driftbastards.com\/#website","url":"https:\/\/driftbastards.com\/","name":"DriftBastards","description":"Das verr\u00fcckteste DriftTeam der Schweiz","publisher":{"@id":"https:\/\/driftbastards.com\/#organization"},"potentialAction":[{"@type":"SearchAction","target":{"@type":"EntryPoint","urlTemplate":"https:\/\/driftbastards.com\/?s={search_term_string}"},"query-input":{"@type":"PropertyValueSpecification","valueRequired":true,"valueName":"search_term_string"}}],"inLanguage":"en-US"},{"@type":"Organization","@id":"https:\/\/driftbastards.com\/#organization","name":"DriftBastards","url":"https:\/\/driftbastards.com\/","logo":{"@type":"ImageObject","inLanguage":"en-US","@id":"https:\/\/driftbastards.com\/#\/schema\/logo\/image\/","url":"https:\/\/driftbastards.com\/wp-content\/uploads\/2023\/12\/cropped-driftbastardslogo-red.webp","contentUrl":"https:\/\/driftbastards.com\/wp-content\/uploads\/2023\/12\/cropped-driftbastardslogo-red.webp","width":217,"height":100,"caption":"DriftBastards"},"image":{"@id":"https:\/\/driftbastards.com\/#\/schema\/logo\/image\/"},"sameAs":["https:\/\/www.facebook.com\/driftbastards\/","https:\/\/www.instagram.com\/driftbastards.ch\/","https:\/\/www.youtube.com\/@DomenikZiiba"]}]}},"jetpack_sharing_enabled":true,"jetpack-related-posts":[{"id":1822,"url":"https:\/\/driftbastards.com\/en\/product\/drift-bastards-sticker-das-original\/","url_meta":{"origin":8223,"position":0},"title":"DriftBastards Original Sticker","author":"diego","date":"14. December 2023","format":false,"excerpt":"\u00a0 Farbe: Schwarz Rot Spiegelnd\/Gl\u00e4nzend Gr\u00f6sse: 15x6cm","rel":"","context":"Similar post","block_context":{"text":"Similar post","link":""},"img":{"alt_text":"","src":"https:\/\/i0.wp.com\/driftbastards.com\/wp-content\/uploads\/2023\/12\/Unbenannt-210.png?resize=350%2C200&ssl=1","width":350,"height":200,"srcset":"https:\/\/i0.wp.com\/driftbastards.com\/wp-content\/uploads\/2023\/12\/Unbenannt-210.png?resize=350%2C200&ssl=1 1x, https:\/\/i0.wp.com\/driftbastards.com\/wp-content\/uploads\/2023\/12\/Unbenannt-210.png?resize=525%2C300&ssl=1 1.5x, https:\/\/i0.wp.com\/driftbastards.com\/wp-content\/uploads\/2023\/12\/Unbenannt-210.png?resize=700%2C400&ssl=1 2x, https:\/\/i0.wp.com\/driftbastards.com\/wp-content\/uploads\/2023\/12\/Unbenannt-210.png?resize=1050%2C600&ssl=1 3x, https:\/\/i0.wp.com\/driftbastards.com\/wp-content\/uploads\/2023\/12\/Unbenannt-210.png?resize=1400%2C800&ssl=1 4x"},"classes":[]},{"id":7532,"url":"https:\/\/driftbastards.com\/en\/product\/driftbastards-sticker-2025-motoren\/","url_meta":{"origin":8223,"position":1},"title":"DriftBastards Sticker 2025 Engines","author":"DriftBastards","date":"25. April 2025","format":false,"excerpt":"\u00a0 Farbe: Mehrfarbig Venyl\/Gl\u00e4nzend Gr\u00f6sse: 16x6.6cm","rel":"","context":"Similar post","block_context":{"text":"Similar post","link":""},"img":{"alt_text":"","src":"https:\/\/i0.wp.com\/driftbastards.com\/wp-content\/uploads\/2025\/04\/Unbenannt-398.png?resize=350%2C200&ssl=1","width":350,"height":200,"srcset":"https:\/\/i0.wp.com\/driftbastards.com\/wp-content\/uploads\/2025\/04\/Unbenannt-398.png?resize=350%2C200&ssl=1 1x, https:\/\/i0.wp.com\/driftbastards.com\/wp-content\/uploads\/2025\/04\/Unbenannt-398.png?resize=525%2C300&ssl=1 1.5x, https:\/\/i0.wp.com\/driftbastards.com\/wp-content\/uploads\/2025\/04\/Unbenannt-398.png?resize=700%2C400&ssl=1 2x, https:\/\/i0.wp.com\/driftbastards.com\/wp-content\/uploads\/2025\/04\/Unbenannt-398.png?resize=1050%2C600&ssl=1 3x, https:\/\/i0.wp.com\/driftbastards.com\/wp-content\/uploads\/2025\/04\/Unbenannt-398.png?resize=1400%2C800&ssl=1 4x"},"classes":[]},{"id":1810,"url":"https:\/\/driftbastards.com\/en\/product\/spureinstellplatten\/","url_meta":{"origin":8223,"position":2},"title":"track-adjustment plate","author":"diego","date":"14. December 2023","format":false,"excerpt":"Drift Bastards Spureinstellplatte zum Kontrollieren und Anpassen der Fahrwerkseinstellung. 2x 600x230mm Alu Platte gekanntet\/graviert inkl. 2x Rollmeter zur Spurvermessung","rel":"","context":"Similar post","block_context":{"text":"Similar post","link":""},"img":{"alt_text":"","src":"https:\/\/i0.wp.com\/driftbastards.com\/wp-content\/uploads\/2023\/12\/Spureinstellplatte_01-scaled.webp?resize=350%2C200&ssl=1","width":350,"height":200,"srcset":"https:\/\/i0.wp.com\/driftbastards.com\/wp-content\/uploads\/2023\/12\/Spureinstellplatte_01-scaled.webp?resize=350%2C200&ssl=1 1x, https:\/\/i0.wp.com\/driftbastards.com\/wp-content\/uploads\/2023\/12\/Spureinstellplatte_01-scaled.webp?resize=525%2C300&ssl=1 1.5x, https:\/\/i0.wp.com\/driftbastards.com\/wp-content\/uploads\/2023\/12\/Spureinstellplatte_01-scaled.webp?resize=700%2C400&ssl=1 2x, https:\/\/i0.wp.com\/driftbastards.com\/wp-content\/uploads\/2023\/12\/Spureinstellplatte_01-scaled.webp?resize=1050%2C600&ssl=1 3x, https:\/\/i0.wp.com\/driftbastards.com\/wp-content\/uploads\/2023\/12\/Spureinstellplatte_01-scaled.webp?resize=1400%2C800&ssl=1 4x"},"classes":[]},{"id":8326,"url":"https:\/\/driftbastards.com\/en\/product\/turbolader-borgwarner-airwerks-s300sx-e\/","url_meta":{"origin":8223,"position":3},"title":"BorgWarner AirWerks S300SX-E Turbocharger","author":"DriftBastards","date":"18. September 2025","format":false,"excerpt":"Turbolader BorgWarner AirWerks S300SX-E BW Teilenummer: 13009097047 Turbo Gr\u00f6sse: 63\/80 Gr\u00f6sse Verdichterrad: 62.99\/87.37mm Gr\u00f6sse Turbinenrad: 73.37\/79.76mm Leistungbereich:\u00a0450-785PS Zustand: Neu \/ Unbenutzt! Lieferumfang: kommt in Originalverpackung inkl. Dichtung f\u00fcr \u00d6lr\u00fccklauf Lagermenge: 1Stk in Berneck","rel":"","context":"Similar post","block_context":{"text":"Similar post","link":""},"img":{"alt_text":"","src":"https:\/\/i0.wp.com\/driftbastards.com\/wp-content\/uploads\/2025\/09\/IMG_1566-scaled.jpg?resize=350%2C200&ssl=1","width":350,"height":200,"srcset":"https:\/\/i0.wp.com\/driftbastards.com\/wp-content\/uploads\/2025\/09\/IMG_1566-scaled.jpg?resize=350%2C200&ssl=1 1x, https:\/\/i0.wp.com\/driftbastards.com\/wp-content\/uploads\/2025\/09\/IMG_1566-scaled.jpg?resize=525%2C300&ssl=1 1.5x, https:\/\/i0.wp.com\/driftbastards.com\/wp-content\/uploads\/2025\/09\/IMG_1566-scaled.jpg?resize=700%2C400&ssl=1 2x, https:\/\/i0.wp.com\/driftbastards.com\/wp-content\/uploads\/2025\/09\/IMG_1566-scaled.jpg?resize=1050%2C600&ssl=1 3x, https:\/\/i0.wp.com\/driftbastards.com\/wp-content\/uploads\/2025\/09\/IMG_1566-scaled.jpg?resize=1400%2C800&ssl=1 4x"},"classes":[]},{"id":6789,"url":"https:\/\/driftbastards.com\/en\/product\/driftbastards-ps13\/","url_meta":{"origin":8223,"position":4},"title":"DriftBastards PS13","author":"DriftBastards","date":"29. May 2024","format":false,"excerpt":"\u00a0 Farbe: Mehrfarbig Spiegelnd \/ Gl\u00e4nzend Gr\u00f6sse: 15.2x5.6cm","rel":"","context":"With 1 comment","block_context":{"text":"With 1 comment","link":"https:\/\/driftbastards.com\/en\/product\/driftbastards-ps13\/#comments"},"img":{"alt_text":"","src":"https:\/\/i0.wp.com\/driftbastards.com\/wp-content\/uploads\/2024\/05\/Unbenannt-211.png?resize=350%2C200&ssl=1","width":350,"height":200,"srcset":"https:\/\/i0.wp.com\/driftbastards.com\/wp-content\/uploads\/2024\/05\/Unbenannt-211.png?resize=350%2C200&ssl=1 1x, https:\/\/i0.wp.com\/driftbastards.com\/wp-content\/uploads\/2024\/05\/Unbenannt-211.png?resize=525%2C300&ssl=1 1.5x, https:\/\/i0.wp.com\/driftbastards.com\/wp-content\/uploads\/2024\/05\/Unbenannt-211.png?resize=700%2C400&ssl=1 2x, https:\/\/i0.wp.com\/driftbastards.com\/wp-content\/uploads\/2024\/05\/Unbenannt-211.png?resize=1050%2C600&ssl=1 3x, https:\/\/i0.wp.com\/driftbastards.com\/wp-content\/uploads\/2024\/05\/Unbenannt-211.png?resize=1400%2C800&ssl=1 4x"},"classes":[]},{"id":6811,"url":"https:\/\/driftbastards.com\/en\/product\/driftbastards-prisma\/","url_meta":{"origin":8223,"position":5},"title":"DriftBastards Prisma","author":"DriftBastards","date":"2. June 2024","format":false,"excerpt":"\u00a0 Farbe: Prisma Gl\u00e4nzend Gr\u00f6sse: 14x6cm","rel":"","context":"Similar post","block_context":{"text":"Similar post","link":""},"img":{"alt_text":"","src":"https:\/\/i0.wp.com\/driftbastards.com\/wp-content\/uploads\/2024\/06\/Unbenannt-206.png?resize=350%2C200&ssl=1","width":350,"height":200,"srcset":"https:\/\/i0.wp.com\/driftbastards.com\/wp-content\/uploads\/2024\/06\/Unbenannt-206.png?resize=350%2C200&ssl=1 1x, https:\/\/i0.wp.com\/driftbastards.com\/wp-content\/uploads\/2024\/06\/Unbenannt-206.png?resize=525%2C300&ssl=1 1.5x, https:\/\/i0.wp.com\/driftbastards.com\/wp-content\/uploads\/2024\/06\/Unbenannt-206.png?resize=700%2C400&ssl=1 2x, https:\/\/i0.wp.com\/driftbastards.com\/wp-content\/uploads\/2024\/06\/Unbenannt-206.png?resize=1050%2C600&ssl=1 3x, https:\/\/i0.wp.com\/driftbastards.com\/wp-content\/uploads\/2024\/06\/Unbenannt-206.png?resize=1400%2C800&ssl=1 4x"},"classes":[]}],"_links":{"self":[{"href":"https:\/\/driftbastards.com\/en\/wp-json\/wp\/v2\/product\/8223","targetHints":{"allow":["GET"]}}],"collection":[{"href":"https:\/\/driftbastards.com\/en\/wp-json\/wp\/v2\/product"}],"about":[{"href":"https:\/\/driftbastards.com\/en\/wp-json\/wp\/v2\/types\/product"}],"replies":[{"embeddable":true,"href":"https:\/\/driftbastards.com\/en\/wp-json\/wp\/v2\/comments?post=8223"}],"wp:featuredmedia":[{"embeddable":true,"href":"https:\/\/driftbastards.com\/en\/wp-json\/wp\/v2\/media\/8226"}],"wp:attachment":[{"href":"https:\/\/driftbastards.com\/en\/wp-json\/wp\/v2\/media?parent=8223"}],"wp:term":[{"taxonomy":"product_brand","embeddable":true,"href":"https:\/\/driftbastards.com\/en\/wp-json\/wp\/v2\/product_brand?post=8223"},{"taxonomy":"product_cat","embeddable":true,"href":"https:\/\/driftbastards.com\/en\/wp-json\/wp\/v2\/product_cat?post=8223"},{"taxonomy":"product_tag","embeddable":true,"href":"https:\/\/driftbastards.com\/en\/wp-json\/wp\/v2\/product_tag?post=8223"}],"curies":[{"name":"wp","href":"https:\/\/api.w.org\/{rel}","templated":true}]}}