{"id":8743,"date":"2026-02-13T19:25:19","date_gmt":"2026-02-13T18:25:19","guid":{"rendered":"https:\/\/driftbastards.com\/?post_type=product&#038;p=8743"},"modified":"2026-02-16T16:19:32","modified_gmt":"2026-02-16T15:19:32","slug":"ls-zu-cd01-09-adapter-satz","status":"publish","type":"product","link":"https:\/\/driftbastards.com\/en\/product\/ls-zu-cd01-09-adapter-satz\/","title":{"rendered":"LS to CD01-09 Conversion Kit"},"content":{"rendered":"<p class=\"product-title\">LOJ Conversion Kit for LS Engines to Nissan CD01\u201309<\/p>\n<p>&nbsp;<\/p>\n<p>Flywheel resurfaced and used for one event (good as new)<\/p>\n<p>Driveshaft compatible with Nissan S-chassis swap and 350Z differential<\/p>\n<p>Used CD09 transmission from Nissan 350Z available for an additional charge (800CHF\n).<\/p>\n<p>Price 1000CHF (negotiable)<\/p>\n<p><strong>Contact us by email today!<\/strong><\/p>\n<p>&nbsp;<\/p>\n\n<div class=\"wpcf7 no-js\" id=\"wpcf7-f8517-o1\" lang=\"de-CH\" dir=\"ltr\" data-wpcf7-id=\"8517\">\n<div class=\"screen-reader-response\"><p role=\"status\" aria-live=\"polite\" aria-atomic=\"true\"><\/p> <ul><\/ul><\/div>\n<form action=\"\/en\/wp-json\/wp\/v2\/product\/8743#wpcf7-f8517-o1\" method=\"post\" class=\"wpcf7-form init\" aria-label=\"Contact form\" novalidate=\"novalidate\" data-status=\"init\" data-trp-original-action=\"\/en\/wp-json\/wp\/v2\/product\/8743#wpcf7-f8517-o1\">\n<fieldset class=\"hidden-fields-container\"><input type=\"hidden\" name=\"_wpcf7\" value=\"8517\" \/><input type=\"hidden\" name=\"_wpcf7_version\" value=\"6.1.4\" \/><input type=\"hidden\" name=\"_wpcf7_locale\" value=\"de_CH\" \/><input type=\"hidden\" name=\"_wpcf7_unit_tag\" value=\"wpcf7-f8517-o1\" \/><input type=\"hidden\" name=\"_wpcf7_container_post\" value=\"0\" \/><input type=\"hidden\" name=\"_wpcf7_posted_data_hash\" value=\"\" \/>\n<\/fieldset>\n<p><label> Ihr Name<br \/>\n<span class=\"wpcf7-form-control-wrap\" data-name=\"your-name\"><input size=\"40\" maxlength=\"400\" class=\"wpcf7-form-control wpcf7-text wpcf7-validates-as-required\" autocomplete=\"name\" aria-required=\"true\" aria-invalid=\"false\" value=\"\" type=\"text\" name=\"your-name\" \/><\/span><br \/>\n<\/label>\n<\/p>\n<p><label> Ihre E-Mail<br \/>\n<span class=\"wpcf7-form-control-wrap\" data-name=\"your-email\"><input size=\"40\" maxlength=\"400\" class=\"wpcf7-form-control wpcf7-email wpcf7-validates-as-required wpcf7-text wpcf7-validates-as-email\" autocomplete=\"email\" aria-required=\"true\" aria-invalid=\"false\" value=\"\" type=\"email\" name=\"your-email\" \/><\/span><br \/>\n<\/label>\n<\/p>\n<p><label> Betreff<br \/>\n<span class=\"wpcf7-form-control-wrap\" data-name=\"your-subject\"><input size=\"40\" maxlength=\"400\" class=\"wpcf7-form-control wpcf7-text\" aria-invalid=\"false\" value=\"Preis-Anfrage\" type=\"text\" name=\"your-subject\" \/><\/span><br \/>\n<\/label>\n<\/p>\n<p><label> Ihre Nachricht (optional)<br \/>\n<span class=\"wpcf7-form-control-wrap\" data-name=\"your-message\"><textarea cols=\"40\" rows=\"10\" maxlength=\"2000\" class=\"wpcf7-form-control wpcf7-textarea\" aria-invalid=\"false\" name=\"your-message\"><\/textarea><\/span><br \/>\n<\/label>\n<\/p>\n<p><input class=\"wpcf7-form-control wpcf7-submit has-spinner\" type=\"submit\" value=\"Absenden\" \/>\n<\/p><input type='hidden' class='wpcf7-pum' value='{\"closepopup\":false,\"closedelay\":0,\"openpopup\":false,\"openpopup_id\":0}' \/><div class=\"wpcf7-response-output\" aria-hidden=\"true\"><\/div>\n<input type=\"hidden\" name=\"trp-form-language\" value=\"en\"\/><\/form>\n<\/div>","protected":false},"excerpt":{"rendered":"<p>LS \/ CD01-09 Adapter Kit<\/p>\n<ul>\n<li class=\"section__title product-block__title\">Engine\u2013Transmission Adapter Plate<\/li>\n<li class=\"section__title product-block__title\">Flywheel<\/li>\n<li class=\"section__title product-block__title\">Driveshaft (NISSAN S13)<\/li>\n<li>Transmission mount and shift linkage adapter<\/li>\n<li>In Stock, Gunzwil (LU)<\/li>\n<\/ul>","protected":false},"featured_media":8744,"comment_status":"open","ping_status":"closed","template":"","meta":{"_acf_changed":false,"site-sidebar-layout":"default","site-content-layout":"","ast-site-content-layout":"default","site-content-style":"default","site-sidebar-style":"default","ast-global-header-display":"","ast-banner-title-visibility":"","ast-main-header-display":"","ast-hfb-above-header-display":"","ast-hfb-below-header-display":"","ast-hfb-mobile-header-display":"","site-post-title":"","ast-breadcrumbs-content":"","ast-featured-img":"","footer-sml-layout":"","theme-transparent-header-meta":"default","adv-header-id-meta":"","stick-header-meta":"default","header-above-stick-meta":"","header-main-stick-meta":"","header-below-stick-meta":"","astra-migrate-meta-layouts":"set","ast-page-background-enabled":"default","ast-page-background-meta":{"desktop":{"background-color":"var(--ast-global-color-4)","background-image":"","background-repeat":"repeat","background-position":"center center","background-size":"auto","background-attachment":"scroll","background-type":"","background-media":"","overlay-type":"","overlay-color":"","overlay-opacity":"","overlay-gradient":""},"tablet":{"background-color":"","background-image":"","background-repeat":"repeat","background-position":"center center","background-size":"auto","background-attachment":"scroll","background-type":"","background-media":"","overlay-type":"","overlay-color":"","overlay-opacity":"","overlay-gradient":""},"mobile":{"background-color":"","background-image":"","background-repeat":"repeat","background-position":"center center","background-size":"auto","background-attachment":"scroll","background-type":"","background-media":"","overlay-type":"","overlay-color":"","overlay-opacity":"","overlay-gradient":""}},"ast-content-background-meta":{"desktop":{"background-color":"var(--ast-global-color-5)","background-image":"","background-repeat":"repeat","background-position":"center center","background-size":"auto","background-attachment":"scroll","background-type":"","background-media":"","overlay-type":"","overlay-color":"","overlay-opacity":"","overlay-gradient":""},"tablet":{"background-color":"var(--ast-global-color-5)","background-image":"","background-repeat":"repeat","background-position":"center center","background-size":"auto","background-attachment":"scroll","background-type":"","background-media":"","overlay-type":"","overlay-color":"","overlay-opacity":"","overlay-gradient":""},"mobile":{"background-color":"var(--ast-global-color-5)","background-image":"","background-repeat":"repeat","background-position":"center center","background-size":"auto","background-attachment":"scroll","background-type":"","background-media":"","overlay-type":"","overlay-color":"","overlay-opacity":"","overlay-gradient":""}}},"product_brand":[],"product_cat":[50],"product_tag":[],"class_list":{"0":"post-8743","1":"product","2":"type-product","3":"status-publish","4":"has-post-thumbnail","6":"product_cat-gebraucht","7":"product_shipping_class-leicht","8":"desktop-align-left","9":"tablet-align-left","10":"mobile-align-left","11":"ast-product-gallery-layout-vertical-slider","12":"ast-product-tabs-layout-accordion","14":"first","15":"instock","16":"virtual","17":"product-type-simple"},"acf":[],"yoast_head":"<!-- This site is optimized with the Yoast SEO plugin v26.8 - https:\/\/yoast.com\/product\/yoast-seo-wordpress\/ -->\n<title>LS zu CD01-09 Adapter Satz - DriftBastards<\/title>\n<meta name=\"robots\" content=\"index, follow, max-snippet:-1, max-image-preview:large, max-video-preview:-1\" \/>\n<link rel=\"canonical\" href=\"https:\/\/driftbastards.com\/en\/product\/ls-zu-cd01-09-adapter-satz\/\" \/>\n<meta property=\"og:locale\" content=\"en_US\" \/>\n<meta property=\"og:type\" content=\"article\" \/>\n<meta property=\"og:title\" content=\"LS zu CD01-09 Adapter Satz - DriftBastards\" \/>\n<meta property=\"og:description\" content=\"LS \/ CD01-09 Adapter Kit   Motor - Getriebe Adapterplqatte  Schwungrad  Kardanwelle (NISSAN S13)  Getriebehalter und Schaltgest\u00e4nge-Adapter  Lagernd in Gunzwil (LU)\" \/>\n<meta property=\"og:url\" content=\"https:\/\/driftbastards.com\/en\/product\/ls-zu-cd01-09-adapter-satz\/\" \/>\n<meta property=\"og:site_name\" content=\"DriftBastards\" \/>\n<meta property=\"article:publisher\" content=\"https:\/\/www.facebook.com\/driftbastards\/\" \/>\n<meta property=\"article:modified_time\" content=\"2026-02-16T15:19:32+00:00\" \/>\n<meta property=\"og:image\" content=\"https:\/\/driftbastards.com\/wp-content\/uploads\/2026\/02\/3349262354.jpg\" \/>\n\t<meta property=\"og:image:width\" content=\"1020\" \/>\n\t<meta property=\"og:image:height\" content=\"764\" \/>\n\t<meta property=\"og:image:type\" content=\"image\/jpeg\" \/>\n<meta name=\"twitter:card\" content=\"summary_large_image\" \/>\n<meta name=\"twitter:label1\" content=\"Est. reading time\" \/>\n\t<meta name=\"twitter:data1\" content=\"1 minute\" \/>\n<script type=\"application\/ld+json\" class=\"yoast-schema-graph\">{\"@context\":\"https:\/\/schema.org\",\"@graph\":[{\"@type\":\"WebPage\",\"@id\":\"https:\/\/driftbastards.com\/produkt\/ls-zu-cd01-09-adapter-satz\/\",\"url\":\"https:\/\/driftbastards.com\/produkt\/ls-zu-cd01-09-adapter-satz\/\",\"name\":\"LS zu CD01-09 Adapter Satz - DriftBastards\",\"isPartOf\":{\"@id\":\"https:\/\/driftbastards.com\/#website\"},\"primaryImageOfPage\":{\"@id\":\"https:\/\/driftbastards.com\/produkt\/ls-zu-cd01-09-adapter-satz\/#primaryimage\"},\"image\":{\"@id\":\"https:\/\/driftbastards.com\/produkt\/ls-zu-cd01-09-adapter-satz\/#primaryimage\"},\"thumbnailUrl\":\"https:\/\/driftbastards.com\/wp-content\/uploads\/2026\/02\/3349262354.jpg\",\"datePublished\":\"2026-02-13T18:25:19+00:00\",\"dateModified\":\"2026-02-16T15:19:32+00:00\",\"breadcrumb\":{\"@id\":\"https:\/\/driftbastards.com\/produkt\/ls-zu-cd01-09-adapter-satz\/#breadcrumb\"},\"inLanguage\":\"en-US\",\"potentialAction\":[{\"@type\":\"ReadAction\",\"target\":[\"https:\/\/driftbastards.com\/produkt\/ls-zu-cd01-09-adapter-satz\/\"]}]},{\"@type\":\"ImageObject\",\"inLanguage\":\"en-US\",\"@id\":\"https:\/\/driftbastards.com\/produkt\/ls-zu-cd01-09-adapter-satz\/#primaryimage\",\"url\":\"https:\/\/driftbastards.com\/wp-content\/uploads\/2026\/02\/3349262354.jpg\",\"contentUrl\":\"https:\/\/driftbastards.com\/wp-content\/uploads\/2026\/02\/3349262354.jpg\",\"width\":1020,\"height\":764},{\"@type\":\"BreadcrumbList\",\"@id\":\"https:\/\/driftbastards.com\/produkt\/ls-zu-cd01-09-adapter-satz\/#breadcrumb\",\"itemListElement\":[{\"@type\":\"ListItem\",\"position\":1,\"name\":\"Startseite\",\"item\":\"https:\/\/driftbastards.com\/\"},{\"@type\":\"ListItem\",\"position\":2,\"name\":\"Shop\",\"item\":\"https:\/\/driftbastards.com\/shop\/\"},{\"@type\":\"ListItem\",\"position\":3,\"name\":\"LS zu CD01-09 Adapter Satz\"}]},{\"@type\":\"WebSite\",\"@id\":\"https:\/\/driftbastards.com\/#website\",\"url\":\"https:\/\/driftbastards.com\/\",\"name\":\"DriftBastards\",\"description\":\"Das verr\u00fcckteste DriftTeam der Schweiz\",\"publisher\":{\"@id\":\"https:\/\/driftbastards.com\/#organization\"},\"potentialAction\":[{\"@type\":\"SearchAction\",\"target\":{\"@type\":\"EntryPoint\",\"urlTemplate\":\"https:\/\/driftbastards.com\/?s={search_term_string}\"},\"query-input\":{\"@type\":\"PropertyValueSpecification\",\"valueRequired\":true,\"valueName\":\"search_term_string\"}}],\"inLanguage\":\"en-US\"},{\"@type\":\"Organization\",\"@id\":\"https:\/\/driftbastards.com\/#organization\",\"name\":\"DriftBastards\",\"url\":\"https:\/\/driftbastards.com\/\",\"logo\":{\"@type\":\"ImageObject\",\"inLanguage\":\"en-US\",\"@id\":\"https:\/\/driftbastards.com\/#\/schema\/logo\/image\/\",\"url\":\"https:\/\/driftbastards.com\/wp-content\/uploads\/2023\/12\/cropped-driftbastardslogo-red.webp\",\"contentUrl\":\"https:\/\/driftbastards.com\/wp-content\/uploads\/2023\/12\/cropped-driftbastardslogo-red.webp\",\"width\":217,\"height\":100,\"caption\":\"DriftBastards\"},\"image\":{\"@id\":\"https:\/\/driftbastards.com\/#\/schema\/logo\/image\/\"},\"sameAs\":[\"https:\/\/www.facebook.com\/driftbastards\/\",\"https:\/\/www.instagram.com\/driftbastards.ch\/\",\"https:\/\/www.youtube.com\/@DomenikZiiba\"]}]}<\/script>\n<!-- \/ Yoast SEO plugin. -->","yoast_head_json":{"title":"LS zu CD01-09 Adapter Satz - DriftBastards","robots":{"index":"index","follow":"follow","max-snippet":"max-snippet:-1","max-image-preview":"max-image-preview:large","max-video-preview":"max-video-preview:-1"},"canonical":"https:\/\/driftbastards.com\/en\/product\/ls-zu-cd01-09-adapter-satz\/","og_locale":"en_US","og_type":"article","og_title":"LS zu CD01-09 Adapter Satz - DriftBastards","og_description":"LS \/ CD01-09 Adapter Kit   Motor - Getriebe Adapterplqatte  Schwungrad  Kardanwelle (NISSAN S13)  Getriebehalter und Schaltgest\u00e4nge-Adapter  Lagernd in Gunzwil (LU)","og_url":"https:\/\/driftbastards.com\/en\/product\/ls-zu-cd01-09-adapter-satz\/","og_site_name":"DriftBastards","article_publisher":"https:\/\/www.facebook.com\/driftbastards\/","article_modified_time":"2026-02-16T15:19:32+00:00","og_image":[{"width":1020,"height":764,"url":"https:\/\/driftbastards.com\/wp-content\/uploads\/2026\/02\/3349262354.jpg","type":"image\/jpeg"}],"twitter_card":"summary_large_image","twitter_misc":{"Est. reading time":"1 minute"},"schema":{"@context":"https:\/\/schema.org","@graph":[{"@type":"WebPage","@id":"https:\/\/driftbastards.com\/produkt\/ls-zu-cd01-09-adapter-satz\/","url":"https:\/\/driftbastards.com\/produkt\/ls-zu-cd01-09-adapter-satz\/","name":"LS zu CD01-09 Adapter Satz - DriftBastards","isPartOf":{"@id":"https:\/\/driftbastards.com\/#website"},"primaryImageOfPage":{"@id":"https:\/\/driftbastards.com\/produkt\/ls-zu-cd01-09-adapter-satz\/#primaryimage"},"image":{"@id":"https:\/\/driftbastards.com\/produkt\/ls-zu-cd01-09-adapter-satz\/#primaryimage"},"thumbnailUrl":"https:\/\/driftbastards.com\/wp-content\/uploads\/2026\/02\/3349262354.jpg","datePublished":"2026-02-13T18:25:19+00:00","dateModified":"2026-02-16T15:19:32+00:00","breadcrumb":{"@id":"https:\/\/driftbastards.com\/produkt\/ls-zu-cd01-09-adapter-satz\/#breadcrumb"},"inLanguage":"en-US","potentialAction":[{"@type":"ReadAction","target":["https:\/\/driftbastards.com\/produkt\/ls-zu-cd01-09-adapter-satz\/"]}]},{"@type":"ImageObject","inLanguage":"en-US","@id":"https:\/\/driftbastards.com\/produkt\/ls-zu-cd01-09-adapter-satz\/#primaryimage","url":"https:\/\/driftbastards.com\/wp-content\/uploads\/2026\/02\/3349262354.jpg","contentUrl":"https:\/\/driftbastards.com\/wp-content\/uploads\/2026\/02\/3349262354.jpg","width":1020,"height":764},{"@type":"BreadcrumbList","@id":"https:\/\/driftbastards.com\/produkt\/ls-zu-cd01-09-adapter-satz\/#breadcrumb","itemListElement":[{"@type":"ListItem","position":1,"name":"Startseite","item":"https:\/\/driftbastards.com\/"},{"@type":"ListItem","position":2,"name":"Shop","item":"https:\/\/driftbastards.com\/shop\/"},{"@type":"ListItem","position":3,"name":"LS zu CD01-09 Adapter Satz"}]},{"@type":"WebSite","@id":"https:\/\/driftbastards.com\/#website","url":"https:\/\/driftbastards.com\/","name":"DriftBastards","description":"Das verr\u00fcckteste DriftTeam der Schweiz","publisher":{"@id":"https:\/\/driftbastards.com\/#organization"},"potentialAction":[{"@type":"SearchAction","target":{"@type":"EntryPoint","urlTemplate":"https:\/\/driftbastards.com\/?s={search_term_string}"},"query-input":{"@type":"PropertyValueSpecification","valueRequired":true,"valueName":"search_term_string"}}],"inLanguage":"en-US"},{"@type":"Organization","@id":"https:\/\/driftbastards.com\/#organization","name":"DriftBastards","url":"https:\/\/driftbastards.com\/","logo":{"@type":"ImageObject","inLanguage":"en-US","@id":"https:\/\/driftbastards.com\/#\/schema\/logo\/image\/","url":"https:\/\/driftbastards.com\/wp-content\/uploads\/2023\/12\/cropped-driftbastardslogo-red.webp","contentUrl":"https:\/\/driftbastards.com\/wp-content\/uploads\/2023\/12\/cropped-driftbastardslogo-red.webp","width":217,"height":100,"caption":"DriftBastards"},"image":{"@id":"https:\/\/driftbastards.com\/#\/schema\/logo\/image\/"},"sameAs":["https:\/\/www.facebook.com\/driftbastards\/","https:\/\/www.instagram.com\/driftbastards.ch\/","https:\/\/www.youtube.com\/@DomenikZiiba"]}]}},"jetpack_sharing_enabled":true,"jetpack-related-posts":[{"id":8363,"url":"https:\/\/driftbastards.com\/en\/product\/volvo-b230-8v-motor\/","url_meta":{"origin":8743,"position":0},"title":"Volvo B230FX 8V Redblock Engine","author":"DriftBastards","date":"15. October 2025","format":false,"excerpt":"Volvo B230FX 8V SOHC Kompletter Rumpfmotor 1x Zylinderkopf (...531er verkauft!) Kabelbaum und Z\u00fcndverteiler Laufleistung unbekannt Lagermenge: alles in Berneck","rel":"","context":"Similar post","block_context":{"text":"Similar post","link":""},"img":{"alt_text":"","src":"https:\/\/i0.wp.com\/driftbastards.com\/wp-content\/uploads\/2025\/10\/IMG_1786-scaled.jpg?resize=350%2C200&ssl=1","width":350,"height":200,"srcset":"https:\/\/i0.wp.com\/driftbastards.com\/wp-content\/uploads\/2025\/10\/IMG_1786-scaled.jpg?resize=350%2C200&ssl=1 1x, https:\/\/i0.wp.com\/driftbastards.com\/wp-content\/uploads\/2025\/10\/IMG_1786-scaled.jpg?resize=525%2C300&ssl=1 1.5x, https:\/\/i0.wp.com\/driftbastards.com\/wp-content\/uploads\/2025\/10\/IMG_1786-scaled.jpg?resize=700%2C400&ssl=1 2x, https:\/\/i0.wp.com\/driftbastards.com\/wp-content\/uploads\/2025\/10\/IMG_1786-scaled.jpg?resize=1050%2C600&ssl=1 3x, https:\/\/i0.wp.com\/driftbastards.com\/wp-content\/uploads\/2025\/10\/IMG_1786-scaled.jpg?resize=1400%2C800&ssl=1 4x"},"classes":[]},{"id":8223,"url":"https:\/\/driftbastards.com\/en\/product\/bosch-motorsport-elektronische-drosselklappe-82mm\/","url_meta":{"origin":8743,"position":1},"title":"Bosch Motorsport Electronic Throttle Body 82mm","author":"DriftBastards","date":"15. September 2025","format":false,"excerpt":"Bosch Motorsport Elektronische Drosselklappe Gr\u00f6sse: 82mm PN: 0 280 750 473 Zustand: Neu \/ Unbenutzt! Lieferumfang: kommt in Originalverpackung Lagermenge: 1Stk in Berneck","rel":"","context":"Similar post","block_context":{"text":"Similar post","link":""},"img":{"alt_text":"","src":"https:\/\/i0.wp.com\/driftbastards.com\/wp-content\/uploads\/2025\/09\/IMG_1540-scaled.jpg?resize=350%2C200&ssl=1","width":350,"height":200,"srcset":"https:\/\/i0.wp.com\/driftbastards.com\/wp-content\/uploads\/2025\/09\/IMG_1540-scaled.jpg?resize=350%2C200&ssl=1 1x, https:\/\/i0.wp.com\/driftbastards.com\/wp-content\/uploads\/2025\/09\/IMG_1540-scaled.jpg?resize=525%2C300&ssl=1 1.5x, https:\/\/i0.wp.com\/driftbastards.com\/wp-content\/uploads\/2025\/09\/IMG_1540-scaled.jpg?resize=700%2C400&ssl=1 2x, https:\/\/i0.wp.com\/driftbastards.com\/wp-content\/uploads\/2025\/09\/IMG_1540-scaled.jpg?resize=1050%2C600&ssl=1 3x, https:\/\/i0.wp.com\/driftbastards.com\/wp-content\/uploads\/2025\/09\/IMG_1540-scaled.jpg?resize=1400%2C800&ssl=1 4x"},"classes":[]},{"id":1806,"url":"https:\/\/driftbastards.com\/en\/product\/bmw-wheel-hub-bolt-circle-expansion\/","url_meta":{"origin":8743,"position":2},"title":"BMW wheel hub with bolt pattern extension to 114.3x5","author":"diego","date":"14. December 2023","format":false,"excerpt":"\u00a0 Kompatibilit\u00e4t: Speziell f\u00fcr BMW E36\/E46 Modelle entwickelt. Hergestellt f\u00fcr die beliebten BMW 3er-Serien. Passt zu: 316, 318, 320, 323, 325, 328, 330, M3, (E36 Compact auf Anfrage) Bolzenmuster: Erm\u00f6glicht sowohl den 120\u00d75 als auch\u00a0114,3\u00d75 Lochkreis, alle Gewinde M12x1.5(BMW), was Vielseitigkeit und Kompatibilit\u00e4t gew\u00e4hrleistet. Hochwertige Komponenten: Im Lieferumfang enthalten sind\u2026","rel":"","context":"Similar post","block_context":{"text":"Similar post","link":""},"img":{"alt_text":"","src":"https:\/\/i0.wp.com\/driftbastards.com\/wp-content\/uploads\/2023\/12\/BMW_Nabe01-scaled.webp?resize=350%2C200&ssl=1","width":350,"height":200,"srcset":"https:\/\/i0.wp.com\/driftbastards.com\/wp-content\/uploads\/2023\/12\/BMW_Nabe01-scaled.webp?resize=350%2C200&ssl=1 1x, https:\/\/i0.wp.com\/driftbastards.com\/wp-content\/uploads\/2023\/12\/BMW_Nabe01-scaled.webp?resize=525%2C300&ssl=1 1.5x, https:\/\/i0.wp.com\/driftbastards.com\/wp-content\/uploads\/2023\/12\/BMW_Nabe01-scaled.webp?resize=700%2C400&ssl=1 2x, https:\/\/i0.wp.com\/driftbastards.com\/wp-content\/uploads\/2023\/12\/BMW_Nabe01-scaled.webp?resize=1050%2C600&ssl=1 3x, https:\/\/i0.wp.com\/driftbastards.com\/wp-content\/uploads\/2023\/12\/BMW_Nabe01-scaled.webp?resize=1400%2C800&ssl=1 4x"},"classes":[]},{"id":8341,"url":"https:\/\/driftbastards.com\/en\/product\/e36-compact-bremsscheiben\/","url_meta":{"origin":8743,"position":3},"title":"E36 Compact brake discs","author":"DriftBastards","date":"22. September 2025","format":false,"excerpt":"E36 Compact Bremsscheiben Lochkreis 120x5 und 114.3x5 Zustand: Neu \/ Unbenutzt! Herstellernummer: VA 82B0010 \/ HA 82B0775 Lagermenge: 1Satz in Berneck","rel":"","context":"Similar post","block_context":{"text":"Similar post","link":""},"img":{"alt_text":"","src":"https:\/\/i0.wp.com\/driftbastards.com\/wp-content\/uploads\/2025\/09\/IMG_1584-scaled.jpg?resize=350%2C200&ssl=1","width":350,"height":200,"srcset":"https:\/\/i0.wp.com\/driftbastards.com\/wp-content\/uploads\/2025\/09\/IMG_1584-scaled.jpg?resize=350%2C200&ssl=1 1x, https:\/\/i0.wp.com\/driftbastards.com\/wp-content\/uploads\/2025\/09\/IMG_1584-scaled.jpg?resize=525%2C300&ssl=1 1.5x, https:\/\/i0.wp.com\/driftbastards.com\/wp-content\/uploads\/2025\/09\/IMG_1584-scaled.jpg?resize=700%2C400&ssl=1 2x, https:\/\/i0.wp.com\/driftbastards.com\/wp-content\/uploads\/2025\/09\/IMG_1584-scaled.jpg?resize=1050%2C600&ssl=1 3x, https:\/\/i0.wp.com\/driftbastards.com\/wp-content\/uploads\/2025\/09\/IMG_1584-scaled.jpg?resize=1400%2C800&ssl=1 4x"},"classes":[]},{"id":8373,"url":"https:\/\/driftbastards.com\/en\/product\/dichtungssatz-fuer-volvo-b230-zylinderkopf\/","url_meta":{"origin":8743,"position":4},"title":"Gasket kit for Volvo B230, Cylinder Head","author":"DriftBastards","date":"16. October 2025","format":false,"excerpt":"Dichtungssatz passend zu Volvo B230 8V SOHC ELRING: 701.95 1x Zylinderkopf Dichtsatz Lagermenge:2x in Berneck","rel":"","context":"Similar post","block_context":{"text":"Similar post","link":""},"img":{"alt_text":"","src":"https:\/\/i0.wp.com\/driftbastards.com\/wp-content\/uploads\/2025\/10\/Screenshot-2026-02-16-161210.jpg?resize=350%2C200&ssl=1","width":350,"height":200,"srcset":"https:\/\/i0.wp.com\/driftbastards.com\/wp-content\/uploads\/2025\/10\/Screenshot-2026-02-16-161210.jpg?resize=350%2C200&ssl=1 1x, https:\/\/i0.wp.com\/driftbastards.com\/wp-content\/uploads\/2025\/10\/Screenshot-2026-02-16-161210.jpg?resize=525%2C300&ssl=1 1.5x"},"classes":[]},{"id":8338,"url":"https:\/\/driftbastards.com\/en\/product\/kruemmerflansch-t4-twin-scroll\/","url_meta":{"origin":8743,"position":5},"title":"Exhaust Flange T4 Twin Scroll","author":"DriftBastards","date":"18. September 2025","format":false,"excerpt":"Kr\u00fcmmerflansch T4 Gr\u00f6sse Flansch: T4 TwinScroll Material: Edelstahl Lochabst\u00e4nde:\u00a082mm x 70mm Zustand: Neu \/ Unbenutzt! Lagermenge: 1Stk in Berneck","rel":"","context":"Similar post","block_context":{"text":"Similar post","link":""},"img":{"alt_text":"","src":"https:\/\/i0.wp.com\/driftbastards.com\/wp-content\/uploads\/2025\/09\/IMG_1571-scaled.jpg?resize=350%2C200&ssl=1","width":350,"height":200,"srcset":"https:\/\/i0.wp.com\/driftbastards.com\/wp-content\/uploads\/2025\/09\/IMG_1571-scaled.jpg?resize=350%2C200&ssl=1 1x, https:\/\/i0.wp.com\/driftbastards.com\/wp-content\/uploads\/2025\/09\/IMG_1571-scaled.jpg?resize=525%2C300&ssl=1 1.5x, https:\/\/i0.wp.com\/driftbastards.com\/wp-content\/uploads\/2025\/09\/IMG_1571-scaled.jpg?resize=700%2C400&ssl=1 2x, https:\/\/i0.wp.com\/driftbastards.com\/wp-content\/uploads\/2025\/09\/IMG_1571-scaled.jpg?resize=1050%2C600&ssl=1 3x, https:\/\/i0.wp.com\/driftbastards.com\/wp-content\/uploads\/2025\/09\/IMG_1571-scaled.jpg?resize=1400%2C800&ssl=1 4x"},"classes":[]}],"_links":{"self":[{"href":"https:\/\/driftbastards.com\/en\/wp-json\/wp\/v2\/product\/8743","targetHints":{"allow":["GET"]}}],"collection":[{"href":"https:\/\/driftbastards.com\/en\/wp-json\/wp\/v2\/product"}],"about":[{"href":"https:\/\/driftbastards.com\/en\/wp-json\/wp\/v2\/types\/product"}],"replies":[{"embeddable":true,"href":"https:\/\/driftbastards.com\/en\/wp-json\/wp\/v2\/comments?post=8743"}],"wp:featuredmedia":[{"embeddable":true,"href":"https:\/\/driftbastards.com\/en\/wp-json\/wp\/v2\/media\/8744"}],"wp:attachment":[{"href":"https:\/\/driftbastards.com\/en\/wp-json\/wp\/v2\/media?parent=8743"}],"wp:term":[{"taxonomy":"product_brand","embeddable":true,"href":"https:\/\/driftbastards.com\/en\/wp-json\/wp\/v2\/product_brand?post=8743"},{"taxonomy":"product_cat","embeddable":true,"href":"https:\/\/driftbastards.com\/en\/wp-json\/wp\/v2\/product_cat?post=8743"},{"taxonomy":"product_tag","embeddable":true,"href":"https:\/\/driftbastards.com\/en\/wp-json\/wp\/v2\/product_tag?post=8743"}],"curies":[{"name":"wp","href":"https:\/\/api.w.org\/{rel}","templated":true}]}}