{"id":8828,"date":"2026-04-14T22:03:25","date_gmt":"2026-04-14T20:03:25","guid":{"rendered":"https:\/\/driftbastards.com\/?post_type=product&#038;p=8828"},"modified":"2026-04-21T19:08:47","modified_gmt":"2026-04-21T17:08:47","slug":"driftbastards-hoody-full-send-2026","status":"publish","type":"product","link":"https:\/\/driftbastards.com\/en\/product\/driftbastards-hoody-full-send-2026\/","title":{"rendered":"DriftBastards &#8211; Hoody FullSend 2026"},"content":{"rendered":"<div><\/div>\n<div><strong style=\"font-size: 16px;\">Made proudly in Swizerland<\/strong><span style=\"font-size: 16px;\">: 100% made in Switzerland by DriftBastards, including design and printing.<\/span><\/div>\n<div>\n<p><strong>Nice Design<\/strong>: The T-shirt features the DriftBastards logo on the chest and the latest DriftBastards design on the back in bold red.<\/p>\n<p><strong>Features: <\/strong>Active hoodie featuring a kangaroo pocket and a tone-on-tone sleeve pocket with a zip.<\/p>\n<p><strong>Available Sizes<\/strong>:<\/p>\n<ul>\n<li>\u00a0Unisex: M-L-XL<\/li>\n<\/ul>\n<p>100% made in Switzerland by DriftBastards!<\/p>\n<p>65% polyester, 35% cotton<\/p>\n<p>Get your new Hoody now!<\/p>\n<\/div>","protected":false},"excerpt":{"rendered":"<p>It\u2019s finally here \u2013 our very first hoodie!<\/p>\n<p><strong>100%<\/strong> Made in Switzerland<\/p>\n<p>**For a limited time only: smal edition for special price**<\/p>","protected":false},"featured_media":8914,"comment_status":"open","ping_status":"closed","template":"","meta":{"_acf_changed":false,"site-sidebar-layout":"default","site-content-layout":"","ast-site-content-layout":"default","site-content-style":"default","site-sidebar-style":"default","ast-global-header-display":"","ast-banner-title-visibility":"","ast-main-header-display":"","ast-hfb-above-header-display":"","ast-hfb-below-header-display":"","ast-hfb-mobile-header-display":"","site-post-title":"","ast-breadcrumbs-content":"","ast-featured-img":"","footer-sml-layout":"","theme-transparent-header-meta":"default","adv-header-id-meta":"","stick-header-meta":"default","header-above-stick-meta":"","header-main-stick-meta":"","header-below-stick-meta":"","astra-migrate-meta-layouts":"set","ast-page-background-enabled":"default","ast-page-background-meta":{"desktop":{"background-color":"var(--ast-global-color-4)","background-image":"","background-repeat":"repeat","background-position":"center center","background-size":"auto","background-attachment":"scroll","background-type":"","background-media":"","overlay-type":"","overlay-color":"","overlay-opacity":"","overlay-gradient":""},"tablet":{"background-color":"","background-image":"","background-repeat":"repeat","background-position":"center center","background-size":"auto","background-attachment":"scroll","background-type":"","background-media":"","overlay-type":"","overlay-color":"","overlay-opacity":"","overlay-gradient":""},"mobile":{"background-color":"","background-image":"","background-repeat":"repeat","background-position":"center center","background-size":"auto","background-attachment":"scroll","background-type":"","background-media":"","overlay-type":"","overlay-color":"","overlay-opacity":"","overlay-gradient":""}},"ast-content-background-meta":{"desktop":{"background-color":"var(--ast-global-color-5)","background-image":"","background-repeat":"repeat","background-position":"center center","background-size":"auto","background-attachment":"scroll","background-type":"","background-media":"","overlay-type":"","overlay-color":"","overlay-opacity":"","overlay-gradient":""},"tablet":{"background-color":"var(--ast-global-color-5)","background-image":"","background-repeat":"repeat","background-position":"center center","background-size":"auto","background-attachment":"scroll","background-type":"","background-media":"","overlay-type":"","overlay-color":"","overlay-opacity":"","overlay-gradient":""},"mobile":{"background-color":"var(--ast-global-color-5)","background-image":"","background-repeat":"repeat","background-position":"center center","background-size":"auto","background-attachment":"scroll","background-type":"","background-media":"","overlay-type":"","overlay-color":"","overlay-opacity":"","overlay-gradient":""}}},"product_brand":[],"product_cat":[81,49],"product_tag":[80],"class_list":{"0":"post-8828","1":"product","2":"type-product","3":"status-publish","4":"has-post-thumbnail","6":"product_cat-hoody","7":"product_cat-kleidung","8":"product_tag-driftbastards-shirt-fullsend-2026","9":"product_shipping_class-leicht","10":"desktop-align-left","11":"tablet-align-left","12":"mobile-align-left","13":"ast-product-gallery-layout-vertical-slider","14":"ast-product-single-variable","15":"ast-product-tabs-layout-accordion","17":"first","18":"instock","19":"sale","20":"purchasable","21":"product-type-variable","22":"has-default-attributes"},"acf":[],"yoast_head":"<!-- This site is optimized with the Yoast SEO plugin v27.4 - https:\/\/yoast.com\/product\/yoast-seo-wordpress\/ -->\n<title>Neuer DriftBastards Hoody 2026<\/title>\n<meta name=\"description\" content=\"Der neuste DriftBastards Hoody ist jetzt f\u00fcr dich erh\u00e4ltlich. Neues Designe, 100% Made in Switzerland und garantier auff\u00e4llig, egal wo du bist!\" \/>\n<meta name=\"robots\" content=\"index, follow, max-snippet:-1, max-image-preview:large, max-video-preview:-1\" \/>\n<link rel=\"canonical\" href=\"https:\/\/driftbastards.com\/en\/product\/driftbastards-hoody-full-send-2026\/\" \/>\n<meta property=\"og:locale\" content=\"en_US\" \/>\n<meta property=\"og:type\" content=\"article\" \/>\n<meta property=\"og:title\" content=\"Neuer DriftBastards Hoody 2026\" \/>\n<meta property=\"og:description\" content=\"Der neuste DriftBastards Hoody ist jetzt f\u00fcr dich erh\u00e4ltlich. Neues Designe, 100% Made in Switzerland und garantier auff\u00e4llig, egal wo du bist!\" \/>\n<meta property=\"og:url\" content=\"https:\/\/driftbastards.com\/en\/product\/driftbastards-hoody-full-send-2026\/\" \/>\n<meta property=\"og:site_name\" content=\"DriftBastards\" \/>\n<meta property=\"article:publisher\" content=\"https:\/\/www.facebook.com\/driftbastards\/\" \/>\n<meta property=\"article:modified_time\" content=\"2026-04-21T17:08:47+00:00\" \/>\n<meta property=\"og:image\" content=\"https:\/\/driftbastards.com\/wp-content\/uploads\/2026\/04\/Datei_000-2-scaled.jpeg\" \/>\n\t<meta property=\"og:image:width\" content=\"1920\" \/>\n\t<meta property=\"og:image:height\" content=\"2560\" \/>\n\t<meta property=\"og:image:type\" content=\"image\/jpeg\" \/>\n<meta name=\"twitter:card\" content=\"summary_large_image\" \/>\n<meta name=\"twitter:label1\" content=\"Est. reading time\" \/>\n\t<meta name=\"twitter:data1\" content=\"1 minute\" \/>\n<script type=\"application\/ld+json\" class=\"yoast-schema-graph\">{\"@context\":\"https:\\\/\\\/schema.org\",\"@graph\":[{\"@type\":\"WebPage\",\"@id\":\"https:\\\/\\\/driftbastards.com\\\/produkt\\\/driftbastards-hoody-full-send-2026\\\/\",\"url\":\"https:\\\/\\\/driftbastards.com\\\/produkt\\\/driftbastards-hoody-full-send-2026\\\/\",\"name\":\"Neuer DriftBastards Hoody 2026\",\"isPartOf\":{\"@id\":\"https:\\\/\\\/driftbastards.com\\\/#website\"},\"primaryImageOfPage\":{\"@id\":\"https:\\\/\\\/driftbastards.com\\\/produkt\\\/driftbastards-hoody-full-send-2026\\\/#primaryimage\"},\"image\":{\"@id\":\"https:\\\/\\\/driftbastards.com\\\/produkt\\\/driftbastards-hoody-full-send-2026\\\/#primaryimage\"},\"thumbnailUrl\":\"https:\\\/\\\/driftbastards.com\\\/wp-content\\\/uploads\\\/2026\\\/04\\\/Datei_000-2-scaled.jpeg\",\"datePublished\":\"2026-04-14T20:03:25+00:00\",\"dateModified\":\"2026-04-21T17:08:47+00:00\",\"description\":\"Der neuste DriftBastards Hoody ist jetzt f\u00fcr dich erh\u00e4ltlich. Neues Designe, 100% Made in Switzerland und garantier auff\u00e4llig, egal wo du bist!\",\"breadcrumb\":{\"@id\":\"https:\\\/\\\/driftbastards.com\\\/produkt\\\/driftbastards-hoody-full-send-2026\\\/#breadcrumb\"},\"inLanguage\":\"en-US\",\"potentialAction\":[{\"@type\":\"ReadAction\",\"target\":[\"https:\\\/\\\/driftbastards.com\\\/produkt\\\/driftbastards-hoody-full-send-2026\\\/\"]}]},{\"@type\":\"ImageObject\",\"inLanguage\":\"en-US\",\"@id\":\"https:\\\/\\\/driftbastards.com\\\/produkt\\\/driftbastards-hoody-full-send-2026\\\/#primaryimage\",\"url\":\"https:\\\/\\\/driftbastards.com\\\/wp-content\\\/uploads\\\/2026\\\/04\\\/Datei_000-2-scaled.jpeg\",\"contentUrl\":\"https:\\\/\\\/driftbastards.com\\\/wp-content\\\/uploads\\\/2026\\\/04\\\/Datei_000-2-scaled.jpeg\",\"width\":1920,\"height\":2560},{\"@type\":\"BreadcrumbList\",\"@id\":\"https:\\\/\\\/driftbastards.com\\\/produkt\\\/driftbastards-hoody-full-send-2026\\\/#breadcrumb\",\"itemListElement\":[{\"@type\":\"ListItem\",\"position\":1,\"name\":\"Startseite\",\"item\":\"https:\\\/\\\/driftbastards.com\\\/\"},{\"@type\":\"ListItem\",\"position\":2,\"name\":\"Shop\",\"item\":\"https:\\\/\\\/driftbastards.com\\\/shop\\\/\"},{\"@type\":\"ListItem\",\"position\":3,\"name\":\"DriftBastards &#8211; Hoody FullSend 2026\"}]},{\"@type\":\"WebSite\",\"@id\":\"https:\\\/\\\/driftbastards.com\\\/#website\",\"url\":\"https:\\\/\\\/driftbastards.com\\\/\",\"name\":\"DriftBastards\",\"description\":\"Das verr\u00fcckteste DriftTeam der Schweiz\",\"publisher\":{\"@id\":\"https:\\\/\\\/driftbastards.com\\\/#organization\"},\"potentialAction\":[{\"@type\":\"SearchAction\",\"target\":{\"@type\":\"EntryPoint\",\"urlTemplate\":\"https:\\\/\\\/driftbastards.com\\\/?s={search_term_string}\"},\"query-input\":{\"@type\":\"PropertyValueSpecification\",\"valueRequired\":true,\"valueName\":\"search_term_string\"}}],\"inLanguage\":\"en-US\"},{\"@type\":\"Organization\",\"@id\":\"https:\\\/\\\/driftbastards.com\\\/#organization\",\"name\":\"DriftBastards\",\"url\":\"https:\\\/\\\/driftbastards.com\\\/\",\"logo\":{\"@type\":\"ImageObject\",\"inLanguage\":\"en-US\",\"@id\":\"https:\\\/\\\/driftbastards.com\\\/#\\\/schema\\\/logo\\\/image\\\/\",\"url\":\"https:\\\/\\\/driftbastards.com\\\/wp-content\\\/uploads\\\/2023\\\/12\\\/cropped-driftbastardslogo-red.webp\",\"contentUrl\":\"https:\\\/\\\/driftbastards.com\\\/wp-content\\\/uploads\\\/2023\\\/12\\\/cropped-driftbastardslogo-red.webp\",\"width\":217,\"height\":100,\"caption\":\"DriftBastards\"},\"image\":{\"@id\":\"https:\\\/\\\/driftbastards.com\\\/#\\\/schema\\\/logo\\\/image\\\/\"},\"sameAs\":[\"https:\\\/\\\/www.facebook.com\\\/driftbastards\\\/\",\"https:\\\/\\\/www.instagram.com\\\/driftbastards.ch\\\/\",\"https:\\\/\\\/www.youtube.com\\\/@DomenikZiiba\"]}]}<\/script>\n<!-- \/ Yoast SEO plugin. -->","yoast_head_json":{"title":"Neuer DriftBastards Hoody 2026","description":"Der neuste DriftBastards Hoody ist jetzt f\u00fcr dich erh\u00e4ltlich. Neues Designe, 100% Made in Switzerland und garantier auff\u00e4llig, egal wo du bist!","robots":{"index":"index","follow":"follow","max-snippet":"max-snippet:-1","max-image-preview":"max-image-preview:large","max-video-preview":"max-video-preview:-1"},"canonical":"https:\/\/driftbastards.com\/en\/product\/driftbastards-hoody-full-send-2026\/","og_locale":"en_US","og_type":"article","og_title":"Neuer DriftBastards Hoody 2026","og_description":"Der neuste DriftBastards Hoody ist jetzt f\u00fcr dich erh\u00e4ltlich. Neues Designe, 100% Made in Switzerland und garantier auff\u00e4llig, egal wo du bist!","og_url":"https:\/\/driftbastards.com\/en\/product\/driftbastards-hoody-full-send-2026\/","og_site_name":"DriftBastards","article_publisher":"https:\/\/www.facebook.com\/driftbastards\/","article_modified_time":"2026-04-21T17:08:47+00:00","og_image":[{"width":1920,"height":2560,"url":"https:\/\/driftbastards.com\/wp-content\/uploads\/2026\/04\/Datei_000-2-scaled.jpeg","type":"image\/jpeg"}],"twitter_card":"summary_large_image","twitter_misc":{"Est. reading time":"1 minute"},"schema":{"@context":"https:\/\/schema.org","@graph":[{"@type":"WebPage","@id":"https:\/\/driftbastards.com\/produkt\/driftbastards-hoody-full-send-2026\/","url":"https:\/\/driftbastards.com\/produkt\/driftbastards-hoody-full-send-2026\/","name":"Neuer DriftBastards Hoody 2026","isPartOf":{"@id":"https:\/\/driftbastards.com\/#website"},"primaryImageOfPage":{"@id":"https:\/\/driftbastards.com\/produkt\/driftbastards-hoody-full-send-2026\/#primaryimage"},"image":{"@id":"https:\/\/driftbastards.com\/produkt\/driftbastards-hoody-full-send-2026\/#primaryimage"},"thumbnailUrl":"https:\/\/driftbastards.com\/wp-content\/uploads\/2026\/04\/Datei_000-2-scaled.jpeg","datePublished":"2026-04-14T20:03:25+00:00","dateModified":"2026-04-21T17:08:47+00:00","description":"Der neuste DriftBastards Hoody ist jetzt f\u00fcr dich erh\u00e4ltlich. Neues Designe, 100% Made in Switzerland und garantier auff\u00e4llig, egal wo du bist!","breadcrumb":{"@id":"https:\/\/driftbastards.com\/produkt\/driftbastards-hoody-full-send-2026\/#breadcrumb"},"inLanguage":"en-US","potentialAction":[{"@type":"ReadAction","target":["https:\/\/driftbastards.com\/produkt\/driftbastards-hoody-full-send-2026\/"]}]},{"@type":"ImageObject","inLanguage":"en-US","@id":"https:\/\/driftbastards.com\/produkt\/driftbastards-hoody-full-send-2026\/#primaryimage","url":"https:\/\/driftbastards.com\/wp-content\/uploads\/2026\/04\/Datei_000-2-scaled.jpeg","contentUrl":"https:\/\/driftbastards.com\/wp-content\/uploads\/2026\/04\/Datei_000-2-scaled.jpeg","width":1920,"height":2560},{"@type":"BreadcrumbList","@id":"https:\/\/driftbastards.com\/produkt\/driftbastards-hoody-full-send-2026\/#breadcrumb","itemListElement":[{"@type":"ListItem","position":1,"name":"Startseite","item":"https:\/\/driftbastards.com\/"},{"@type":"ListItem","position":2,"name":"Shop","item":"https:\/\/driftbastards.com\/shop\/"},{"@type":"ListItem","position":3,"name":"DriftBastards &#8211; Hoody FullSend 2026"}]},{"@type":"WebSite","@id":"https:\/\/driftbastards.com\/#website","url":"https:\/\/driftbastards.com\/","name":"DriftBastards","description":"Das verr\u00fcckteste DriftTeam der Schweiz","publisher":{"@id":"https:\/\/driftbastards.com\/#organization"},"potentialAction":[{"@type":"SearchAction","target":{"@type":"EntryPoint","urlTemplate":"https:\/\/driftbastards.com\/?s={search_term_string}"},"query-input":{"@type":"PropertyValueSpecification","valueRequired":true,"valueName":"search_term_string"}}],"inLanguage":"en-US"},{"@type":"Organization","@id":"https:\/\/driftbastards.com\/#organization","name":"DriftBastards","url":"https:\/\/driftbastards.com\/","logo":{"@type":"ImageObject","inLanguage":"en-US","@id":"https:\/\/driftbastards.com\/#\/schema\/logo\/image\/","url":"https:\/\/driftbastards.com\/wp-content\/uploads\/2023\/12\/cropped-driftbastardslogo-red.webp","contentUrl":"https:\/\/driftbastards.com\/wp-content\/uploads\/2023\/12\/cropped-driftbastardslogo-red.webp","width":217,"height":100,"caption":"DriftBastards"},"image":{"@id":"https:\/\/driftbastards.com\/#\/schema\/logo\/image\/"},"sameAs":["https:\/\/www.facebook.com\/driftbastards\/","https:\/\/www.instagram.com\/driftbastards.ch\/","https:\/\/www.youtube.com\/@DomenikZiiba"]}]}},"jetpack_sharing_enabled":true,"jetpack-related-posts":[{"id":8814,"url":"https:\/\/driftbastards.com\/en\/product\/driftbastards-shirt-fullsend-2026\/","url_meta":{"origin":8828,"position":0},"title":"DriftBastards &#8211; Shirt FullSend 2026","author":"DriftBastards","date":"14. April 2026","format":false,"excerpt":"Das neuste DriftBastards Shirt ist da!! 100% Baumwolle Hergestellt in der Schweiz","rel":"","context":"Similar post","block_context":{"text":"Similar post","link":""},"img":{"alt_text":"","src":"https:\/\/i0.wp.com\/driftbastards.com\/wp-content\/uploads\/2026\/04\/Shirt2026-Ruecken.jpg?resize=350%2C200&ssl=1","width":350,"height":200,"srcset":"https:\/\/i0.wp.com\/driftbastards.com\/wp-content\/uploads\/2026\/04\/Shirt2026-Ruecken.jpg?resize=350%2C200&ssl=1 1x, https:\/\/i0.wp.com\/driftbastards.com\/wp-content\/uploads\/2026\/04\/Shirt2026-Ruecken.jpg?resize=525%2C300&ssl=1 1.5x"},"classes":[]},{"id":7483,"url":"https:\/\/driftbastards.com\/en\/product\/driftbastards-shirt-bastards2025\/","url_meta":{"origin":8828,"position":1},"title":"DriftBastards &#8211; Shirt Bastards2025","author":"DriftBastards","date":"23. April 2025","format":false,"excerpt":"100% Baumwolle Hergestellt in der Schweiz","rel":"","context":"Similar post","block_context":{"text":"Similar post","link":""},"img":{"alt_text":"","src":"https:\/\/i0.wp.com\/driftbastards.com\/wp-content\/uploads\/2025\/04\/Shirt-Bastards2025-R.png?resize=350%2C200&ssl=1","width":350,"height":200,"srcset":"https:\/\/i0.wp.com\/driftbastards.com\/wp-content\/uploads\/2025\/04\/Shirt-Bastards2025-R.png?resize=350%2C200&ssl=1 1x, https:\/\/i0.wp.com\/driftbastards.com\/wp-content\/uploads\/2025\/04\/Shirt-Bastards2025-R.png?resize=525%2C300&ssl=1 1.5x, https:\/\/i0.wp.com\/driftbastards.com\/wp-content\/uploads\/2025\/04\/Shirt-Bastards2025-R.png?resize=700%2C400&ssl=1 2x, https:\/\/i0.wp.com\/driftbastards.com\/wp-content\/uploads\/2025\/04\/Shirt-Bastards2025-R.png?resize=1050%2C600&ssl=1 3x, https:\/\/i0.wp.com\/driftbastards.com\/wp-content\/uploads\/2025\/04\/Shirt-Bastards2025-R.png?resize=1400%2C800&ssl=1 4x"},"classes":[]},{"id":7474,"url":"https:\/\/driftbastards.com\/en\/product\/driftbastards-shirt-s13-2025\/","url_meta":{"origin":8828,"position":2},"title":"DriftBastards &#8211; Shirt S13 2025","author":"DriftBastards","date":"23. April 2025","format":false,"excerpt":"100% Baumwolle Hergestellt in der Schweiz","rel":"","context":"Similar post","block_context":{"text":"Similar post","link":""},"img":{"alt_text":"","src":"https:\/\/i0.wp.com\/driftbastards.com\/wp-content\/uploads\/2025\/04\/Shirt_S13_2025-R.png?resize=350%2C200&ssl=1","width":350,"height":200,"srcset":"https:\/\/i0.wp.com\/driftbastards.com\/wp-content\/uploads\/2025\/04\/Shirt_S13_2025-R.png?resize=350%2C200&ssl=1 1x, https:\/\/i0.wp.com\/driftbastards.com\/wp-content\/uploads\/2025\/04\/Shirt_S13_2025-R.png?resize=525%2C300&ssl=1 1.5x, https:\/\/i0.wp.com\/driftbastards.com\/wp-content\/uploads\/2025\/04\/Shirt_S13_2025-R.png?resize=700%2C400&ssl=1 2x, https:\/\/i0.wp.com\/driftbastards.com\/wp-content\/uploads\/2025\/04\/Shirt_S13_2025-R.png?resize=1050%2C600&ssl=1 3x, https:\/\/i0.wp.com\/driftbastards.com\/wp-content\/uploads\/2025\/04\/Shirt_S13_2025-R.png?resize=1400%2C800&ssl=1 4x"},"classes":[]},{"id":6790,"url":"https:\/\/driftbastards.com\/en\/product\/driftbastards-shirt2024\/","url_meta":{"origin":8828,"position":3},"title":"DriftBastards &#8211; Shirt2024","author":"DriftBastards","date":"29. May 2024","format":false,"excerpt":"\u00a0 *** Aktions Preis auf Restgr\u00f6ssen XL und XXL, noch so lange Vorrat!!! *** 100% Baumwolle Hergestellt in der Schweiz","rel":"","context":"Similar post","block_context":{"text":"Similar post","link":""},"img":{"alt_text":"","src":"https:\/\/i0.wp.com\/driftbastards.com\/wp-content\/uploads\/2024\/05\/Muster-Ruecken-.png?resize=350%2C200&ssl=1","width":350,"height":200,"srcset":"https:\/\/i0.wp.com\/driftbastards.com\/wp-content\/uploads\/2024\/05\/Muster-Ruecken-.png?resize=350%2C200&ssl=1 1x, https:\/\/i0.wp.com\/driftbastards.com\/wp-content\/uploads\/2024\/05\/Muster-Ruecken-.png?resize=525%2C300&ssl=1 1.5x, https:\/\/i0.wp.com\/driftbastards.com\/wp-content\/uploads\/2024\/05\/Muster-Ruecken-.png?resize=700%2C400&ssl=1 2x, https:\/\/i0.wp.com\/driftbastards.com\/wp-content\/uploads\/2024\/05\/Muster-Ruecken-.png?resize=1050%2C600&ssl=1 3x, https:\/\/i0.wp.com\/driftbastards.com\/wp-content\/uploads\/2024\/05\/Muster-Ruecken-.png?resize=1400%2C800&ssl=1 4x"},"classes":[]},{"id":2662,"url":"https:\/\/driftbastards.com\/en\/product\/driftbastards-tomodori-fan-shirt\/","url_meta":{"origin":8828,"position":4},"title":"DriftBastards &#8211; Tomodori Fan Shirt","author":"DriftBastards","date":"20. December 2023","format":false,"excerpt":"100% Baumwolle Hergestellt in der Schweiz","rel":"","context":"Similar post","block_context":{"text":"Similar post","link":""},"img":{"alt_text":"","src":"https:\/\/i0.wp.com\/driftbastards.com\/wp-content\/uploads\/2023\/12\/Unbenannt-128.png?resize=350%2C200&ssl=1","width":350,"height":200,"srcset":"https:\/\/i0.wp.com\/driftbastards.com\/wp-content\/uploads\/2023\/12\/Unbenannt-128.png?resize=350%2C200&ssl=1 1x, https:\/\/i0.wp.com\/driftbastards.com\/wp-content\/uploads\/2023\/12\/Unbenannt-128.png?resize=525%2C300&ssl=1 1.5x, https:\/\/i0.wp.com\/driftbastards.com\/wp-content\/uploads\/2023\/12\/Unbenannt-128.png?resize=700%2C400&ssl=1 2x, https:\/\/i0.wp.com\/driftbastards.com\/wp-content\/uploads\/2023\/12\/Unbenannt-128.png?resize=1050%2C600&ssl=1 3x, https:\/\/i0.wp.com\/driftbastards.com\/wp-content\/uploads\/2023\/12\/Unbenannt-128.png?resize=1400%2C800&ssl=1 4x"},"classes":[]},{"id":2673,"url":"https:\/\/driftbastards.com\/en\/product\/driftbastards-fan-shirt-logo-banner\/","url_meta":{"origin":8828,"position":5},"title":"DriftBastards Fan Shirt with Logo &amp; Banner","author":"DriftBastards","date":"20. December 2023","format":false,"excerpt":"100% Baumwolle Hergestellt in der Schweiz","rel":"","context":"Similar post","block_context":{"text":"Similar post","link":""},"img":{"alt_text":"","src":"https:\/\/i0.wp.com\/driftbastards.com\/wp-content\/uploads\/2023\/12\/Shirt03_hinten-scaled.webp?resize=350%2C200&ssl=1","width":350,"height":200,"srcset":"https:\/\/i0.wp.com\/driftbastards.com\/wp-content\/uploads\/2023\/12\/Shirt03_hinten-scaled.webp?resize=350%2C200&ssl=1 1x, https:\/\/i0.wp.com\/driftbastards.com\/wp-content\/uploads\/2023\/12\/Shirt03_hinten-scaled.webp?resize=525%2C300&ssl=1 1.5x, https:\/\/i0.wp.com\/driftbastards.com\/wp-content\/uploads\/2023\/12\/Shirt03_hinten-scaled.webp?resize=700%2C400&ssl=1 2x, https:\/\/i0.wp.com\/driftbastards.com\/wp-content\/uploads\/2023\/12\/Shirt03_hinten-scaled.webp?resize=1050%2C600&ssl=1 3x, https:\/\/i0.wp.com\/driftbastards.com\/wp-content\/uploads\/2023\/12\/Shirt03_hinten-scaled.webp?resize=1400%2C800&ssl=1 4x"},"classes":[]}],"_links":{"self":[{"href":"https:\/\/driftbastards.com\/en\/wp-json\/wp\/v2\/product\/8828","targetHints":{"allow":["GET"]}}],"collection":[{"href":"https:\/\/driftbastards.com\/en\/wp-json\/wp\/v2\/product"}],"about":[{"href":"https:\/\/driftbastards.com\/en\/wp-json\/wp\/v2\/types\/product"}],"replies":[{"embeddable":true,"href":"https:\/\/driftbastards.com\/en\/wp-json\/wp\/v2\/comments?post=8828"}],"wp:featuredmedia":[{"embeddable":true,"href":"https:\/\/driftbastards.com\/en\/wp-json\/wp\/v2\/media\/8914"}],"wp:attachment":[{"href":"https:\/\/driftbastards.com\/en\/wp-json\/wp\/v2\/media?parent=8828"}],"wp:term":[{"taxonomy":"product_brand","embeddable":true,"href":"https:\/\/driftbastards.com\/en\/wp-json\/wp\/v2\/product_brand?post=8828"},{"taxonomy":"product_cat","embeddable":true,"href":"https:\/\/driftbastards.com\/en\/wp-json\/wp\/v2\/product_cat?post=8828"},{"taxonomy":"product_tag","embeddable":true,"href":"https:\/\/driftbastards.com\/en\/wp-json\/wp\/v2\/product_tag?post=8828"}],"curies":[{"name":"wp","href":"https:\/\/api.w.org\/{rel}","templated":true}]}}